{"id":13543,"date":"2025-12-06T10:29:13","date_gmt":"2025-12-06T10:29:13","guid":{"rendered":"https:\/\/europesstore.com\/?post_type=product&#038;p=13543"},"modified":"2025-12-06T10:29:13","modified_gmt":"2025-12-06T10:29:13","slug":"zara-corel-cassis-eau-de-kadin-tester-parfum-100-ml","status":"publish","type":"product","link":"https:\/\/www.europesstore.com\/en\/product\/zara-corel-cassis-eau-de-kadin-tester-parfum-100-ml\/","title":{"rendered":"Zara Corel Cassis- Eau de Kad\u0131n Tester Parf\u00fcm 100 ML"},"content":{"rendered":"<p><span style=\"font-family:Poppins, sans-serif;font-size:14px\"><span style=\"float:none;font-style:normal;font-weight:400;letter-spacing:0.07px;text-align:start;text-indent:0px;text-transform:none\">Zara Coral Cass\u0131s 100ml Bayan Parf\u00fcm kullan\u0131m\u0131 ile herkesten ayr\u0131 bir cazibeye sahip olabilirsiniz. Parf\u00fcm\u00fcn kullan\u0131m\u0131ndan b\u00fcy\u00fck ho\u015fnutluk duyacak ve her zaman oldu\u011funuzdan daha s\u0131cak ve \u00e7ekici olacaks\u0131n\u0131z. Ayn\u0131 zamanda, bu markal\u0131 parf\u00fcm sadece cildinize de\u011fil, ruh halinize ve beyninize de tamamen yeni bir deneyim ya\u015fayacaks\u0131n\u0131z.<\/span><\/span><\/p>","protected":false},"excerpt":{"rendered":"<p>Zara Coral Cass\u0131s 100ml Bayan Parf\u00fcm kullan\u0131m\u0131 ile herkesten ayr\u0131 bir cazibeye sahip olabilirsiniz. Parf\u00fcm\u00fcn kullan\u0131m\u0131ndan b\u00fcy\u00fck ho\u015fnutluk duyacak ve her zaman oldu\u011funuzdan daha s\u0131cak ve \u00e7ekici olacaks\u0131n\u0131z. Ayn\u0131 zamanda, bu markal\u0131 parf\u00fcm sadece cildinize de\u011fil, ruh halinize ve beyninize de tamamen yeni bir deneyim ya\u015fayacaks\u0131n\u0131z.<\/p>","protected":false},"featured_media":13587,"comment_status":"open","ping_status":"closed","template":"","meta":[],"product_brand":[],"product_cat":[144,112],"product_tag":[],"class_list":{"0":"post-13543","1":"product","2":"type-product","3":"status-publish","4":"has-post-thumbnail","6":"product_cat-ithal-kadin-parfum","7":"product_cat-ithal-parfum","9":"first","10":"instock","11":"sale","12":"shipping-taxable","13":"purchasable","14":"product-type-simple"},"jetpack_sharing_enabled":true,"_links":{"self":[{"href":"https:\/\/www.europesstore.com\/en\/wp-json\/wp\/v2\/product\/13543","targetHints":{"allow":["GET"]}}],"collection":[{"href":"https:\/\/www.europesstore.com\/en\/wp-json\/wp\/v2\/product"}],"about":[{"href":"https:\/\/www.europesstore.com\/en\/wp-json\/wp\/v2\/types\/product"}],"replies":[{"embeddable":true,"href":"https:\/\/www.europesstore.com\/en\/wp-json\/wp\/v2\/comments?post=13543"}],"wp:featuredmedia":[{"embeddable":true,"href":"https:\/\/www.europesstore.com\/en\/wp-json\/wp\/v2\/media\/13587"}],"wp:attachment":[{"href":"https:\/\/www.europesstore.com\/en\/wp-json\/wp\/v2\/media?parent=13543"}],"wp:term":[{"taxonomy":"product_brand","embeddable":true,"href":"https:\/\/www.europesstore.com\/en\/wp-json\/wp\/v2\/product_brand?post=13543"},{"taxonomy":"product_cat","embeddable":true,"href":"https:\/\/www.europesstore.com\/en\/wp-json\/wp\/v2\/product_cat?post=13543"},{"taxonomy":"product_tag","embeddable":true,"href":"https:\/\/www.europesstore.com\/en\/wp-json\/wp\/v2\/product_tag?post=13543"}],"curies":[{"name":"wp","href":"https:\/\/api.w.org\/{rel}","templated":true}]}}