{"id":13544,"date":"2025-12-06T10:29:13","date_gmt":"2025-12-06T10:29:13","guid":{"rendered":"https:\/\/europesstore.com\/?post_type=product&#038;p=13544"},"modified":"2025-12-06T10:29:13","modified_gmt":"2025-12-06T10:29:13","slug":"zara-oriantel-eau-de-kadin-tester-parfum-100-ml","status":"publish","type":"product","link":"https:\/\/www.europesstore.com\/en\/product\/zara-oriantel-eau-de-kadin-tester-parfum-100-ml\/","title":{"rendered":"Zara Or\u0131antel- Eau de Kad\u0131n Tester Parf\u00fcm 100 ML"},"content":{"rendered":"<p><span style=\"font-size:13px\"><span style=\"float:none;font-style:normal;font-weight:300;letter-spacing:0.4px;text-align:start;text-indent:0px;text-transform:none\">\u015e\u0131k ve b\u00fcy\u00fcleyici, feminenli\u011fi ortaya \u00e7\u0131karan oryantal bir koku. Koku, karamel ve vanilya akoruyla sarmalanm\u0131\u015f bergamot ve tatl\u0131 portakal\u0131n ferah notalar\u0131n\u0131 bar\u0131nd\u0131r\u0131yor. Koku notalar\u0131, narenciye ve tatl\u0131lar aras\u0131nda kusursuz bir denge olu\u015fturmak i\u00e7in harmanlanm\u0131\u015f<\/span><\/span><\/p>","protected":false},"excerpt":{"rendered":"<p>\u015e\u0131k ve b\u00fcy\u00fcleyici, feminenli\u011fi ortaya \u00e7\u0131karan oryantal bir koku. Koku, karamel ve vanilya akoruyla sarmalanm\u0131\u015f bergamot ve tatl\u0131 portakal\u0131n ferah notalar\u0131n\u0131 bar\u0131nd\u0131r\u0131yor. Koku notalar\u0131, narenciye ve tatl\u0131lar aras\u0131nda kusursuz bir denge olu\u015fturmak i\u00e7in harmanlanm\u0131\u015f<\/p>","protected":false},"featured_media":13588,"comment_status":"open","ping_status":"closed","template":"","meta":[],"product_brand":[],"product_cat":[112],"product_tag":[],"class_list":{"0":"post-13544","1":"product","2":"type-product","3":"status-publish","4":"has-post-thumbnail","6":"product_cat-ithal-parfum","8":"first","9":"instock","10":"sale","11":"shipping-taxable","12":"purchasable","13":"product-type-simple"},"jetpack_sharing_enabled":true,"_links":{"self":[{"href":"https:\/\/www.europesstore.com\/en\/wp-json\/wp\/v2\/product\/13544","targetHints":{"allow":["GET"]}}],"collection":[{"href":"https:\/\/www.europesstore.com\/en\/wp-json\/wp\/v2\/product"}],"about":[{"href":"https:\/\/www.europesstore.com\/en\/wp-json\/wp\/v2\/types\/product"}],"replies":[{"embeddable":true,"href":"https:\/\/www.europesstore.com\/en\/wp-json\/wp\/v2\/comments?post=13544"}],"wp:featuredmedia":[{"embeddable":true,"href":"https:\/\/www.europesstore.com\/en\/wp-json\/wp\/v2\/media\/13588"}],"wp:attachment":[{"href":"https:\/\/www.europesstore.com\/en\/wp-json\/wp\/v2\/media?parent=13544"}],"wp:term":[{"taxonomy":"product_brand","embeddable":true,"href":"https:\/\/www.europesstore.com\/en\/wp-json\/wp\/v2\/product_brand?post=13544"},{"taxonomy":"product_cat","embeddable":true,"href":"https:\/\/www.europesstore.com\/en\/wp-json\/wp\/v2\/product_cat?post=13544"},{"taxonomy":"product_tag","embeddable":true,"href":"https:\/\/www.europesstore.com\/en\/wp-json\/wp\/v2\/product_tag?post=13544"}],"curies":[{"name":"wp","href":"https:\/\/api.w.org\/{rel}","templated":true}]}}