{"id":13558,"date":"2025-12-06T10:29:12","date_gmt":"2025-12-06T10:29:12","guid":{"rendered":"https:\/\/europesstore.com\/?post_type=product&#038;p=13558"},"modified":"2025-12-06T10:29:12","modified_gmt":"2025-12-06T10:29:12","slug":"montale-dark-purple-eau-de-unisex-tester-parfum-100-ml","status":"publish","type":"product","link":"https:\/\/www.europesstore.com\/en\/product\/montale-dark-purple-eau-de-unisex-tester-parfum-100-ml\/","title":{"rendered":"Montale Dark Purple &#8211; Eau de Unisex Tester Parf\u00fcm 100 ML"},"content":{"rendered":"<div style=\"--tw-blur:;--tw-border-opacity:1;--tw-brightness:;--tw-contrast:;--tw-drop-shadow:;--tw-filter:;--tw-grayscale:;--tw-hue-rotate:;--tw-invert:;--tw-ring-offset-shadow:0 0 #0000;--tw-ring-shadow:0 0 #0000;--tw-rotate:0;--tw-saturate:;--tw-scale-x:1;--tw-scale-y:1;--tw-sepia:;--tw-shadow:0 0 #0000;--tw-skew-x:0;--tw-skew-y:0;--tw-translate-x:0;--tw-translate-y:0;, Arial, sans-serif;font-size:13px;font-style:normal;font-weight:400;letter-spacing:normal;margin:0px;padding:0px;text-align:start;text-indent:0px;text-transform:none\"><span style=\"color:#000000\"><b style=\"--tw-blur:;--tw-border-opacity:1;--tw-brightness:;--tw-contrast:;--tw-drop-shadow:;--tw-filter:;--tw-grayscale:;--tw-hue-rotate:;--tw-invert:;--tw-ring-offset-shadow:0 0 #0000;--tw-ring-shadow:0 0 #0000;--tw-rotate:0;--tw-saturate:;--tw-scale-x:1;--tw-scale-y:1;--tw-sepia:;--tw-shadow:0 0 #0000;--tw-skew-x:0;--tw-skew-y:0;--tw-translate-x:0;--tw-translate-y:0;font-weight:bolder;margin:0px;padding:0px\"><font style=\"--tw-blur:;--tw-border-opacity:1;--tw-brightness:;--tw-contrast:;--tw-drop-shadow:;--tw-filter:;--tw-grayscale:;--tw-hue-rotate:;--tw-invert:;--tw-ring-offset-shadow:0 0 #0000;--tw-ring-shadow:0 0 #0000;--tw-rotate:0;--tw-saturate:;--tw-scale-x:1;--tw-scale-y:1;--tw-sepia:;--tw-shadow:0 0 #0000;--tw-skew-x:0;--tw-skew-y:0;--tw-translate-x:0;--tw-translate-y:0;margin:0px;padding:0px\"><i style=\"--tw-blur:;--tw-border-opacity:1;--tw-brightness:;--tw-contrast:;--tw-drop-shadow:;--tw-filter:;--tw-grayscale:;--tw-hue-rotate:;--tw-invert:;--tw-ring-offset-shadow:0 0 #0000;--tw-ring-shadow:0 0 #0000;--tw-rotate:0;--tw-saturate:;--tw-scale-x:1;--tw-scale-y:1;--tw-sepia:;--tw-shadow:0 0 #0000;--tw-skew-x:0;--tw-skew-y:0;--tw-translate-x:0;--tw-translate-y:0;margin:0px;padding:0px\"><strong>Koku Profili :<\/strong><\/i><\/font><\/b><\/span><\/div>\n<p data-start=\"0\" data-end=\"163\">Karanl\u0131k, toprak tonlu ve g\u00f6rkemli Misk ile Pa\u00e7uli taban\u0131 \u00fczerine oturan \u00e7i\u00e7eksi ve i\u015ftah a\u00e7\u0131c\u0131 notalar, erik ve ba\u015f d\u00f6nd\u00fcr\u00fcc\u00fc g\u00fcllerden olu\u015fan \u00fcst notalar\u0131 sarar.<\/p>\n<p data-start=\"165\" data-end=\"270\" data-is-last-node=\"\" data-is-only-node=\"\">Bu koku; duyusal, oriental (do\u011fulu) ve b\u00fcy\u00fcleyici yap\u0131s\u0131yla cesur ruhlar\u0131 ba\u015ftan \u00e7\u0131karacak bir parf\u00fcmd\u00fcr<\/p>","protected":false},"excerpt":{"rendered":"<p>Koku Profili : Karanl\u0131k, toprak tonlu ve g\u00f6rkemli Misk ile Pa\u00e7uli taban\u0131 \u00fczerine oturan \u00e7i\u00e7eksi ve i\u015ftah a\u00e7\u0131c\u0131 notalar, erik ve ba\u015f d\u00f6nd\u00fcr\u00fcc\u00fc g\u00fcllerden olu\u015fan \u00fcst notalar\u0131 sarar. Bu koku; duyusal, oriental (do\u011fulu) ve b\u00fcy\u00fcleyici yap\u0131s\u0131yla cesur ruhlar\u0131 ba\u015ftan \u00e7\u0131karacak bir parf\u00fcmd\u00fcr<\/p>","protected":false},"featured_media":13595,"comment_status":"open","ping_status":"closed","template":"","meta":[],"product_brand":[],"product_cat":[112,150],"product_tag":[],"class_list":{"0":"post-13558","1":"product","2":"type-product","3":"status-publish","4":"has-post-thumbnail","6":"product_cat-ithal-parfum","7":"product_cat-ithal-unisex-parfum","9":"first","10":"instock","11":"sale","12":"shipping-taxable","13":"purchasable","14":"product-type-simple"},"jetpack_sharing_enabled":true,"_links":{"self":[{"href":"https:\/\/www.europesstore.com\/en\/wp-json\/wp\/v2\/product\/13558","targetHints":{"allow":["GET"]}}],"collection":[{"href":"https:\/\/www.europesstore.com\/en\/wp-json\/wp\/v2\/product"}],"about":[{"href":"https:\/\/www.europesstore.com\/en\/wp-json\/wp\/v2\/types\/product"}],"replies":[{"embeddable":true,"href":"https:\/\/www.europesstore.com\/en\/wp-json\/wp\/v2\/comments?post=13558"}],"wp:featuredmedia":[{"embeddable":true,"href":"https:\/\/www.europesstore.com\/en\/wp-json\/wp\/v2\/media\/13595"}],"wp:attachment":[{"href":"https:\/\/www.europesstore.com\/en\/wp-json\/wp\/v2\/media?parent=13558"}],"wp:term":[{"taxonomy":"product_brand","embeddable":true,"href":"https:\/\/www.europesstore.com\/en\/wp-json\/wp\/v2\/product_brand?post=13558"},{"taxonomy":"product_cat","embeddable":true,"href":"https:\/\/www.europesstore.com\/en\/wp-json\/wp\/v2\/product_cat?post=13558"},{"taxonomy":"product_tag","embeddable":true,"href":"https:\/\/www.europesstore.com\/en\/wp-json\/wp\/v2\/product_tag?post=13558"}],"curies":[{"name":"wp","href":"https:\/\/api.w.org\/{rel}","templated":true}]}}