{"id":14969,"date":"2025-12-31T15:29:43","date_gmt":"2025-12-31T15:29:43","guid":{"rendered":"https:\/\/www.europesstore.com\/?post_type=product&#038;p=14969"},"modified":"2025-12-31T15:32:18","modified_gmt":"2025-12-31T15:32:18","slug":"miu-miu-54zs-zvn50d-seffaf-kadin-gunes-gozlugu","status":"publish","type":"product","link":"https:\/\/www.europesstore.com\/en\/product\/miu-miu-54zs-zvn50d-seffaf-kadin-gunes-gozlugu\/","title":{"rendered":"MIU MIU 54ZS ZVN50D \u015eeffaf Kad\u0131n G\u00fcne\u015f G\u00f6zl\u00fc\u011f\u00fc"},"content":{"rendered":"<p>\u0130thal Original G&ouml;zl&uuml;k + Kutu + Sertifika<\/p>\n<p>Full Set G&ouml;zl&uuml;k<\/p>","protected":false},"excerpt":{"rendered":"<p>&#8212;&#8212;&#8212;&#8211;<\/p>","protected":false},"featured_media":15052,"comment_status":"closed","ping_status":"closed","template":"","meta":[],"product_brand":[],"product_cat":[950],"product_tag":[951],"class_list":{"0":"post-14969","1":"product","2":"type-product","3":"status-publish","4":"has-post-thumbnail","6":"product_cat-gozluk","7":"product_tag-gozluk","9":"first","10":"outofstock","11":"sale","12":"featured","13":"shipping-taxable","14":"purchasable","15":"product-type-simple"},"jetpack_sharing_enabled":true,"_links":{"self":[{"href":"https:\/\/www.europesstore.com\/en\/wp-json\/wp\/v2\/product\/14969","targetHints":{"allow":["GET"]}}],"collection":[{"href":"https:\/\/www.europesstore.com\/en\/wp-json\/wp\/v2\/product"}],"about":[{"href":"https:\/\/www.europesstore.com\/en\/wp-json\/wp\/v2\/types\/product"}],"replies":[{"embeddable":true,"href":"https:\/\/www.europesstore.com\/en\/wp-json\/wp\/v2\/comments?post=14969"}],"wp:featuredmedia":[{"embeddable":true,"href":"https:\/\/www.europesstore.com\/en\/wp-json\/wp\/v2\/media\/15052"}],"wp:attachment":[{"href":"https:\/\/www.europesstore.com\/en\/wp-json\/wp\/v2\/media?parent=14969"}],"wp:term":[{"taxonomy":"product_brand","embeddable":true,"href":"https:\/\/www.europesstore.com\/en\/wp-json\/wp\/v2\/product_brand?post=14969"},{"taxonomy":"product_cat","embeddable":true,"href":"https:\/\/www.europesstore.com\/en\/wp-json\/wp\/v2\/product_cat?post=14969"},{"taxonomy":"product_tag","embeddable":true,"href":"https:\/\/www.europesstore.com\/en\/wp-json\/wp\/v2\/product_tag?post=14969"}],"curies":[{"name":"wp","href":"https:\/\/api.w.org\/{rel}","templated":true}]}}