{"id":15031,"date":"2025-12-31T15:31:33","date_gmt":"2025-12-31T15:31:33","guid":{"rendered":"https:\/\/www.europesstore.com\/?post_type=product&#038;p=15031"},"modified":"2025-12-31T15:36:36","modified_gmt":"2025-12-31T15:36:36","slug":"saint-laurent-2024-original","status":"publish","type":"product","link":"https:\/\/www.europesstore.com\/en\/product\/saint-laurent-2024-original\/","title":{"rendered":"SA\u0130NT LAURENT 2024 ( OR\u0130G\u0130NAL)"},"content":{"rendered":"<p>&uuml;r&uuml;nleri ithal yurt d\u0131\u015f\u0131d\u0131r. 50 ekartmand\u0131r&nbsp;<\/p>","protected":false},"excerpt":{"rendered":"<p>&uuml;r&uuml;nler ithal yurt d\u0131\u015f\u0131 &uuml;r&uuml;nlerdir originaldir&nbsp;<\/p>","protected":false},"featured_media":15145,"comment_status":"closed","ping_status":"closed","template":"","meta":[],"product_brand":[],"product_cat":[950],"product_tag":[],"class_list":{"0":"post-15031","1":"product","2":"type-product","3":"status-publish","4":"has-post-thumbnail","6":"product_cat-gozluk","8":"first","9":"outofstock","10":"sale","11":"shipping-taxable","12":"purchasable","13":"product-type-simple"},"jetpack_sharing_enabled":true,"_links":{"self":[{"href":"https:\/\/www.europesstore.com\/en\/wp-json\/wp\/v2\/product\/15031","targetHints":{"allow":["GET"]}}],"collection":[{"href":"https:\/\/www.europesstore.com\/en\/wp-json\/wp\/v2\/product"}],"about":[{"href":"https:\/\/www.europesstore.com\/en\/wp-json\/wp\/v2\/types\/product"}],"replies":[{"embeddable":true,"href":"https:\/\/www.europesstore.com\/en\/wp-json\/wp\/v2\/comments?post=15031"}],"wp:featuredmedia":[{"embeddable":true,"href":"https:\/\/www.europesstore.com\/en\/wp-json\/wp\/v2\/media\/15145"}],"wp:attachment":[{"href":"https:\/\/www.europesstore.com\/en\/wp-json\/wp\/v2\/media?parent=15031"}],"wp:term":[{"taxonomy":"product_brand","embeddable":true,"href":"https:\/\/www.europesstore.com\/en\/wp-json\/wp\/v2\/product_brand?post=15031"},{"taxonomy":"product_cat","embeddable":true,"href":"https:\/\/www.europesstore.com\/en\/wp-json\/wp\/v2\/product_cat?post=15031"},{"taxonomy":"product_tag","embeddable":true,"href":"https:\/\/www.europesstore.com\/en\/wp-json\/wp\/v2\/product_tag?post=15031"}],"curies":[{"name":"wp","href":"https:\/\/api.w.org\/{rel}","templated":true}]}}