{"id":15045,"date":"2025-12-31T15:32:00","date_gmt":"2025-12-31T15:32:00","guid":{"rendered":"https:\/\/www.europesstore.com\/?post_type=product&#038;p=15045"},"modified":"2025-12-31T15:36:56","modified_gmt":"2025-12-31T15:36:56","slug":"yeni-miu-miu-10ws-gunes-gozlugu-vizon","status":"publish","type":"product","link":"https:\/\/www.europesstore.com\/en\/product\/yeni-miu-miu-10ws-gunes-gozlugu-vizon\/","title":{"rendered":"YEN\u0130 Miu Miu 10WS G\u00fcne\u015f G\u00f6zl\u00fc\u011f\u00fc &#8211; Vizon"},"content":{"rendered":"<p>111<\/p>","protected":false},"excerpt":{"rendered":"<p>111<\/p>","protected":false},"featured_media":15156,"comment_status":"open","ping_status":"closed","template":"","meta":[],"product_brand":[],"product_cat":[950],"product_tag":[951],"class_list":{"0":"post-15045","1":"product","2":"type-product","3":"status-publish","4":"has-post-thumbnail","6":"product_cat-gozluk","7":"product_tag-gozluk","9":"first","10":"outofstock","11":"sale","12":"featured","13":"shipping-taxable","14":"purchasable","15":"product-type-simple"},"jetpack_sharing_enabled":true,"_links":{"self":[{"href":"https:\/\/www.europesstore.com\/en\/wp-json\/wp\/v2\/product\/15045","targetHints":{"allow":["GET"]}}],"collection":[{"href":"https:\/\/www.europesstore.com\/en\/wp-json\/wp\/v2\/product"}],"about":[{"href":"https:\/\/www.europesstore.com\/en\/wp-json\/wp\/v2\/types\/product"}],"replies":[{"embeddable":true,"href":"https:\/\/www.europesstore.com\/en\/wp-json\/wp\/v2\/comments?post=15045"}],"wp:featuredmedia":[{"embeddable":true,"href":"https:\/\/www.europesstore.com\/en\/wp-json\/wp\/v2\/media\/15156"}],"wp:attachment":[{"href":"https:\/\/www.europesstore.com\/en\/wp-json\/wp\/v2\/media?parent=15045"}],"wp:term":[{"taxonomy":"product_brand","embeddable":true,"href":"https:\/\/www.europesstore.com\/en\/wp-json\/wp\/v2\/product_brand?post=15045"},{"taxonomy":"product_cat","embeddable":true,"href":"https:\/\/www.europesstore.com\/en\/wp-json\/wp\/v2\/product_cat?post=15045"},{"taxonomy":"product_tag","embeddable":true,"href":"https:\/\/www.europesstore.com\/en\/wp-json\/wp\/v2\/product_tag?post=15045"}],"curies":[{"name":"wp","href":"https:\/\/api.w.org\/{rel}","templated":true}]}}