{"id":15073,"date":"2025-12-31T15:33:21","date_gmt":"2025-12-31T15:33:21","guid":{"rendered":"https:\/\/www.europesstore.com\/?post_type=product&#038;p=15073"},"modified":"2025-12-31T15:37:20","modified_gmt":"2025-12-31T15:37:20","slug":"lizya-gunes-gozlugu-456575-lacivert","status":"publish","type":"product","link":"https:\/\/www.europesstore.com\/en\/product\/lizya-gunes-gozlugu-456575-lacivert\/","title":{"rendered":"LIZYA G\u00dcNE\u015e G\u00d6ZL\u00dc\u011e\u00dc-456575-LAC\u0130VERT"},"content":{"rendered":"<p style=\"font-style: normal; font-weight: 400; letter-spacing: normal; text-align: start; text-decoration: none; text-indent: 0px; text-transform: none;\" data-start=\"153\" data-end=\"557\"><strong data-start=\"153\" data-end=\"200\">Mavi<\/strong>, zarif kristal detaylar\u0131 ve modern hatlar\u0131yla g\u00f6z al\u0131c\u0131 bir \u015f\u0131kl\u0131k sunar. UV400 korumal\u0131 camlar\u0131, g\u00f6zlerinizi zararl\u0131 g\u00fcne\u015f \u0131\u015f\u0131nlar\u0131na kar\u015f\u0131 korurken, mavi tonlu \u00e7er\u00e7evesi sofistike bir stil vurgusu yapar. Hafif yap\u0131s\u0131 ve kaliteli i\u015f\u00e7ili\u011fiyle g\u00fcn boyu konfor sa\u011flar.<br \/>\n\u00dcr\u00fcn,<strong data-start=\"476\" data-end=\"526\">kutusu ve mikrofiber silme bezi<\/strong> ile birlikte g\u00f6nderilmektedir.<\/p>\n<p style=\"font-style: normal; font-weight: 400; letter-spacing: normal; text-align: start; text-decoration: none; text-indent: 0px; text-transform: none;\" data-start=\"153\" data-end=\"557\">Lens \u00f6zelli\u011fi-UV400<\/p>\n<p>Ekartman :54<\/p>","protected":false},"excerpt":{"rendered":"<p>Mavi, zarif kristal detaylar\u0131 ve modern hatlar\u0131yla g\u00f6z al\u0131c\u0131 bir \u015f\u0131kl\u0131k sunar. UV400 korumal\u0131 camlar\u0131, g\u00f6zlerinizi zararl\u0131 g\u00fcne\u015f \u0131\u015f\u0131nlar\u0131na kar\u015f\u0131 korurken, mavi tonlu \u00e7er\u00e7evesi sofistike bir stil vurgusu yapar. Hafif yap\u0131s\u0131 ve kaliteli i\u015f\u00e7ili\u011fiyle g\u00fcn boyu konfor sa\u011flar. \u00dcr\u00fcn,kutusu ve mikrofiber silme bezi ile birlikte g\u00f6nderilmektedir. Lens \u00f6zelli\u011fi-UV400 Ekartman :54<\/p>","protected":false},"featured_media":15168,"comment_status":"open","ping_status":"closed","template":"","meta":[],"product_brand":[],"product_cat":[143,950,964],"product_tag":[951],"class_list":{"0":"post-15073","1":"product","2":"type-product","3":"status-publish","4":"has-post-thumbnail","6":"product_cat-aksesuar","7":"product_cat-gozluk","8":"product_cat-yeni-gelenler","9":"product_tag-gozluk","11":"first","12":"outofstock","13":"sale","14":"shipping-taxable","15":"purchasable","16":"product-type-simple"},"jetpack_sharing_enabled":true,"_links":{"self":[{"href":"https:\/\/www.europesstore.com\/en\/wp-json\/wp\/v2\/product\/15073","targetHints":{"allow":["GET"]}}],"collection":[{"href":"https:\/\/www.europesstore.com\/en\/wp-json\/wp\/v2\/product"}],"about":[{"href":"https:\/\/www.europesstore.com\/en\/wp-json\/wp\/v2\/types\/product"}],"replies":[{"embeddable":true,"href":"https:\/\/www.europesstore.com\/en\/wp-json\/wp\/v2\/comments?post=15073"}],"wp:featuredmedia":[{"embeddable":true,"href":"https:\/\/www.europesstore.com\/en\/wp-json\/wp\/v2\/media\/15168"}],"wp:attachment":[{"href":"https:\/\/www.europesstore.com\/en\/wp-json\/wp\/v2\/media?parent=15073"}],"wp:term":[{"taxonomy":"product_brand","embeddable":true,"href":"https:\/\/www.europesstore.com\/en\/wp-json\/wp\/v2\/product_brand?post=15073"},{"taxonomy":"product_cat","embeddable":true,"href":"https:\/\/www.europesstore.com\/en\/wp-json\/wp\/v2\/product_cat?post=15073"},{"taxonomy":"product_tag","embeddable":true,"href":"https:\/\/www.europesstore.com\/en\/wp-json\/wp\/v2\/product_tag?post=15073"}],"curies":[{"name":"wp","href":"https:\/\/api.w.org\/{rel}","templated":true}]}}