{"id":15099,"date":"2025-12-31T15:34:45","date_gmt":"2025-12-31T15:34:45","guid":{"rendered":"https:\/\/www.europesstore.com\/?post_type=product&#038;p=15099"},"modified":"2025-12-31T15:37:42","modified_gmt":"2025-12-31T15:37:42","slug":"miu-miu-ithal-oval-gunes-gozlugu-siyah","status":"publish","type":"product","link":"https:\/\/www.europesstore.com\/en\/product\/miu-miu-ithal-oval-gunes-gozlugu-siyah\/","title":{"rendered":"M\u0131u M\u0131u \u0130thal Oval G\u00fcne\u015f G\u00f6zl\u00fc\u011f\u00fc &#8211; Siyah"},"content":{"rendered":"<p>\u015eehirli ve zarif bir duru\u015f sunan, \u0130talya\u2019dan ithal Miu Miu oval g\u00fcne\u015f g\u00f6zl\u00fc\u011f\u00fc ile stilinizi tamamlay\u0131n. Hem g\u00fcnl\u00fck kullan\u0131ma hem de \u00f6zel davetlere uygun bu model, retro-esintili hatlar\u0131 ve modern detaylar\u0131yla fark yarat\u0131r.<\/p>","protected":false},"excerpt":{"rendered":"<p>\u015eehirli ve zarif bir duru\u015f sunan, \u0130talya\u2019dan ithal Miu Miu oval g\u00fcne\u015f g\u00f6zl\u00fc\u011f\u00fc ile stilinizi tamamlay\u0131n. Hem g\u00fcnl\u00fck kullan\u0131ma hem de \u00f6zel davetlere uygun bu model, retro-esintili hatlar\u0131 ve modern detaylar\u0131yla fark yarat\u0131r.<\/p>","protected":false},"featured_media":15181,"comment_status":"open","ping_status":"closed","template":"","meta":[],"product_brand":[],"product_cat":[952,950,964],"product_tag":[],"class_list":{"0":"post-15099","1":"product","2":"type-product","3":"status-publish","4":"has-post-thumbnail","6":"product_cat-1-saatte-bitecek","7":"product_cat-gozluk","8":"product_cat-yeni-gelenler","10":"first","11":"outofstock","12":"sale","13":"shipping-taxable","14":"purchasable","15":"product-type-simple"},"jetpack_sharing_enabled":true,"_links":{"self":[{"href":"https:\/\/www.europesstore.com\/en\/wp-json\/wp\/v2\/product\/15099","targetHints":{"allow":["GET"]}}],"collection":[{"href":"https:\/\/www.europesstore.com\/en\/wp-json\/wp\/v2\/product"}],"about":[{"href":"https:\/\/www.europesstore.com\/en\/wp-json\/wp\/v2\/types\/product"}],"replies":[{"embeddable":true,"href":"https:\/\/www.europesstore.com\/en\/wp-json\/wp\/v2\/comments?post=15099"}],"wp:featuredmedia":[{"embeddable":true,"href":"https:\/\/www.europesstore.com\/en\/wp-json\/wp\/v2\/media\/15181"}],"wp:attachment":[{"href":"https:\/\/www.europesstore.com\/en\/wp-json\/wp\/v2\/media?parent=15099"}],"wp:term":[{"taxonomy":"product_brand","embeddable":true,"href":"https:\/\/www.europesstore.com\/en\/wp-json\/wp\/v2\/product_brand?post=15099"},{"taxonomy":"product_cat","embeddable":true,"href":"https:\/\/www.europesstore.com\/en\/wp-json\/wp\/v2\/product_cat?post=15099"},{"taxonomy":"product_tag","embeddable":true,"href":"https:\/\/www.europesstore.com\/en\/wp-json\/wp\/v2\/product_tag?post=15099"}],"curies":[{"name":"wp","href":"https:\/\/api.w.org\/{rel}","templated":true}]}}