{"id":15125,"date":"2025-12-31T15:35:56","date_gmt":"2025-12-31T15:35:56","guid":{"rendered":"https:\/\/www.europesstore.com\/?post_type=product&#038;p=15125"},"modified":"2025-12-31T15:38:04","modified_gmt":"2025-12-31T15:38:04","slug":"miu-miu-ithal-tasarim-gunes-gozlugu-kahve-gold","status":"publish","type":"product","link":"https:\/\/www.europesstore.com\/en\/product\/miu-miu-ithal-tasarim-gunes-gozlugu-kahve-gold\/","title":{"rendered":"M\u0131u M\u0131u \u0130thal Tasar\u0131m G\u00fcne\u015f G\u00f6zl\u00fc\u011f\u00fc &#8211; Kahve-Gold"},"content":{"rendered":"<p><strong data-start=\"0\" data-end=\"39\">Miu Miu \u0130thal Tasar\u0131m G\u00fcne\u015f G\u00f6zl\u00fc\u011f\u00fc<\/strong><br \/>\nSofistike hatlar ve modern bir dokunu\u015fla tasarlanm\u0131\u015f \u201cMiu Miu \u0130thal Tasar\u0131m\u201d g\u00fcne\u015f g\u00f6zl\u00fc\u011f\u00fc, couture ruhunu g\u00fcnl\u00fck stilinize ta\u015f\u0131yor. \u0130talyan i\u015f\u00e7ili\u011fiyle hayat bulan bu model, benzersiz detaylar\u0131 ve \u00fcst\u00fcn korumas\u0131yla her mevsime uyum sa\u011fl\u0131yor.<\/p>","protected":false},"excerpt":{"rendered":"<p>Miu Miu \u0130thal Tasar\u0131m G\u00fcne\u015f G\u00f6zl\u00fc\u011f\u00fc Sofistike hatlar ve modern bir dokunu\u015fla tasarlanm\u0131\u015f \u201cMiu Miu \u0130thal Tasar\u0131m\u201d g\u00fcne\u015f g\u00f6zl\u00fc\u011f\u00fc, couture ruhunu g\u00fcnl\u00fck stilinize ta\u015f\u0131yor. \u0130talyan i\u015f\u00e7ili\u011fiyle hayat bulan bu model, benzersiz detaylar\u0131 ve \u00fcst\u00fcn korumas\u0131yla her mevsime uyum sa\u011fl\u0131yor.<\/p>","protected":false},"featured_media":15199,"comment_status":"open","ping_status":"closed","template":"","meta":[],"product_brand":[],"product_cat":[143,954,950,964],"product_tag":[],"class_list":{"0":"post-15125","1":"product","2":"type-product","3":"status-publish","4":"has-post-thumbnail","6":"product_cat-aksesuar","7":"product_cat-cok-satanlar","8":"product_cat-gozluk","9":"product_cat-yeni-gelenler","11":"first","12":"onbackorder","13":"sale","14":"shipping-taxable","15":"purchasable","16":"product-type-simple"},"jetpack_sharing_enabled":true,"_links":{"self":[{"href":"https:\/\/www.europesstore.com\/en\/wp-json\/wp\/v2\/product\/15125","targetHints":{"allow":["GET"]}}],"collection":[{"href":"https:\/\/www.europesstore.com\/en\/wp-json\/wp\/v2\/product"}],"about":[{"href":"https:\/\/www.europesstore.com\/en\/wp-json\/wp\/v2\/types\/product"}],"replies":[{"embeddable":true,"href":"https:\/\/www.europesstore.com\/en\/wp-json\/wp\/v2\/comments?post=15125"}],"wp:featuredmedia":[{"embeddable":true,"href":"https:\/\/www.europesstore.com\/en\/wp-json\/wp\/v2\/media\/15199"}],"wp:attachment":[{"href":"https:\/\/www.europesstore.com\/en\/wp-json\/wp\/v2\/media?parent=15125"}],"wp:term":[{"taxonomy":"product_brand","embeddable":true,"href":"https:\/\/www.europesstore.com\/en\/wp-json\/wp\/v2\/product_brand?post=15125"},{"taxonomy":"product_cat","embeddable":true,"href":"https:\/\/www.europesstore.com\/en\/wp-json\/wp\/v2\/product_cat?post=15125"},{"taxonomy":"product_tag","embeddable":true,"href":"https:\/\/www.europesstore.com\/en\/wp-json\/wp\/v2\/product_tag?post=15125"}],"curies":[{"name":"wp","href":"https:\/\/api.w.org\/{rel}","templated":true}]}}