{"id":15126,"date":"2025-12-31T15:35:56","date_gmt":"2025-12-31T15:35:56","guid":{"rendered":"https:\/\/www.europesstore.com\/?post_type=product&#038;p=15126"},"modified":"2025-12-31T15:38:07","modified_gmt":"2025-12-31T15:38:07","slug":"celine-original-premium-full-set-gunes-gozlugu-kahve","status":"publish","type":"product","link":"https:\/\/www.europesstore.com\/en\/product\/celine-original-premium-full-set-gunes-gozlugu-kahve\/","title":{"rendered":"Celine Original Premium Full Set G\u00fcne\u015f G\u00f6zl\u00fc\u011f\u00fc -Kahve"},"content":{"rendered":"<p><strong data-start=\"0\" data-end=\"39\">\u015eehirli ve zarif bir duru\u015f sunan, \u0130talya\u2019dan Celine Original g\u00fcne\u015f g\u00f6zl\u00fc\u011f\u00fc ile stilinizi tamamlay\u0131n. Hem g\u00fcnl\u00fck kullan\u0131ma hem de \u00f6zel davetlere uygun bu model, retro-esintili hatlar\u0131 ve modern detaylar\u0131yla fark yarat\u0131r.<\/strong><\/p>\n<p>Full Set<br \/>\nKutulu<br \/>\n\u00c7antal\u0131<\/p>","protected":false},"excerpt":{"rendered":"<p>\u015eehirli ve zarif bir duru\u015f sunan, \u0130talya\u2019dan Celine Original g\u00fcne\u015f g\u00f6zl\u00fc\u011f\u00fc ile stilinizi tamamlay\u0131n. Hem g\u00fcnl\u00fck kullan\u0131ma hem de \u00f6zel davetlere uygun bu model, retro-esintili hatlar\u0131 ve modern detaylar\u0131yla fark yarat\u0131r. Full Set Kutulu \u00c7antal\u0131<\/p>","protected":false},"featured_media":15200,"comment_status":"open","ping_status":"closed","template":"","meta":[],"product_brand":[],"product_cat":[143,965,954,950,964],"product_tag":[],"class_list":{"0":"post-15126","1":"product","2":"type-product","3":"status-publish","4":"has-post-thumbnail","6":"product_cat-aksesuar","7":"product_cat-canta-tum-aksesuarlar","8":"product_cat-cok-satanlar","9":"product_cat-gozluk","10":"product_cat-yeni-gelenler","12":"first","13":"outofstock","14":"sale","15":"shipping-taxable","16":"purchasable","17":"product-type-simple"},"jetpack_sharing_enabled":true,"_links":{"self":[{"href":"https:\/\/www.europesstore.com\/en\/wp-json\/wp\/v2\/product\/15126","targetHints":{"allow":["GET"]}}],"collection":[{"href":"https:\/\/www.europesstore.com\/en\/wp-json\/wp\/v2\/product"}],"about":[{"href":"https:\/\/www.europesstore.com\/en\/wp-json\/wp\/v2\/types\/product"}],"replies":[{"embeddable":true,"href":"https:\/\/www.europesstore.com\/en\/wp-json\/wp\/v2\/comments?post=15126"}],"wp:featuredmedia":[{"embeddable":true,"href":"https:\/\/www.europesstore.com\/en\/wp-json\/wp\/v2\/media\/15200"}],"wp:attachment":[{"href":"https:\/\/www.europesstore.com\/en\/wp-json\/wp\/v2\/media?parent=15126"}],"wp:term":[{"taxonomy":"product_brand","embeddable":true,"href":"https:\/\/www.europesstore.com\/en\/wp-json\/wp\/v2\/product_brand?post=15126"},{"taxonomy":"product_cat","embeddable":true,"href":"https:\/\/www.europesstore.com\/en\/wp-json\/wp\/v2\/product_cat?post=15126"},{"taxonomy":"product_tag","embeddable":true,"href":"https:\/\/www.europesstore.com\/en\/wp-json\/wp\/v2\/product_tag?post=15126"}],"curies":[{"name":"wp","href":"https:\/\/api.w.org\/{rel}","templated":true}]}}