{"id":15140,"date":"2025-12-31T15:36:20","date_gmt":"2025-12-31T15:36:20","guid":{"rendered":"https:\/\/www.europesstore.com\/?post_type=product&#038;p=15140"},"modified":"2025-12-31T15:38:17","modified_gmt":"2025-12-31T15:38:17","slug":"miu-miu-ithal-oval-gunes-gozlugu-beyaz","status":"publish","type":"product","link":"https:\/\/www.europesstore.com\/en\/product\/miu-miu-ithal-oval-gunes-gozlugu-beyaz\/","title":{"rendered":"M\u0131u M\u0131u \u0130thal Oval G\u00fcne\u015f G\u00f6zl\u00fc\u011f\u00fc &#8211; Beyaz"},"content":{"rendered":"<p>\u015eehirli ve zarif bir duru\u015f sunan, \u0130talya\u2019dan ithal Miu Miu oval g\u00fcne\u015f g\u00f6zl\u00fc\u011f\u00fc ile stilinizi tamamlay\u0131n. Hem g\u00fcnl\u00fck kullan\u0131ma hem de \u00f6zel davetlere uygun bu model, retro-esintili hatlar\u0131 ve modern detaylar\u0131yla fark yarat\u0131r.<\/p>","protected":false},"excerpt":{"rendered":"<p>\u015eehirli ve zarif bir duru\u015f sunan, \u0130talya\u2019dan ithal Miu Miu oval g\u00fcne\u015f g\u00f6zl\u00fc\u011f\u00fc ile stilinizi tamamlay\u0131n. Hem g\u00fcnl\u00fck kullan\u0131ma hem de \u00f6zel davetlere uygun bu model, retro-esintili hatlar\u0131 ve modern detaylar\u0131yla fark yarat\u0131r.<\/p>","protected":false},"featured_media":15204,"comment_status":"open","ping_status":"closed","template":"","meta":[],"product_brand":[],"product_cat":[950,964],"product_tag":[],"class_list":{"0":"post-15140","1":"product","2":"type-product","3":"status-publish","4":"has-post-thumbnail","6":"product_cat-gozluk","7":"product_cat-yeni-gelenler","9":"first","10":"instock","11":"sale","12":"shipping-taxable","13":"purchasable","14":"product-type-simple"},"jetpack_sharing_enabled":true,"_links":{"self":[{"href":"https:\/\/www.europesstore.com\/en\/wp-json\/wp\/v2\/product\/15140","targetHints":{"allow":["GET"]}}],"collection":[{"href":"https:\/\/www.europesstore.com\/en\/wp-json\/wp\/v2\/product"}],"about":[{"href":"https:\/\/www.europesstore.com\/en\/wp-json\/wp\/v2\/types\/product"}],"replies":[{"embeddable":true,"href":"https:\/\/www.europesstore.com\/en\/wp-json\/wp\/v2\/comments?post=15140"}],"wp:featuredmedia":[{"embeddable":true,"href":"https:\/\/www.europesstore.com\/en\/wp-json\/wp\/v2\/media\/15204"}],"wp:attachment":[{"href":"https:\/\/www.europesstore.com\/en\/wp-json\/wp\/v2\/media?parent=15140"}],"wp:term":[{"taxonomy":"product_brand","embeddable":true,"href":"https:\/\/www.europesstore.com\/en\/wp-json\/wp\/v2\/product_brand?post=15140"},{"taxonomy":"product_cat","embeddable":true,"href":"https:\/\/www.europesstore.com\/en\/wp-json\/wp\/v2\/product_cat?post=15140"},{"taxonomy":"product_tag","embeddable":true,"href":"https:\/\/www.europesstore.com\/en\/wp-json\/wp\/v2\/product_tag?post=15140"}],"curies":[{"name":"wp","href":"https:\/\/api.w.org\/{rel}","templated":true}]}}