{"id":15153,"date":"2025-12-31T15:36:45","date_gmt":"2025-12-31T15:36:45","guid":{"rendered":"https:\/\/www.europesstore.com\/?post_type=product&#038;p=15153"},"modified":"2025-12-31T15:38:34","modified_gmt":"2025-12-31T15:38:34","slug":"vehla-gunes-gozlugu-yesil","status":"publish","type":"product","link":"https:\/\/www.europesstore.com\/en\/product\/vehla-gunes-gozlugu-yesil\/","title":{"rendered":"Vehla G\u00fcne\u015f G\u00f6zl\u00fc\u011f\u00fc- Ye\u015fil"},"content":{"rendered":"<p><strong data-start=\"0\" data-end=\"23\">Vehla G\u00fcne\u015f G\u00f6zl\u00fc\u011f\u00fc<\/strong><br \/>\nZamans\u0131z bir stil ve \u00fcst\u00fcn koruma sunan \u201cVehla\u201d g\u00fcne\u015f g\u00f6zl\u00fc\u011f\u00fc, hem g\u00fcnl\u00fck \u015fehir kullan\u0131m\u0131na hem de \u00f6zel anlara \u015f\u0131kl\u0131k katar. \u0130nce detaylarla g\u00fc\u00e7lendirilmi\u015f modern formu ve kaliteli malzemesiyle fark\u0131n\u0131z\u0131 ortaya koyacak.<\/p>","protected":false},"excerpt":{"rendered":"<p>Vehla G\u00fcne\u015f G\u00f6zl\u00fc\u011f\u00fc Zamans\u0131z bir stil ve \u00fcst\u00fcn koruma sunan \u201cVehla\u201d g\u00fcne\u015f g\u00f6zl\u00fc\u011f\u00fc, hem g\u00fcnl\u00fck \u015fehir kullan\u0131m\u0131na hem de \u00f6zel anlara \u015f\u0131kl\u0131k katar. \u0130nce detaylarla g\u00fc\u00e7lendirilmi\u015f modern formu ve kaliteli malzemesiyle fark\u0131n\u0131z\u0131 ortaya koyacak.<\/p>","protected":false},"featured_media":15214,"comment_status":"open","ping_status":"closed","template":"","meta":[],"product_brand":[],"product_cat":[950,964],"product_tag":[],"class_list":{"0":"post-15153","1":"product","2":"type-product","3":"status-publish","4":"has-post-thumbnail","6":"product_cat-gozluk","7":"product_cat-yeni-gelenler","9":"first","10":"instock","11":"sale","12":"shipping-taxable","13":"purchasable","14":"product-type-simple"},"jetpack_sharing_enabled":true,"_links":{"self":[{"href":"https:\/\/www.europesstore.com\/en\/wp-json\/wp\/v2\/product\/15153","targetHints":{"allow":["GET"]}}],"collection":[{"href":"https:\/\/www.europesstore.com\/en\/wp-json\/wp\/v2\/product"}],"about":[{"href":"https:\/\/www.europesstore.com\/en\/wp-json\/wp\/v2\/types\/product"}],"replies":[{"embeddable":true,"href":"https:\/\/www.europesstore.com\/en\/wp-json\/wp\/v2\/comments?post=15153"}],"wp:featuredmedia":[{"embeddable":true,"href":"https:\/\/www.europesstore.com\/en\/wp-json\/wp\/v2\/media\/15214"}],"wp:attachment":[{"href":"https:\/\/www.europesstore.com\/en\/wp-json\/wp\/v2\/media?parent=15153"}],"wp:term":[{"taxonomy":"product_brand","embeddable":true,"href":"https:\/\/www.europesstore.com\/en\/wp-json\/wp\/v2\/product_brand?post=15153"},{"taxonomy":"product_cat","embeddable":true,"href":"https:\/\/www.europesstore.com\/en\/wp-json\/wp\/v2\/product_cat?post=15153"},{"taxonomy":"product_tag","embeddable":true,"href":"https:\/\/www.europesstore.com\/en\/wp-json\/wp\/v2\/product_tag?post=15153"}],"curies":[{"name":"wp","href":"https:\/\/api.w.org\/{rel}","templated":true}]}}