{"id":15164,"date":"2025-12-31T15:37:10","date_gmt":"2025-12-31T15:37:10","guid":{"rendered":"https:\/\/www.europesstore.com\/?post_type=product&#038;p=15164"},"modified":"2025-12-31T15:38:47","modified_gmt":"2025-12-31T15:38:47","slug":"saint-laurent-gunes-gozlugu-siyah","status":"publish","type":"product","link":"https:\/\/www.europesstore.com\/en\/product\/saint-laurent-gunes-gozlugu-siyah\/","title":{"rendered":"Saint Laurent G\u00fcne\u015f G\u00f6zl\u00fc\u011f\u00fc-Siyah"},"content":{"rendered":"<p><strong data-start=\"0\" data-end=\"37\">Saint Laurent \u0130thal G\u00fcne\u015f G\u00f6zl\u00fc\u011f\u00fc<\/strong><br \/>\nSaint Laurent\u2019in ikonik zarafetini ve Paris\u2019in modern ruhunu yans\u0131tan bu ithal g\u00fcne\u015f g\u00f6zl\u00fc\u011f\u00fc, her ayr\u0131nt\u0131s\u0131yla couture \u015f\u0131kl\u0131\u011f\u0131 g\u00fcnl\u00fck stilinize ta\u015f\u0131yor.<\/p>","protected":false},"excerpt":{"rendered":"<p>Saint Laurent \u0130thal G\u00fcne\u015f G\u00f6zl\u00fc\u011f\u00fc Saint Laurent\u2019in ikonik zarafetini ve Paris\u2019in modern ruhunu yans\u0131tan bu ithal g\u00fcne\u015f g\u00f6zl\u00fc\u011f\u00fc, her ayr\u0131nt\u0131s\u0131yla couture \u015f\u0131kl\u0131\u011f\u0131 g\u00fcnl\u00fck stilinize ta\u015f\u0131yor.<\/p>","protected":false},"featured_media":15218,"comment_status":"open","ping_status":"closed","template":"","meta":[],"product_brand":[],"product_cat":[950,964],"product_tag":[],"class_list":{"0":"post-15164","1":"product","2":"type-product","3":"status-publish","4":"has-post-thumbnail","6":"product_cat-gozluk","7":"product_cat-yeni-gelenler","9":"first","10":"instock","11":"sale","12":"shipping-taxable","13":"purchasable","14":"product-type-simple"},"jetpack_sharing_enabled":true,"_links":{"self":[{"href":"https:\/\/www.europesstore.com\/en\/wp-json\/wp\/v2\/product\/15164","targetHints":{"allow":["GET"]}}],"collection":[{"href":"https:\/\/www.europesstore.com\/en\/wp-json\/wp\/v2\/product"}],"about":[{"href":"https:\/\/www.europesstore.com\/en\/wp-json\/wp\/v2\/types\/product"}],"replies":[{"embeddable":true,"href":"https:\/\/www.europesstore.com\/en\/wp-json\/wp\/v2\/comments?post=15164"}],"wp:featuredmedia":[{"embeddable":true,"href":"https:\/\/www.europesstore.com\/en\/wp-json\/wp\/v2\/media\/15218"}],"wp:attachment":[{"href":"https:\/\/www.europesstore.com\/en\/wp-json\/wp\/v2\/media?parent=15164"}],"wp:term":[{"taxonomy":"product_brand","embeddable":true,"href":"https:\/\/www.europesstore.com\/en\/wp-json\/wp\/v2\/product_brand?post=15164"},{"taxonomy":"product_cat","embeddable":true,"href":"https:\/\/www.europesstore.com\/en\/wp-json\/wp\/v2\/product_cat?post=15164"},{"taxonomy":"product_tag","embeddable":true,"href":"https:\/\/www.europesstore.com\/en\/wp-json\/wp\/v2\/product_tag?post=15164"}],"curies":[{"name":"wp","href":"https:\/\/api.w.org\/{rel}","templated":true}]}}