{"id":15173,"date":"2025-12-31T15:37:35","date_gmt":"2025-12-31T15:37:35","guid":{"rendered":"https:\/\/www.europesstore.com\/?post_type=product&#038;p=15173"},"modified":"2026-01-13T08:24:47","modified_gmt":"2026-01-13T08:24:47","slug":"gucci-oval-gunes-gozlugu-siyah","status":"publish","type":"product","link":"https:\/\/www.europesstore.com\/en\/product\/gucci-oval-gunes-gozlugu-siyah\/","title":{"rendered":"Gucci Oval G\u00fcne\u015f G\u00f6zl\u00fc\u011f\u00fc- Siyah"},"content":{"rendered":"<p><strong data-start=\"0\" data-end=\"28\">Gucci Oval G\u00fcne\u015f G\u00f6zl\u00fc\u011f\u00fc<\/strong><br \/>Zarif oval formu ve ikonik Gucci detaylar\u0131yla \u00f6ne \u00e7\u0131kan bu g\u00fcne\u015f g\u00f6zl\u00fc\u011f\u00fc, her mevsimde sofistike bir stil sunar. Y\u00fcksek kaliteli malzemeler ve kapsaml\u0131 koruma \u00f6zellikleriyle uzun \u00f6m\u00fcrl\u00fc kullan\u0131m sa\u011flar.<\/p>","protected":false},"excerpt":{"rendered":"<p>Gucci Oval G\u00fcne\u015f G\u00f6zl\u00fc\u011f\u00fcZarif oval formu ve ikonik Gucci detaylar\u0131yla \u00f6ne \u00e7\u0131kan bu g\u00fcne\u015f g\u00f6zl\u00fc\u011f\u00fc, her mevsimde sofistike bir stil sunar. Y\u00fcksek kaliteli malzemeler ve kapsaml\u0131 koruma \u00f6zellikleriyle uzun \u00f6m\u00fcrl\u00fc kullan\u0131m sa\u011flar.<\/p>","protected":false},"featured_media":15227,"comment_status":"open","ping_status":"closed","template":"","meta":[],"product_brand":[],"product_cat":[950,964],"product_tag":[],"class_list":{"0":"post-15173","1":"product","2":"type-product","3":"status-publish","4":"has-post-thumbnail","6":"product_cat-gozluk","7":"product_cat-yeni-gelenler","9":"first","10":"instock","11":"sale","12":"shipping-taxable","13":"purchasable","14":"product-type-simple"},"jetpack_sharing_enabled":true,"_links":{"self":[{"href":"https:\/\/www.europesstore.com\/en\/wp-json\/wp\/v2\/product\/15173","targetHints":{"allow":["GET"]}}],"collection":[{"href":"https:\/\/www.europesstore.com\/en\/wp-json\/wp\/v2\/product"}],"about":[{"href":"https:\/\/www.europesstore.com\/en\/wp-json\/wp\/v2\/types\/product"}],"replies":[{"embeddable":true,"href":"https:\/\/www.europesstore.com\/en\/wp-json\/wp\/v2\/comments?post=15173"}],"wp:featuredmedia":[{"embeddable":true,"href":"https:\/\/www.europesstore.com\/en\/wp-json\/wp\/v2\/media\/15227"}],"wp:attachment":[{"href":"https:\/\/www.europesstore.com\/en\/wp-json\/wp\/v2\/media?parent=15173"}],"wp:term":[{"taxonomy":"product_brand","embeddable":true,"href":"https:\/\/www.europesstore.com\/en\/wp-json\/wp\/v2\/product_brand?post=15173"},{"taxonomy":"product_cat","embeddable":true,"href":"https:\/\/www.europesstore.com\/en\/wp-json\/wp\/v2\/product_cat?post=15173"},{"taxonomy":"product_tag","embeddable":true,"href":"https:\/\/www.europesstore.com\/en\/wp-json\/wp\/v2\/product_tag?post=15173"}],"curies":[{"name":"wp","href":"https:\/\/api.w.org\/{rel}","templated":true}]}}