{"id":15174,"date":"2025-12-31T15:37:35","date_gmt":"2025-12-31T15:37:35","guid":{"rendered":"https:\/\/www.europesstore.com\/?post_type=product&#038;p=15174"},"modified":"2025-12-31T15:39:00","modified_gmt":"2025-12-31T15:39:00","slug":"miu-miu-ithal-kesik-oval-gunes-gozlugu-seffaf","status":"publish","type":"product","link":"https:\/\/www.europesstore.com\/en\/product\/miu-miu-ithal-kesik-oval-gunes-gozlugu-seffaf\/","title":{"rendered":"M\u0131u M\u0131u \u0130thal Kesik Oval G\u00fcne\u015f G\u00f6zl\u00fc\u011f\u00fc \u2013 \u015eeffaf"},"content":{"rendered":"<p><strong data-start=\"0\" data-end=\"42\">Miu Miu \u0130thal Kesik Oval G\u00fcne\u015f G\u00f6zl\u00fc\u011f\u00fc<\/strong><br \/>Miu Miu\u2019nun modern \u00e7izgilerini, ikonik \u201ckesik oval\u201d formuyla bulu\u015fturan bu ithal g\u00fcne\u015f g\u00f6zl\u00fc\u011f\u00fc; cesur tasar\u0131m\u0131 ve \u00fcst\u00fcn korumas\u0131yla her mek\u00e2nda dikkat \u00e7eker.<\/p>","protected":false},"excerpt":{"rendered":"<p>Miu Miu \u0130thal Kesik Oval G\u00fcne\u015f G\u00f6zl\u00fc\u011f\u00fcMiu Miu\u2019nun modern \u00e7izgilerini, ikonik \u201ckesik oval\u201d formuyla bulu\u015fturan bu ithal g\u00fcne\u015f g\u00f6zl\u00fc\u011f\u00fc; cesur tasar\u0131m\u0131 ve \u00fcst\u00fcn korumas\u0131yla her mek\u00e2nda dikkat \u00e7eker.<\/p>","protected":false},"featured_media":15228,"comment_status":"open","ping_status":"closed","template":"","meta":[],"product_brand":[],"product_cat":[950,964],"product_tag":[],"class_list":{"0":"post-15174","1":"product","2":"type-product","3":"status-publish","4":"has-post-thumbnail","6":"product_cat-gozluk","7":"product_cat-yeni-gelenler","9":"first","10":"onbackorder","11":"sale","12":"shipping-taxable","13":"purchasable","14":"product-type-simple"},"jetpack_sharing_enabled":true,"_links":{"self":[{"href":"https:\/\/www.europesstore.com\/en\/wp-json\/wp\/v2\/product\/15174","targetHints":{"allow":["GET"]}}],"collection":[{"href":"https:\/\/www.europesstore.com\/en\/wp-json\/wp\/v2\/product"}],"about":[{"href":"https:\/\/www.europesstore.com\/en\/wp-json\/wp\/v2\/types\/product"}],"replies":[{"embeddable":true,"href":"https:\/\/www.europesstore.com\/en\/wp-json\/wp\/v2\/comments?post=15174"}],"wp:featuredmedia":[{"embeddable":true,"href":"https:\/\/www.europesstore.com\/en\/wp-json\/wp\/v2\/media\/15228"}],"wp:attachment":[{"href":"https:\/\/www.europesstore.com\/en\/wp-json\/wp\/v2\/media?parent=15174"}],"wp:term":[{"taxonomy":"product_brand","embeddable":true,"href":"https:\/\/www.europesstore.com\/en\/wp-json\/wp\/v2\/product_brand?post=15174"},{"taxonomy":"product_cat","embeddable":true,"href":"https:\/\/www.europesstore.com\/en\/wp-json\/wp\/v2\/product_cat?post=15174"},{"taxonomy":"product_tag","embeddable":true,"href":"https:\/\/www.europesstore.com\/en\/wp-json\/wp\/v2\/product_tag?post=15174"}],"curies":[{"name":"wp","href":"https:\/\/api.w.org\/{rel}","templated":true}]}}