{"id":15193,"date":"2025-12-31T15:38:00","date_gmt":"2025-12-31T15:38:00","guid":{"rendered":"https:\/\/www.europesstore.com\/?post_type=product&#038;p=15193"},"modified":"2025-12-31T15:39:31","modified_gmt":"2025-12-31T15:39:31","slug":"miu-miu-metal-cerceve-gunes-gozlugu-pembe","status":"publish","type":"product","link":"https:\/\/www.europesstore.com\/en\/product\/miu-miu-metal-cerceve-gunes-gozlugu-pembe\/","title":{"rendered":"M\u0131u M\u0131u Metal \u00c7er\u00e7eve G\u00fcne\u015f G\u00f6zl\u00fc\u011f\u00fc &#8211; Pembe"},"content":{"rendered":"<p data-start=\"67\" data-end=\"215\">Miu Miu\u2019nun zarif metal i\u015f\u00e7ili\u011fini modern detaylarla bulu\u015fturan bu g\u00fcne\u015f g\u00f6zl\u00fc\u011f\u00fc, minimal tasar\u0131m\u0131 ve \u00fcst\u00fcn korumas\u0131yla her tarz\u0131 kusursuz tamamlar.<\/p>","protected":false},"excerpt":{"rendered":"<p>Miu Miu\u2019nun zarif metal i\u015f\u00e7ili\u011fini modern detaylarla bulu\u015fturan bu g\u00fcne\u015f g\u00f6zl\u00fc\u011f\u00fc, minimal tasar\u0131m\u0131 ve \u00fcst\u00fcn korumas\u0131yla her tarz\u0131 kusursuz tamamlar.<\/p>","protected":false},"featured_media":15243,"comment_status":"open","ping_status":"closed","template":"","meta":[],"product_brand":[],"product_cat":[950,964],"product_tag":[],"class_list":{"0":"post-15193","1":"product","2":"type-product","3":"status-publish","4":"has-post-thumbnail","6":"product_cat-gozluk","7":"product_cat-yeni-gelenler","9":"first","10":"instock","11":"sale","12":"shipping-taxable","13":"purchasable","14":"product-type-simple"},"jetpack_sharing_enabled":true,"_links":{"self":[{"href":"https:\/\/www.europesstore.com\/en\/wp-json\/wp\/v2\/product\/15193","targetHints":{"allow":["GET"]}}],"collection":[{"href":"https:\/\/www.europesstore.com\/en\/wp-json\/wp\/v2\/product"}],"about":[{"href":"https:\/\/www.europesstore.com\/en\/wp-json\/wp\/v2\/types\/product"}],"replies":[{"embeddable":true,"href":"https:\/\/www.europesstore.com\/en\/wp-json\/wp\/v2\/comments?post=15193"}],"wp:featuredmedia":[{"embeddable":true,"href":"https:\/\/www.europesstore.com\/en\/wp-json\/wp\/v2\/media\/15243"}],"wp:attachment":[{"href":"https:\/\/www.europesstore.com\/en\/wp-json\/wp\/v2\/media?parent=15193"}],"wp:term":[{"taxonomy":"product_brand","embeddable":true,"href":"https:\/\/www.europesstore.com\/en\/wp-json\/wp\/v2\/product_brand?post=15193"},{"taxonomy":"product_cat","embeddable":true,"href":"https:\/\/www.europesstore.com\/en\/wp-json\/wp\/v2\/product_cat?post=15193"},{"taxonomy":"product_tag","embeddable":true,"href":"https:\/\/www.europesstore.com\/en\/wp-json\/wp\/v2\/product_tag?post=15193"}],"curies":[{"name":"wp","href":"https:\/\/api.w.org\/{rel}","templated":true}]}}