{"id":15195,"date":"2025-12-31T15:38:00","date_gmt":"2025-12-31T15:38:00","guid":{"rendered":"https:\/\/www.europesstore.com\/?post_type=product&#038;p=15195"},"modified":"2025-12-31T15:39:37","modified_gmt":"2025-12-31T15:39:37","slug":"miu-miu-dikdortgen-tasarim-gunes-gozlugu-lila","status":"publish","type":"product","link":"https:\/\/www.europesstore.com\/en\/product\/miu-miu-dikdortgen-tasarim-gunes-gozlugu-lila\/","title":{"rendered":"M\u0131u M\u0131u Dikd\u00f6rtgen Tasar\u0131m G\u00fcne\u015f G\u00f6zl\u00fc\u011f\u00fc -Lila"},"content":{"rendered":"<p data-start=\"67\" data-end=\"215\">Keskin hatlar\u0131 ve modern \u00e7izgileriyle \u201cDikd\u00f6rtgen Tasar\u0131m\u201d modeli, Miu Miu\u2019nun zarafetini her ad\u0131m\u0131n\u0131za ta\u015f\u0131yor. Y\u00fcz hatlar\u0131na uyumlu, dengeli formu ve \u00fcst\u00fcn korumas\u0131yla stilinize sofistike bir dokunu\u015f kat\u0131n.<\/p>","protected":false},"excerpt":{"rendered":"<p>Keskin hatlar\u0131 ve modern \u00e7izgileriyle \u201cDikd\u00f6rtgen Tasar\u0131m\u201d modeli, Miu Miu\u2019nun zarafetini her ad\u0131m\u0131n\u0131za ta\u015f\u0131yor. Y\u00fcz hatlar\u0131na uyumlu, dengeli formu ve \u00fcst\u00fcn korumas\u0131yla stilinize sofistike bir dokunu\u015f kat\u0131n.<\/p>","protected":false},"featured_media":15245,"comment_status":"open","ping_status":"closed","template":"","meta":[],"product_brand":[],"product_cat":[950,964],"product_tag":[],"class_list":{"0":"post-15195","1":"product","2":"type-product","3":"status-publish","4":"has-post-thumbnail","6":"product_cat-gozluk","7":"product_cat-yeni-gelenler","9":"first","10":"instock","11":"sale","12":"shipping-taxable","13":"purchasable","14":"product-type-simple"},"jetpack_sharing_enabled":true,"_links":{"self":[{"href":"https:\/\/www.europesstore.com\/en\/wp-json\/wp\/v2\/product\/15195","targetHints":{"allow":["GET"]}}],"collection":[{"href":"https:\/\/www.europesstore.com\/en\/wp-json\/wp\/v2\/product"}],"about":[{"href":"https:\/\/www.europesstore.com\/en\/wp-json\/wp\/v2\/types\/product"}],"replies":[{"embeddable":true,"href":"https:\/\/www.europesstore.com\/en\/wp-json\/wp\/v2\/comments?post=15195"}],"wp:featuredmedia":[{"embeddable":true,"href":"https:\/\/www.europesstore.com\/en\/wp-json\/wp\/v2\/media\/15245"}],"wp:attachment":[{"href":"https:\/\/www.europesstore.com\/en\/wp-json\/wp\/v2\/media?parent=15195"}],"wp:term":[{"taxonomy":"product_brand","embeddable":true,"href":"https:\/\/www.europesstore.com\/en\/wp-json\/wp\/v2\/product_brand?post=15195"},{"taxonomy":"product_cat","embeddable":true,"href":"https:\/\/www.europesstore.com\/en\/wp-json\/wp\/v2\/product_cat?post=15195"},{"taxonomy":"product_tag","embeddable":true,"href":"https:\/\/www.europesstore.com\/en\/wp-json\/wp\/v2\/product_tag?post=15195"}],"curies":[{"name":"wp","href":"https:\/\/api.w.org\/{rel}","templated":true}]}}