{"id":15211,"date":"2025-12-31T15:38:28","date_gmt":"2025-12-31T15:38:28","guid":{"rendered":"https:\/\/www.europesstore.com\/?post_type=product&#038;p=15211"},"modified":"2025-12-31T15:40:08","modified_gmt":"2025-12-31T15:40:08","slug":"prada-pr-polarize-gunes-gozlugu-kahve","status":"publish","type":"product","link":"https:\/\/www.europesstore.com\/en\/product\/prada-pr-polarize-gunes-gozlugu-kahve\/","title":{"rendered":"Prada PR Polarize G\u00fcne\u015f G\u00f6zl\u00fc\u011f\u00fc -Kahve"},"content":{"rendered":"<p>Prada\u2019n\u0131n ikonik tasar\u0131m \u00e7izgisini y\u00fcksek teknolojiyle bulu\u015fturan <strong data-start=\"332\" data-end=\"347\">PR Polarize<\/strong> g\u00fcne\u015f g\u00f6zl\u00fc\u011f\u00fc, parlak alt\u0131n metal \u00e7er\u00e7evesi ve kristal netli\u011findeki polarize lensleriyle modern \u015fehir temposuna l\u00fcks bir dokunu\u015f katar. Hafif yap\u0131s\u0131 sayesinde g\u00fcn boyu konfor sunarken, zararl\u0131 parlamalar\u0131 ve UV \u0131\u015f\u0131nlar\u0131n\u0131 %100 engeller.<\/p>","protected":false},"excerpt":{"rendered":"<p>Prada\u2019n\u0131n ikonik tasar\u0131m \u00e7izgisini y\u00fcksek teknolojiyle bulu\u015fturan PR Polarize g\u00fcne\u015f g\u00f6zl\u00fc\u011f\u00fc, parlak alt\u0131n metal \u00e7er\u00e7evesi ve kristal netli\u011findeki polarize lensleriyle modern \u015fehir temposuna l\u00fcks bir dokunu\u015f katar. Hafif yap\u0131s\u0131 sayesinde g\u00fcn boyu konfor sunarken, zararl\u0131 parlamalar\u0131 ve UV \u0131\u015f\u0131nlar\u0131n\u0131 %100 engeller.<\/p>","protected":false},"featured_media":15260,"comment_status":"open","ping_status":"closed","template":"","meta":[],"product_brand":[],"product_cat":[950,964],"product_tag":[],"class_list":{"0":"post-15211","1":"product","2":"type-product","3":"status-publish","4":"has-post-thumbnail","6":"product_cat-gozluk","7":"product_cat-yeni-gelenler","9":"first","10":"instock","11":"sale","12":"shipping-taxable","13":"purchasable","14":"product-type-simple"},"jetpack_sharing_enabled":true,"_links":{"self":[{"href":"https:\/\/www.europesstore.com\/en\/wp-json\/wp\/v2\/product\/15211","targetHints":{"allow":["GET"]}}],"collection":[{"href":"https:\/\/www.europesstore.com\/en\/wp-json\/wp\/v2\/product"}],"about":[{"href":"https:\/\/www.europesstore.com\/en\/wp-json\/wp\/v2\/types\/product"}],"replies":[{"embeddable":true,"href":"https:\/\/www.europesstore.com\/en\/wp-json\/wp\/v2\/comments?post=15211"}],"wp:featuredmedia":[{"embeddable":true,"href":"https:\/\/www.europesstore.com\/en\/wp-json\/wp\/v2\/media\/15260"}],"wp:attachment":[{"href":"https:\/\/www.europesstore.com\/en\/wp-json\/wp\/v2\/media?parent=15211"}],"wp:term":[{"taxonomy":"product_brand","embeddable":true,"href":"https:\/\/www.europesstore.com\/en\/wp-json\/wp\/v2\/product_brand?post=15211"},{"taxonomy":"product_cat","embeddable":true,"href":"https:\/\/www.europesstore.com\/en\/wp-json\/wp\/v2\/product_cat?post=15211"},{"taxonomy":"product_tag","embeddable":true,"href":"https:\/\/www.europesstore.com\/en\/wp-json\/wp\/v2\/product_tag?post=15211"}],"curies":[{"name":"wp","href":"https:\/\/api.w.org\/{rel}","templated":true}]}}