{"id":15212,"date":"2025-12-31T15:38:28","date_gmt":"2025-12-31T15:38:28","guid":{"rendered":"https:\/\/www.europesstore.com\/?post_type=product&#038;p=15212"},"modified":"2025-12-31T15:40:11","modified_gmt":"2025-12-31T15:40:11","slug":"miu-miu-oval-sefaf-detay-gunes-gozlugu-mat-siyah","status":"publish","type":"product","link":"https:\/\/www.europesstore.com\/en\/product\/miu-miu-oval-sefaf-detay-gunes-gozlugu-mat-siyah\/","title":{"rendered":"M\u0131u M\u0131u Oval \u015eefaf Detay G\u00fcne\u015f G\u00f6zl\u00fc\u011f\u00fc &#8211; Mat Siyah"},"content":{"rendered":"<p style=\", arial, sans-serif;font-size: 14px; font-style: normal; font-weight: 400; letter-spacing: normal; margin-bottom: 1.5em; text-align: start; text-indent: 0px; text-transform: none;\" data-start=\"0\" data-end=\"69\"><strong data-start=\"0\" data-end=\"67\">M\u0131u M\u0131u Oval \u015eeffaf Detay G\u00fcne\u015f G\u00f6zl\u00fc\u011f\u00fc\u00a0<\/strong><\/p>\n<p style=\", arial, sans-serif;font-size: 14px; font-style: normal; font-weight: 400; letter-spacing: normal; margin-bottom: 1.5em; text-align: start; text-indent: 0px; text-transform: none;\" data-start=\"71\" data-end=\"311\">\u201c\u015eeffaf Detay\u201d koleksiyonunun en zarif \u00fcyesi bu oval form, M\u0131u M\u0131u\u2019nun \u00e7a\u011fda\u015f esteti\u011fini sofistike dokunu\u015flarla bulu\u015fturuyor. \u0130nce \u015feffaf asetat katmanlar\u0131ndaki metal vurgu ve ikonik logo ayr\u0131nt\u0131lar\u0131yla tarz\u0131n\u0131z\u0131 bir \u00fcst seviyeye ta\u015f\u0131yacak.<\/p>","protected":false},"excerpt":{"rendered":"<p>M\u0131u M\u0131u Oval \u015eeffaf Detay G\u00fcne\u015f G\u00f6zl\u00fc\u011f\u00fc\u00a0 \u201c\u015eeffaf Detay\u201d koleksiyonunun en zarif \u00fcyesi bu oval form, M\u0131u M\u0131u\u2019nun \u00e7a\u011fda\u015f esteti\u011fini sofistike dokunu\u015flarla bulu\u015fturuyor. \u0130nce \u015feffaf asetat katmanlar\u0131ndaki metal vurgu ve ikonik logo ayr\u0131nt\u0131lar\u0131yla tarz\u0131n\u0131z\u0131 bir \u00fcst seviyeye ta\u015f\u0131yacak.<\/p>","protected":false},"featured_media":15261,"comment_status":"open","ping_status":"closed","template":"","meta":[],"product_brand":[],"product_cat":[950,964],"product_tag":[],"class_list":{"0":"post-15212","1":"product","2":"type-product","3":"status-publish","4":"has-post-thumbnail","6":"product_cat-gozluk","7":"product_cat-yeni-gelenler","9":"first","10":"instock","11":"sale","12":"shipping-taxable","13":"purchasable","14":"product-type-simple"},"jetpack_sharing_enabled":true,"_links":{"self":[{"href":"https:\/\/www.europesstore.com\/en\/wp-json\/wp\/v2\/product\/15212","targetHints":{"allow":["GET"]}}],"collection":[{"href":"https:\/\/www.europesstore.com\/en\/wp-json\/wp\/v2\/product"}],"about":[{"href":"https:\/\/www.europesstore.com\/en\/wp-json\/wp\/v2\/types\/product"}],"replies":[{"embeddable":true,"href":"https:\/\/www.europesstore.com\/en\/wp-json\/wp\/v2\/comments?post=15212"}],"wp:featuredmedia":[{"embeddable":true,"href":"https:\/\/www.europesstore.com\/en\/wp-json\/wp\/v2\/media\/15261"}],"wp:attachment":[{"href":"https:\/\/www.europesstore.com\/en\/wp-json\/wp\/v2\/media?parent=15212"}],"wp:term":[{"taxonomy":"product_brand","embeddable":true,"href":"https:\/\/www.europesstore.com\/en\/wp-json\/wp\/v2\/product_brand?post=15212"},{"taxonomy":"product_cat","embeddable":true,"href":"https:\/\/www.europesstore.com\/en\/wp-json\/wp\/v2\/product_cat?post=15212"},{"taxonomy":"product_tag","embeddable":true,"href":"https:\/\/www.europesstore.com\/en\/wp-json\/wp\/v2\/product_tag?post=15212"}],"curies":[{"name":"wp","href":"https:\/\/api.w.org\/{rel}","templated":true}]}}