{"id":15223,"date":"2025-12-31T15:38:53","date_gmt":"2025-12-31T15:38:53","guid":{"rendered":"https:\/\/www.europesstore.com\/?post_type=product&#038;p=15223"},"modified":"2025-12-31T15:40:29","modified_gmt":"2025-12-31T15:40:29","slug":"vehla-river-tort-sky-gunes-gozlugu-leopar-mavi","status":"publish","type":"product","link":"https:\/\/www.europesstore.com\/en\/product\/vehla-river-tort-sky-gunes-gozlugu-leopar-mavi\/","title":{"rendered":"Vehla River \u2013 Tort \/ Sky G\u00fcne\u015f G\u00f6zl\u00fc\u011f\u00fc &#8211; Leopar mavi"},"content":{"rendered":"<p>Vehla\u2019n\u0131n ikonik aviator \u00e7izgisine modern bir yorum getiren <strong data-start=\"386\" data-end=\"406\">River Tort \/ Sky<\/strong>, hafif <strong data-start=\"414\" data-end=\"426\">sekizgen<\/strong> formdaki kaplumba\u011fa (tortoise) \u00e7er\u00e7eveyi zarif <strong data-start=\"474\" data-end=\"492\">g\u00f6ky\u00fcz\u00fc mavisi<\/strong> lenslerle e\u015fle\u015ftirir. \u015eehir sokaklar\u0131ndan yaz sahillerine kadar her ortamda sofistike bir imza b\u0131rak\u0131r.<\/p>\n<p>\u201cG\u00f6ky\u00fcz\u00fcn\u00fcn ferah mavisi, kaplumba\u011fa \u00e7er\u00e7eveyle bulu\u015ftu. River ile tarz\u0131n hafif, bak\u0131\u015f\u0131n \u00f6zg\u00fcr!\u201d<\/p>","protected":false},"excerpt":{"rendered":"<p>Vehla\u2019n\u0131n ikonik aviator \u00e7izgisine modern bir yorum getiren River Tort \/ Sky, hafif sekizgen formdaki kaplumba\u011fa (tortoise) \u00e7er\u00e7eveyi zarif g\u00f6ky\u00fcz\u00fc mavisi lenslerle e\u015fle\u015ftirir. \u015eehir sokaklar\u0131ndan yaz sahillerine kadar her ortamda sofistike bir imza b\u0131rak\u0131r. \u201cG\u00f6ky\u00fcz\u00fcn\u00fcn ferah mavisi, kaplumba\u011fa \u00e7er\u00e7eveyle bulu\u015ftu. River ile tarz\u0131n hafif, bak\u0131\u015f\u0131n \u00f6zg\u00fcr!\u201d<\/p>","protected":false},"featured_media":15272,"comment_status":"open","ping_status":"closed","template":"","meta":[],"product_brand":[],"product_cat":[950,964],"product_tag":[],"class_list":{"0":"post-15223","1":"product","2":"type-product","3":"status-publish","4":"has-post-thumbnail","6":"product_cat-gozluk","7":"product_cat-yeni-gelenler","9":"first","10":"instock","11":"sale","12":"shipping-taxable","13":"purchasable","14":"product-type-simple"},"jetpack_sharing_enabled":true,"_links":{"self":[{"href":"https:\/\/www.europesstore.com\/en\/wp-json\/wp\/v2\/product\/15223","targetHints":{"allow":["GET"]}}],"collection":[{"href":"https:\/\/www.europesstore.com\/en\/wp-json\/wp\/v2\/product"}],"about":[{"href":"https:\/\/www.europesstore.com\/en\/wp-json\/wp\/v2\/types\/product"}],"replies":[{"embeddable":true,"href":"https:\/\/www.europesstore.com\/en\/wp-json\/wp\/v2\/comments?post=15223"}],"wp:featuredmedia":[{"embeddable":true,"href":"https:\/\/www.europesstore.com\/en\/wp-json\/wp\/v2\/media\/15272"}],"wp:attachment":[{"href":"https:\/\/www.europesstore.com\/en\/wp-json\/wp\/v2\/media?parent=15223"}],"wp:term":[{"taxonomy":"product_brand","embeddable":true,"href":"https:\/\/www.europesstore.com\/en\/wp-json\/wp\/v2\/product_brand?post=15223"},{"taxonomy":"product_cat","embeddable":true,"href":"https:\/\/www.europesstore.com\/en\/wp-json\/wp\/v2\/product_cat?post=15223"},{"taxonomy":"product_tag","embeddable":true,"href":"https:\/\/www.europesstore.com\/en\/wp-json\/wp\/v2\/product_tag?post=15223"}],"curies":[{"name":"wp","href":"https:\/\/api.w.org\/{rel}","templated":true}]}}