{"id":15234,"date":"2025-12-31T15:39:19","date_gmt":"2025-12-31T15:39:19","guid":{"rendered":"https:\/\/www.europesstore.com\/?post_type=product&#038;p=15234"},"modified":"2025-12-31T15:40:46","modified_gmt":"2025-12-31T15:40:46","slug":"celine-triomphe-xl-01-cl-dikdortgen-gunes-gozlugu-seffaf","status":"publish","type":"product","link":"https:\/\/www.europesstore.com\/en\/product\/celine-triomphe-xl-01-cl-dikdortgen-gunes-gozlugu-seffaf\/","title":{"rendered":"Celine Triomphe XL 01 CL &#8211; Dikd\u00f6rtgen G\u00fcne\u015f G\u00f6zl\u00fc\u011f\u00fc &#8211; \u015eeffaf"},"content":{"rendered":"<p>Celine\u2019in ikonik <strong data-start=\"314\" data-end=\"326\">Triomphe<\/strong> metal amblemini vurgulayan <strong data-start=\"354\" data-end=\"372\">Triomphe XL 01<\/strong>, parlak asetat g\u00f6vdesi ve geni\u015f g\u00f6r\u00fc\u015f sunan dikd\u00f6rtgen formuyla zamans\u0131z l\u00fcks\u00fc yeniden tan\u0131mlar. Hafif yap\u0131s\u0131 g\u00fcnl\u00fck konfor sa\u011flarken, koyu smoke lensleri \u015fehir \u0131\u015f\u0131klar\u0131nda bile keskin g\u00f6r\u00fc\u015f sunar.<\/p>\n<p>Triomphe XL 01\u2019i sepete ekle, Celine zarafetini her bak\u0131\u015fta ya\u015fa!<\/p>","protected":false},"excerpt":{"rendered":"<p>Celine\u2019in ikonik Triomphe metal amblemini vurgulayan Triomphe XL 01, parlak asetat g\u00f6vdesi ve geni\u015f g\u00f6r\u00fc\u015f sunan dikd\u00f6rtgen formuyla zamans\u0131z l\u00fcks\u00fc yeniden tan\u0131mlar. Hafif yap\u0131s\u0131 g\u00fcnl\u00fck konfor sa\u011flarken, koyu smoke lensleri \u015fehir \u0131\u015f\u0131klar\u0131nda bile keskin g\u00f6r\u00fc\u015f sunar. Triomphe XL 01\u2019i sepete ekle, Celine zarafetini her bak\u0131\u015fta ya\u015fa!<\/p>","protected":false},"featured_media":15282,"comment_status":"open","ping_status":"closed","template":"","meta":[],"product_brand":[],"product_cat":[950,964],"product_tag":[],"class_list":{"0":"post-15234","1":"product","2":"type-product","3":"status-publish","4":"has-post-thumbnail","6":"product_cat-gozluk","7":"product_cat-yeni-gelenler","9":"first","10":"instock","11":"sale","12":"shipping-taxable","13":"purchasable","14":"product-type-simple"},"jetpack_sharing_enabled":true,"_links":{"self":[{"href":"https:\/\/www.europesstore.com\/en\/wp-json\/wp\/v2\/product\/15234","targetHints":{"allow":["GET"]}}],"collection":[{"href":"https:\/\/www.europesstore.com\/en\/wp-json\/wp\/v2\/product"}],"about":[{"href":"https:\/\/www.europesstore.com\/en\/wp-json\/wp\/v2\/types\/product"}],"replies":[{"embeddable":true,"href":"https:\/\/www.europesstore.com\/en\/wp-json\/wp\/v2\/comments?post=15234"}],"wp:featuredmedia":[{"embeddable":true,"href":"https:\/\/www.europesstore.com\/en\/wp-json\/wp\/v2\/media\/15282"}],"wp:attachment":[{"href":"https:\/\/www.europesstore.com\/en\/wp-json\/wp\/v2\/media?parent=15234"}],"wp:term":[{"taxonomy":"product_brand","embeddable":true,"href":"https:\/\/www.europesstore.com\/en\/wp-json\/wp\/v2\/product_brand?post=15234"},{"taxonomy":"product_cat","embeddable":true,"href":"https:\/\/www.europesstore.com\/en\/wp-json\/wp\/v2\/product_cat?post=15234"},{"taxonomy":"product_tag","embeddable":true,"href":"https:\/\/www.europesstore.com\/en\/wp-json\/wp\/v2\/product_tag?post=15234"}],"curies":[{"name":"wp","href":"https:\/\/api.w.org\/{rel}","templated":true}]}}