{"id":15239,"date":"2025-12-31T15:39:20","date_gmt":"2025-12-31T15:39:20","guid":{"rendered":"https:\/\/www.europesstore.com\/?post_type=product&#038;p=15239"},"modified":"2025-12-31T15:41:02","modified_gmt":"2025-12-31T15:41:02","slug":"miu-miu-kesik-cam-detayli-gunes-gozlugu-mat-siyah","status":"publish","type":"product","link":"https:\/\/www.europesstore.com\/en\/product\/miu-miu-kesik-cam-detayli-gunes-gozlugu-mat-siyah\/","title":{"rendered":"M\u0131u M\u0131u Kesik Cam Detayl\u0131 G\u00fcne\u015f G\u00f6zl\u00fc\u011f\u00fc &#8211; Mat Siyah"},"content":{"rendered":"<p>Miu Miu\u2019nun cesur tasar\u0131m \u00e7izgilerini, kesik cam detaylar\u0131yla birle\u015ftiren bu model; modern estetik ve \u00fcst d\u00fczey korumay\u0131 g\u00fcnl\u00fck stilinize ta\u015f\u0131r.<\/p>","protected":false},"excerpt":{"rendered":"<p>Miu Miu\u2019nun cesur tasar\u0131m \u00e7izgilerini, kesik cam detaylar\u0131yla birle\u015ftiren bu model; modern estetik ve \u00fcst d\u00fczey korumay\u0131 g\u00fcnl\u00fck stilinize ta\u015f\u0131r.<\/p>","protected":false},"featured_media":15287,"comment_status":"open","ping_status":"closed","template":"","meta":[],"product_brand":[],"product_cat":[950,964],"product_tag":[],"class_list":{"0":"post-15239","1":"product","2":"type-product","3":"status-publish","4":"has-post-thumbnail","6":"product_cat-gozluk","7":"product_cat-yeni-gelenler","9":"first","10":"instock","11":"sale","12":"shipping-taxable","13":"purchasable","14":"product-type-simple"},"jetpack_sharing_enabled":true,"_links":{"self":[{"href":"https:\/\/www.europesstore.com\/en\/wp-json\/wp\/v2\/product\/15239","targetHints":{"allow":["GET"]}}],"collection":[{"href":"https:\/\/www.europesstore.com\/en\/wp-json\/wp\/v2\/product"}],"about":[{"href":"https:\/\/www.europesstore.com\/en\/wp-json\/wp\/v2\/types\/product"}],"replies":[{"embeddable":true,"href":"https:\/\/www.europesstore.com\/en\/wp-json\/wp\/v2\/comments?post=15239"}],"wp:featuredmedia":[{"embeddable":true,"href":"https:\/\/www.europesstore.com\/en\/wp-json\/wp\/v2\/media\/15287"}],"wp:attachment":[{"href":"https:\/\/www.europesstore.com\/en\/wp-json\/wp\/v2\/media?parent=15239"}],"wp:term":[{"taxonomy":"product_brand","embeddable":true,"href":"https:\/\/www.europesstore.com\/en\/wp-json\/wp\/v2\/product_brand?post=15239"},{"taxonomy":"product_cat","embeddable":true,"href":"https:\/\/www.europesstore.com\/en\/wp-json\/wp\/v2\/product_cat?post=15239"},{"taxonomy":"product_tag","embeddable":true,"href":"https:\/\/www.europesstore.com\/en\/wp-json\/wp\/v2\/product_tag?post=15239"}],"curies":[{"name":"wp","href":"https:\/\/api.w.org\/{rel}","templated":true}]}}