{"id":15263,"date":"2025-12-31T15:40:15","date_gmt":"2025-12-31T15:40:15","guid":{"rendered":"https:\/\/www.europesstore.com\/?post_type=product&#038;p=15263"},"modified":"2025-12-31T15:41:42","modified_gmt":"2025-12-31T15:41:42","slug":"louis-vuitton-clash-kare-gunes-gozlugu-tortoise-brown","status":"publish","type":"product","link":"https:\/\/www.europesstore.com\/en\/product\/louis-vuitton-clash-kare-gunes-gozlugu-tortoise-brown\/","title":{"rendered":"Louis Vuitton Clash Kare G\u00fcne\u015f G\u00f6zl\u00fc\u011f\u00fc &#8211; Tortoise Brown"},"content":{"rendered":"<p>Louis Vuitton\u2019un 2022 Eyewear Koleksiyonu\u2019ndan <strong data-start=\"320\" data-end=\"337\">LV Clash Kare<\/strong>, kal\u0131n asetat \u00e7er\u00e7evesini alt\u0131n rengindeki LV logosu ve metal aksanlarla bulu\u015fturur. Kutu gibi keskin kare form, \u015fehir stiline mimari bir duru\u015f kazand\u0131r\u0131rken, polarize UV400 lensler parlamay\u0131 keser ve g\u00f6zlerini tam korumaya al\u0131r.<\/p>\n<p>Hem kad\u0131n hem erkek kombinlerine kolayca uyum sa\u011flar.<\/p>\n<p>\u201c\u015eimdi sepete ekle, Louis Vuitton imzas\u0131n\u0131 her bak\u0131\u015fta ya\u015fa!\u201d<\/p>","protected":false},"excerpt":{"rendered":"<p>Louis Vuitton\u2019un 2022 Eyewear Koleksiyonu\u2019ndan LV Clash Kare, kal\u0131n asetat \u00e7er\u00e7evesini alt\u0131n rengindeki LV logosu ve metal aksanlarla bulu\u015fturur. Kutu gibi keskin kare form, \u015fehir stiline mimari bir duru\u015f kazand\u0131r\u0131rken, polarize UV400 lensler parlamay\u0131 keser ve g\u00f6zlerini tam korumaya al\u0131r. Hem kad\u0131n hem erkek kombinlerine kolayca uyum sa\u011flar. \u201c\u015eimdi sepete ekle, Louis Vuitton imzas\u0131n\u0131 her [&hellip;]<\/p>","protected":false},"featured_media":15311,"comment_status":"open","ping_status":"closed","template":"","meta":[],"product_brand":[],"product_cat":[950,964],"product_tag":[],"class_list":{"0":"post-15263","1":"product","2":"type-product","3":"status-publish","4":"has-post-thumbnail","6":"product_cat-gozluk","7":"product_cat-yeni-gelenler","9":"first","10":"outofstock","11":"sale","12":"shipping-taxable","13":"purchasable","14":"product-type-simple"},"jetpack_sharing_enabled":true,"_links":{"self":[{"href":"https:\/\/www.europesstore.com\/en\/wp-json\/wp\/v2\/product\/15263","targetHints":{"allow":["GET"]}}],"collection":[{"href":"https:\/\/www.europesstore.com\/en\/wp-json\/wp\/v2\/product"}],"about":[{"href":"https:\/\/www.europesstore.com\/en\/wp-json\/wp\/v2\/types\/product"}],"replies":[{"embeddable":true,"href":"https:\/\/www.europesstore.com\/en\/wp-json\/wp\/v2\/comments?post=15263"}],"wp:featuredmedia":[{"embeddable":true,"href":"https:\/\/www.europesstore.com\/en\/wp-json\/wp\/v2\/media\/15311"}],"wp:attachment":[{"href":"https:\/\/www.europesstore.com\/en\/wp-json\/wp\/v2\/media?parent=15263"}],"wp:term":[{"taxonomy":"product_brand","embeddable":true,"href":"https:\/\/www.europesstore.com\/en\/wp-json\/wp\/v2\/product_brand?post=15263"},{"taxonomy":"product_cat","embeddable":true,"href":"https:\/\/www.europesstore.com\/en\/wp-json\/wp\/v2\/product_cat?post=15263"},{"taxonomy":"product_tag","embeddable":true,"href":"https:\/\/www.europesstore.com\/en\/wp-json\/wp\/v2\/product_tag?post=15263"}],"curies":[{"name":"wp","href":"https:\/\/api.w.org\/{rel}","templated":true}]}}