{"id":15264,"date":"2025-12-31T15:40:15","date_gmt":"2025-12-31T15:40:15","guid":{"rendered":"https:\/\/www.europesstore.com\/?post_type=product&#038;p=15264"},"modified":"2025-12-31T15:41:45","modified_gmt":"2025-12-31T15:41:45","slug":"lacoste-unisex-gunes-gozlugu-siyah-gold","status":"publish","type":"product","link":"https:\/\/www.europesstore.com\/en\/product\/lacoste-unisex-gunes-gozlugu-siyah-gold\/","title":{"rendered":"Lacoste Unisex G\u00fcne\u015f G\u00f6zl\u00fc\u011f\u00fc &#8211; Siyah Gold"},"content":{"rendered":"<p>Sportif \u015f\u0131kl\u0131\u011f\u0131n ikonik temsilcisi Lacoste, unisex g\u00fcne\u015f g\u00f6zl\u00fc\u011f\u00fc koleksiyonuna bu <strong data-start=\"349\" data-end=\"362\">soft kare<\/strong> modelle \u00e7a\u011fda\u015f bir dokunu\u015f kat\u0131yor. \u0130nce <strong data-start=\"404\" data-end=\"425\">alt\u0131n metal g\u00f6vde<\/strong> ve <strong data-start=\"429\" data-end=\"456\">siyah asetat \u00f6n \u00e7er\u00e7eve<\/strong> kontrast\u0131, g\u00fcndelik kombinlerden ofis stiline kadar her ortama uyum sa\u011flarken; y\u00fcksek performansl\u0131 <strong data-start=\"556\" data-end=\"582\">polarize UV400 lensler<\/strong> g\u00f6zlerinizi parlamaya ve zararl\u0131 \u0131\u015f\u0131nlara kar\u015f\u0131 tamamen korur.<\/p>","protected":false},"excerpt":{"rendered":"<p>Sportif \u015f\u0131kl\u0131\u011f\u0131n ikonik temsilcisi Lacoste, unisex g\u00fcne\u015f g\u00f6zl\u00fc\u011f\u00fc koleksiyonuna bu soft kare modelle \u00e7a\u011fda\u015f bir dokunu\u015f kat\u0131yor. \u0130nce alt\u0131n metal g\u00f6vde ve siyah asetat \u00f6n \u00e7er\u00e7eve kontrast\u0131, g\u00fcndelik kombinlerden ofis stiline kadar her ortama uyum sa\u011flarken; y\u00fcksek performansl\u0131 polarize UV400 lensler g\u00f6zlerinizi parlamaya ve zararl\u0131 \u0131\u015f\u0131nlara kar\u015f\u0131 tamamen korur.<\/p>","protected":false},"featured_media":15312,"comment_status":"open","ping_status":"closed","template":"","meta":[],"product_brand":[],"product_cat":[950,964],"product_tag":[],"class_list":{"0":"post-15264","1":"product","2":"type-product","3":"status-publish","4":"has-post-thumbnail","6":"product_cat-gozluk","7":"product_cat-yeni-gelenler","9":"first","10":"instock","11":"sale","12":"shipping-taxable","13":"purchasable","14":"product-type-simple"},"jetpack_sharing_enabled":true,"_links":{"self":[{"href":"https:\/\/www.europesstore.com\/en\/wp-json\/wp\/v2\/product\/15264","targetHints":{"allow":["GET"]}}],"collection":[{"href":"https:\/\/www.europesstore.com\/en\/wp-json\/wp\/v2\/product"}],"about":[{"href":"https:\/\/www.europesstore.com\/en\/wp-json\/wp\/v2\/types\/product"}],"replies":[{"embeddable":true,"href":"https:\/\/www.europesstore.com\/en\/wp-json\/wp\/v2\/comments?post=15264"}],"wp:featuredmedia":[{"embeddable":true,"href":"https:\/\/www.europesstore.com\/en\/wp-json\/wp\/v2\/media\/15312"}],"wp:attachment":[{"href":"https:\/\/www.europesstore.com\/en\/wp-json\/wp\/v2\/media?parent=15264"}],"wp:term":[{"taxonomy":"product_brand","embeddable":true,"href":"https:\/\/www.europesstore.com\/en\/wp-json\/wp\/v2\/product_brand?post=15264"},{"taxonomy":"product_cat","embeddable":true,"href":"https:\/\/www.europesstore.com\/en\/wp-json\/wp\/v2\/product_cat?post=15264"},{"taxonomy":"product_tag","embeddable":true,"href":"https:\/\/www.europesstore.com\/en\/wp-json\/wp\/v2\/product_tag?post=15264"}],"curies":[{"name":"wp","href":"https:\/\/api.w.org\/{rel}","templated":true}]}}