{"id":15276,"date":"2025-12-31T15:40:39","date_gmt":"2025-12-31T15:40:39","guid":{"rendered":"https:\/\/www.europesstore.com\/?post_type=product&#038;p=15276"},"modified":"2025-12-31T15:42:08","modified_gmt":"2025-12-31T15:42:08","slug":"saint-laurent-sl-m143-cat-eye-gunes-gozlugu-havana-green","status":"publish","type":"product","link":"https:\/\/www.europesstore.com\/en\/product\/saint-laurent-sl-m143-cat-eye-gunes-gozlugu-havana-green\/","title":{"rendered":"Saint Laurent SL M143 Cat-Eye G\u00fcne\u015f G\u00f6zl\u00fc\u011f\u00fc -Havana \/ Green"},"content":{"rendered":"<p>Saint Laurent\u2019in \u201cMonogram Hinge\u201d serisine ait <strong data-start=\"192\" data-end=\"203\">SL M143<\/strong>, 60\u2019lar\u0131n ikonik kedi-g\u00f6z siluetini modern bir yorumla yeniden do\u011furuyor. Tamamen parlak <strong data-start=\"293\" data-end=\"313\">off-white asetat<\/strong> g\u00f6vde, her iki \u015fakakta yer alan <strong data-start=\"346\" data-end=\"386\">alt\u0131n renkli YSL Cassandre monogram\u0131<\/strong> ile sofistike bir kontrast yarat\u0131yor. Orta geni\u015flikteki \u00e7er\u00e7eve, geri d\u00f6n\u00fc\u015ft\u00fcr\u00fclm\u00fc\u015f asetat kullan\u0131larak \u0130talya\u2019da el i\u015f\u00e7ili\u011fiyle \u00fcretilmi\u015f olup, g\u00fcnl\u00fck kullan\u0131mda hafiflik ve dayan\u0131kl\u0131l\u0131k sun<\/p>","protected":false},"excerpt":{"rendered":"<p>Saint Laurent\u2019in \u201cMonogram Hinge\u201d serisine ait SL M143, 60\u2019lar\u0131n ikonik kedi-g\u00f6z siluetini modern bir yorumla yeniden do\u011furuyor. Tamamen parlak off-white asetat g\u00f6vde, her iki \u015fakakta yer alan alt\u0131n renkli YSL Cassandre monogram\u0131 ile sofistike bir kontrast yarat\u0131yor. Orta geni\u015flikteki \u00e7er\u00e7eve, geri d\u00f6n\u00fc\u015ft\u00fcr\u00fclm\u00fc\u015f asetat kullan\u0131larak \u0130talya\u2019da el i\u015f\u00e7ili\u011fiyle \u00fcretilmi\u015f olup, g\u00fcnl\u00fck kullan\u0131mda hafiflik ve dayan\u0131kl\u0131l\u0131k sun<\/p>","protected":false},"featured_media":15325,"comment_status":"open","ping_status":"closed","template":"","meta":[],"product_brand":[],"product_cat":[950,964],"product_tag":[],"class_list":{"0":"post-15276","1":"product","2":"type-product","3":"status-publish","4":"has-post-thumbnail","6":"product_cat-gozluk","7":"product_cat-yeni-gelenler","9":"first","10":"instock","11":"sale","12":"shipping-taxable","13":"purchasable","14":"product-type-simple"},"jetpack_sharing_enabled":true,"_links":{"self":[{"href":"https:\/\/www.europesstore.com\/en\/wp-json\/wp\/v2\/product\/15276","targetHints":{"allow":["GET"]}}],"collection":[{"href":"https:\/\/www.europesstore.com\/en\/wp-json\/wp\/v2\/product"}],"about":[{"href":"https:\/\/www.europesstore.com\/en\/wp-json\/wp\/v2\/types\/product"}],"replies":[{"embeddable":true,"href":"https:\/\/www.europesstore.com\/en\/wp-json\/wp\/v2\/comments?post=15276"}],"wp:featuredmedia":[{"embeddable":true,"href":"https:\/\/www.europesstore.com\/en\/wp-json\/wp\/v2\/media\/15325"}],"wp:attachment":[{"href":"https:\/\/www.europesstore.com\/en\/wp-json\/wp\/v2\/media?parent=15276"}],"wp:term":[{"taxonomy":"product_brand","embeddable":true,"href":"https:\/\/www.europesstore.com\/en\/wp-json\/wp\/v2\/product_brand?post=15276"},{"taxonomy":"product_cat","embeddable":true,"href":"https:\/\/www.europesstore.com\/en\/wp-json\/wp\/v2\/product_cat?post=15276"},{"taxonomy":"product_tag","embeddable":true,"href":"https:\/\/www.europesstore.com\/en\/wp-json\/wp\/v2\/product_tag?post=15276"}],"curies":[{"name":"wp","href":"https:\/\/api.w.org\/{rel}","templated":true}]}}