{"id":15290,"date":"2025-12-31T15:41:06","date_gmt":"2025-12-31T15:41:06","guid":{"rendered":"https:\/\/www.europesstore.com\/?post_type=product&#038;p=15290"},"modified":"2025-12-31T15:42:34","modified_gmt":"2025-12-31T15:42:34","slug":"loewe-anagram-bevelled-lw-dikdortgen-gunes-gozlugu-siyah","status":"publish","type":"product","link":"https:\/\/www.europesstore.com\/en\/product\/loewe-anagram-bevelled-lw-dikdortgen-gunes-gozlugu-siyah\/","title":{"rendered":"Loewe Anagram Bevelled LW Dikd\u00f6rtgen G\u00fcne\u015f G\u00f6zl\u00fc\u011f\u00fc \u2013 Siyah"},"content":{"rendered":"<p>Loewe\u2019nin ikonik <strong data-start=\"241\" data-end=\"252\">Anagram<\/strong> logosunu kal\u0131n asetat hatlarla bulu\u015fturan <strong data-start=\"295\" data-end=\"307\">Bevelled<\/strong> serisi, retro\u2010dikd\u00f6rtgen formu modern bir yorumla yeniden sunar. Derin <strong data-start=\"379\" data-end=\"393\">Red Havana<\/strong> desenli \u00e7er\u00e7eve, \u00f6nde a\u00e7\u0131l\u0131 (bevel) kesimleriyle \u0131\u015f\u0131lt\u0131y\u0131 yakalarken, her iki sapta alt\u0131n renkli Anagram rozeti l\u00fcks\u00fc vurgular. %100 UV korumal\u0131 <strong data-start=\"539\" data-end=\"572\">kategori 3 kahverengi lensler<\/strong> \u015fehir \u0131\u015f\u0131klar\u0131ndan sahil g\u00fcn bat\u0131m\u0131na kadar net g\u00f6r\u00fc\u015f sa\u011flar.<\/p>\n<p>Loewe\u2019nin heykelsi tasar\u0131m\u0131yla bak\u0131\u015flara karakter kat\u0131n\u2014Anagram Bevelled\u2019i hemen sepete ekleyin!<\/p>","protected":false},"excerpt":{"rendered":"<p>Loewe\u2019nin ikonik Anagram logosunu kal\u0131n asetat hatlarla bulu\u015fturan Bevelled serisi, retro\u2010dikd\u00f6rtgen formu modern bir yorumla yeniden sunar. Derin Red Havana desenli \u00e7er\u00e7eve, \u00f6nde a\u00e7\u0131l\u0131 (bevel) kesimleriyle \u0131\u015f\u0131lt\u0131y\u0131 yakalarken, her iki sapta alt\u0131n renkli Anagram rozeti l\u00fcks\u00fc vurgular. %100 UV korumal\u0131 kategori 3 kahverengi lensler \u015fehir \u0131\u015f\u0131klar\u0131ndan sahil g\u00fcn bat\u0131m\u0131na kadar net g\u00f6r\u00fc\u015f sa\u011flar. Loewe\u2019nin heykelsi [&hellip;]<\/p>","protected":false},"featured_media":15339,"comment_status":"open","ping_status":"closed","template":"","meta":[],"product_brand":[],"product_cat":[950,964],"product_tag":[],"class_list":{"0":"post-15290","1":"product","2":"type-product","3":"status-publish","4":"has-post-thumbnail","6":"product_cat-gozluk","7":"product_cat-yeni-gelenler","9":"first","10":"instock","11":"sale","12":"shipping-taxable","13":"purchasable","14":"product-type-simple"},"jetpack_sharing_enabled":true,"_links":{"self":[{"href":"https:\/\/www.europesstore.com\/en\/wp-json\/wp\/v2\/product\/15290","targetHints":{"allow":["GET"]}}],"collection":[{"href":"https:\/\/www.europesstore.com\/en\/wp-json\/wp\/v2\/product"}],"about":[{"href":"https:\/\/www.europesstore.com\/en\/wp-json\/wp\/v2\/types\/product"}],"replies":[{"embeddable":true,"href":"https:\/\/www.europesstore.com\/en\/wp-json\/wp\/v2\/comments?post=15290"}],"wp:featuredmedia":[{"embeddable":true,"href":"https:\/\/www.europesstore.com\/en\/wp-json\/wp\/v2\/media\/15339"}],"wp:attachment":[{"href":"https:\/\/www.europesstore.com\/en\/wp-json\/wp\/v2\/media?parent=15290"}],"wp:term":[{"taxonomy":"product_brand","embeddable":true,"href":"https:\/\/www.europesstore.com\/en\/wp-json\/wp\/v2\/product_brand?post=15290"},{"taxonomy":"product_cat","embeddable":true,"href":"https:\/\/www.europesstore.com\/en\/wp-json\/wp\/v2\/product_cat?post=15290"},{"taxonomy":"product_tag","embeddable":true,"href":"https:\/\/www.europesstore.com\/en\/wp-json\/wp\/v2\/product_tag?post=15290"}],"curies":[{"name":"wp","href":"https:\/\/api.w.org\/{rel}","templated":true}]}}