{"id":15303,"date":"2025-12-31T15:41:32","date_gmt":"2025-12-31T15:41:32","guid":{"rendered":"https:\/\/www.europesstore.com\/?post_type=product&#038;p=15303"},"modified":"2025-12-31T15:42:57","modified_gmt":"2025-12-31T15:42:57","slug":"maybach-eyewear-exelero-unisex-gunes-gozlugu-siyah","status":"publish","type":"product","link":"https:\/\/www.europesstore.com\/en\/product\/maybach-eyewear-exelero-unisex-gunes-gozlugu-siyah\/","title":{"rendered":"Maybach Eyewear Exelero Unisex G\u00fcne\u015f G\u00f6zl\u00fc\u011f\u00fc &#8211; Siyah"},"content":{"rendered":"<p>Maybach\u2019\u0131n imza navigator siluetine modern dokunu\u015f katan <strong data-start=\"341\" data-end=\"358\">Exelero MB-S1<\/strong>, ultra hafif <strong data-start=\"372\" data-end=\"395\">ion-plated titanyum<\/strong> \u00e7ift k\u00f6pr\u00fc \u00e7er\u00e7eve ve zarif <strong data-start=\"424\" data-end=\"443\">tortoise asetat<\/strong> saplarla bulu\u015fuyor. Koyu <strong data-start=\"469\" data-end=\"486\">smoke degrade<\/strong> lensler, %100 UVA\/UVB korumas\u0131yla g\u00fcn boyu net g\u00f6r\u00fc\u015f sa\u011flarken, premium i\u015f\u00e7ilik ve detaylarda gizli \u201cM\u201d logosu tasar\u0131m\u0131 tamaml\u0131yor.<\/p>","protected":false},"excerpt":{"rendered":"<p>Maybach\u2019\u0131n imza navigator siluetine modern dokunu\u015f katan Exelero MB-S1, ultra hafif ion-plated titanyum \u00e7ift k\u00f6pr\u00fc \u00e7er\u00e7eve ve zarif tortoise asetat saplarla bulu\u015fuyor. Koyu smoke degrade lensler, %100 UVA\/UVB korumas\u0131yla g\u00fcn boyu net g\u00f6r\u00fc\u015f sa\u011flarken, premium i\u015f\u00e7ilik ve detaylarda gizli \u201cM\u201d logosu tasar\u0131m\u0131 tamaml\u0131yor.<\/p>","protected":false},"featured_media":15352,"comment_status":"open","ping_status":"closed","template":"","meta":[],"product_brand":[],"product_cat":[950,964],"product_tag":[],"class_list":{"0":"post-15303","1":"product","2":"type-product","3":"status-publish","4":"has-post-thumbnail","6":"product_cat-gozluk","7":"product_cat-yeni-gelenler","9":"first","10":"instock","11":"sale","12":"shipping-taxable","13":"purchasable","14":"product-type-simple"},"jetpack_sharing_enabled":true,"_links":{"self":[{"href":"https:\/\/www.europesstore.com\/en\/wp-json\/wp\/v2\/product\/15303","targetHints":{"allow":["GET"]}}],"collection":[{"href":"https:\/\/www.europesstore.com\/en\/wp-json\/wp\/v2\/product"}],"about":[{"href":"https:\/\/www.europesstore.com\/en\/wp-json\/wp\/v2\/types\/product"}],"replies":[{"embeddable":true,"href":"https:\/\/www.europesstore.com\/en\/wp-json\/wp\/v2\/comments?post=15303"}],"wp:featuredmedia":[{"embeddable":true,"href":"https:\/\/www.europesstore.com\/en\/wp-json\/wp\/v2\/media\/15352"}],"wp:attachment":[{"href":"https:\/\/www.europesstore.com\/en\/wp-json\/wp\/v2\/media?parent=15303"}],"wp:term":[{"taxonomy":"product_brand","embeddable":true,"href":"https:\/\/www.europesstore.com\/en\/wp-json\/wp\/v2\/product_brand?post=15303"},{"taxonomy":"product_cat","embeddable":true,"href":"https:\/\/www.europesstore.com\/en\/wp-json\/wp\/v2\/product_cat?post=15303"},{"taxonomy":"product_tag","embeddable":true,"href":"https:\/\/www.europesstore.com\/en\/wp-json\/wp\/v2\/product_tag?post=15303"}],"curies":[{"name":"wp","href":"https:\/\/api.w.org\/{rel}","templated":true}]}}