{"id":15307,"date":"2025-12-31T15:41:32","date_gmt":"2025-12-31T15:41:32","guid":{"rendered":"https:\/\/www.europesstore.com\/?post_type=product&#038;p=15307"},"modified":"2025-12-31T15:43:10","modified_gmt":"2025-12-31T15:43:10","slug":"gucci-unisex-dikdortgen-asetat-gunes-gozlugu-beyaz","status":"publish","type":"product","link":"https:\/\/www.europesstore.com\/en\/product\/gucci-unisex-dikdortgen-asetat-gunes-gozlugu-beyaz\/","title":{"rendered":"Gucci Unisex Dikd\u00f6rtgen Asetat G\u00fcne\u015f G\u00f6zl\u00fc\u011f\u00fc- Beyaz"},"content":{"rendered":"<p>Gucci\u2019nin modern unisex dikd\u00f6rtgen siluetini yans\u0131tan GG0064S modeli, asetat \u00e7er\u00e7eve ile zarif degrade lensleri bulu\u015fturuyor. \u0130nce ama dayan\u0131kl\u0131 asetat malzeme, y\u00fcz hatlar\u0131n\u0131 dengelerken saatlerce tak\u0131lsa bile konforunu korur. Degrade lensler, yo\u011fun \u0131\u015f\u0131kta \u00fcst b\u00f6l\u00fcm\u00fc koyu tutup alta do\u011fru ge\u00e7i\u015f yaparak hem stilinize derinlik katar hem de %100 UV400 koruma sa\u011flar. \u0130\u00e7 taraftaki metalik \u201cGUCCI\u201d logosu ve hassas mente\u015fe detaylar\u0131, g\u00f6zl\u00fc\u011fe l\u00fcks bir dokunu\u015f ekler.<\/p>","protected":false},"excerpt":{"rendered":"<p>Gucci\u2019nin modern unisex dikd\u00f6rtgen siluetini yans\u0131tan GG0064S modeli, asetat \u00e7er\u00e7eve ile zarif degrade lensleri bulu\u015fturuyor. \u0130nce ama dayan\u0131kl\u0131 asetat malzeme, y\u00fcz hatlar\u0131n\u0131 dengelerken saatlerce tak\u0131lsa bile konforunu korur. Degrade lensler, yo\u011fun \u0131\u015f\u0131kta \u00fcst b\u00f6l\u00fcm\u00fc koyu tutup alta do\u011fru ge\u00e7i\u015f yaparak hem stilinize derinlik katar hem de %100 UV400 koruma sa\u011flar. \u0130\u00e7 taraftaki metalik \u201cGUCCI\u201d logosu ve hassas mente\u015fe detaylar\u0131, g\u00f6zl\u00fc\u011fe l\u00fcks bir dokunu\u015f ekler.<\/p>","protected":false},"featured_media":15356,"comment_status":"open","ping_status":"closed","template":"","meta":[],"product_brand":[],"product_cat":[950,964],"product_tag":[],"class_list":{"0":"post-15307","1":"product","2":"type-product","3":"status-publish","4":"has-post-thumbnail","6":"product_cat-gozluk","7":"product_cat-yeni-gelenler","9":"first","10":"instock","11":"sale","12":"shipping-taxable","13":"purchasable","14":"product-type-simple"},"jetpack_sharing_enabled":true,"_links":{"self":[{"href":"https:\/\/www.europesstore.com\/en\/wp-json\/wp\/v2\/product\/15307","targetHints":{"allow":["GET"]}}],"collection":[{"href":"https:\/\/www.europesstore.com\/en\/wp-json\/wp\/v2\/product"}],"about":[{"href":"https:\/\/www.europesstore.com\/en\/wp-json\/wp\/v2\/types\/product"}],"replies":[{"embeddable":true,"href":"https:\/\/www.europesstore.com\/en\/wp-json\/wp\/v2\/comments?post=15307"}],"wp:featuredmedia":[{"embeddable":true,"href":"https:\/\/www.europesstore.com\/en\/wp-json\/wp\/v2\/media\/15356"}],"wp:attachment":[{"href":"https:\/\/www.europesstore.com\/en\/wp-json\/wp\/v2\/media?parent=15307"}],"wp:term":[{"taxonomy":"product_brand","embeddable":true,"href":"https:\/\/www.europesstore.com\/en\/wp-json\/wp\/v2\/product_brand?post=15307"},{"taxonomy":"product_cat","embeddable":true,"href":"https:\/\/www.europesstore.com\/en\/wp-json\/wp\/v2\/product_cat?post=15307"},{"taxonomy":"product_tag","embeddable":true,"href":"https:\/\/www.europesstore.com\/en\/wp-json\/wp\/v2\/product_tag?post=15307"}],"curies":[{"name":"wp","href":"https:\/\/api.w.org\/{rel}","templated":true}]}}