{"id":15308,"date":"2025-12-31T15:41:33","date_gmt":"2025-12-31T15:41:33","guid":{"rendered":"https:\/\/www.europesstore.com\/?post_type=product&#038;p=15308"},"modified":"2025-12-31T15:43:13","modified_gmt":"2025-12-31T15:43:13","slug":"prada-pr-16vs-dikdortgen-gunes-gozlugu-siyah-gumus","status":"publish","type":"product","link":"https:\/\/www.europesstore.com\/en\/product\/prada-pr-16vs-dikdortgen-gunes-gozlugu-siyah-gumus\/","title":{"rendered":"Prada PR 16VS Dikd\u00f6rtgen G\u00fcne\u015f G\u00f6zl\u00fc\u011f\u00fc- Siyah g\u00fcm\u00fc\u015f"},"content":{"rendered":"<p>Prada\u2019n\u0131n ikonik \u201cenamel\u2013inlay\u201d detaylar\u0131n\u0131 ta\u015f\u0131yan PR 16VS modeli, zarif alt\u0131n metal \u00e7er\u00e7evesi ile parlak beyaz ve k\u0131rm\u0131z\u0131 emaye saplar\u0131 bir araya getiriyor. Modern dikd\u00f6rtgen silueti, y\u00fcz hatlar\u0131n\u0131 keskinle\u015ftirirken, premium kategori-3 gri degrade lensler %100 UV400 koruma sunar. \u0130nce metal i\u015f\u00e7ili\u011fi ve Prada logolu sap plaketi, her a\u00e7\u0131dan l\u00fcks bir dokunu\u015f kat\u0131yor.<\/p>","protected":false},"excerpt":{"rendered":"<p>Prada\u2019n\u0131n ikonik \u201cenamel\u2013inlay\u201d detaylar\u0131n\u0131 ta\u015f\u0131yan PR 16VS modeli, zarif alt\u0131n metal \u00e7er\u00e7evesi ile parlak beyaz ve k\u0131rm\u0131z\u0131 emaye saplar\u0131 bir araya getiriyor. Modern dikd\u00f6rtgen silueti, y\u00fcz hatlar\u0131n\u0131 keskinle\u015ftirirken, premium kategori-3 gri degrade lensler %100 UV400 koruma sunar. \u0130nce metal i\u015f\u00e7ili\u011fi ve Prada logolu sap plaketi, her a\u00e7\u0131dan l\u00fcks bir dokunu\u015f kat\u0131yor.<\/p>","protected":false},"featured_media":15357,"comment_status":"open","ping_status":"closed","template":"","meta":[],"product_brand":[],"product_cat":[950,964],"product_tag":[],"class_list":{"0":"post-15308","1":"product","2":"type-product","3":"status-publish","4":"has-post-thumbnail","6":"product_cat-gozluk","7":"product_cat-yeni-gelenler","9":"first","10":"instock","11":"sale","12":"shipping-taxable","13":"purchasable","14":"product-type-simple"},"jetpack_sharing_enabled":true,"_links":{"self":[{"href":"https:\/\/www.europesstore.com\/en\/wp-json\/wp\/v2\/product\/15308","targetHints":{"allow":["GET"]}}],"collection":[{"href":"https:\/\/www.europesstore.com\/en\/wp-json\/wp\/v2\/product"}],"about":[{"href":"https:\/\/www.europesstore.com\/en\/wp-json\/wp\/v2\/types\/product"}],"replies":[{"embeddable":true,"href":"https:\/\/www.europesstore.com\/en\/wp-json\/wp\/v2\/comments?post=15308"}],"wp:featuredmedia":[{"embeddable":true,"href":"https:\/\/www.europesstore.com\/en\/wp-json\/wp\/v2\/media\/15357"}],"wp:attachment":[{"href":"https:\/\/www.europesstore.com\/en\/wp-json\/wp\/v2\/media?parent=15308"}],"wp:term":[{"taxonomy":"product_brand","embeddable":true,"href":"https:\/\/www.europesstore.com\/en\/wp-json\/wp\/v2\/product_brand?post=15308"},{"taxonomy":"product_cat","embeddable":true,"href":"https:\/\/www.europesstore.com\/en\/wp-json\/wp\/v2\/product_cat?post=15308"},{"taxonomy":"product_tag","embeddable":true,"href":"https:\/\/www.europesstore.com\/en\/wp-json\/wp\/v2\/product_tag?post=15308"}],"curies":[{"name":"wp","href":"https:\/\/api.w.org\/{rel}","templated":true}]}}