{"id":15319,"date":"2025-12-31T15:41:58","date_gmt":"2025-12-31T15:41:58","guid":{"rendered":"https:\/\/www.europesstore.com\/?post_type=product&#038;p=15319"},"modified":"2026-01-12T07:15:55","modified_gmt":"2026-01-12T07:15:55","slug":"celine-ithal-gunes-gozlugu-908070-siyah","status":"publish","type":"product","link":"https:\/\/www.europesstore.com\/en\/product\/celine-ithal-gunes-gozlugu-908070-siyah\/","title":{"rendered":"CEL\u0130NE \u0130THAL G\u00dcNE\u015e G\u00d6ZL\u00dc\u011e\u00dc-908070- S\u0130yah"},"content":{"rendered":"<p><strong style=\"font-style: normal; letter-spacing: normal; text-align: start; text-decoration: none; text-indent: 0px; text-transform: none;\" data-start=\"153\" data-end=\"194\">CELINE G\u00fcne\u015f G\u00f6zl\u00fc\u011f\u00fc \u2013 908070 \u2013 Si<\/strong><span style=\"font-size: medium;\"><span style=\"float: none; font-style: normal; font-weight: 400; letter-spacing: normal; text-align: start; text-decoration: none; text-indent: 0px; text-transform: none;\">, markan\u0131n ikonik \u00e7izgilerini yans\u0131tan zamans\u0131z ve sofistike bir tasar\u0131ma sahiptir. UV400 korumal\u0131 camlar\u0131, g\u00f6zlerinizi zararl\u0131 g\u00fcne\u015f \u0131\u015f\u0131nlar\u0131na kar\u015f\u0131 y\u00fcksek d\u00fczeyde korurken, siyah \u00e7er\u00e7evesi ile g\u00fc\u00e7l\u00fc ve modern bir duru\u015f sergiler. Hafif yap\u0131s\u0131 ve ergonomik formu sayesinde g\u00fcn boyu rahat bir kullan\u0131m sunar.<\/span><\/span><br \/>\n<span style=\"font-size: medium;\"><span style=\"float: none; font-style: normal; font-weight: 400; letter-spacing: normal; text-align: start; text-decoration: none; text-indent: 0px; text-transform: none;\">\u00dcr\u00fcn, <\/span><\/span><strong style=\"font-style: normal; letter-spacing: normal; text-align: start; text-decoration: none; text-indent: 0px; text-transform: none;\" data-start=\"511\" data-end=\"566\">kutusu ve mikrofiber temizleme bezi<\/strong><span style=\"font-size: medium;\"><span style=\"float: none; font-style: normal; font-weight: 400; letter-spacing: normal; text-align: start; text-decoration: none; text-indent: 0px; text-transform: none;\"> ile birlikte g\u00f6nderilmektedir.<\/span><\/span><\/p>","protected":false},"excerpt":{"rendered":"<p>CELINE G\u00fcne\u015f G\u00f6zl\u00fc\u011f\u00fc \u2013 908070 \u2013 Si, markan\u0131n ikonik \u00e7izgilerini yans\u0131tan zamans\u0131z ve sofistike bir tasar\u0131ma sahiptir. UV400 korumal\u0131 camlar\u0131, g\u00f6zlerinizi zararl\u0131 g\u00fcne\u015f \u0131\u015f\u0131nlar\u0131na kar\u015f\u0131 y\u00fcksek d\u00fczeyde korurken, siyah \u00e7er\u00e7evesi ile g\u00fc\u00e7l\u00fc ve modern bir duru\u015f sergiler. Hafif yap\u0131s\u0131 ve ergonomik formu sayesinde g\u00fcn boyu rahat bir kullan\u0131m sunar. \u00dcr\u00fcn, kutusu ve mikrofiber temizleme bezi [&hellip;]<\/p>","protected":false},"featured_media":15368,"comment_status":"open","ping_status":"closed","template":"","meta":[],"product_brand":[],"product_cat":[950,964],"product_tag":[],"class_list":{"0":"post-15319","1":"product","2":"type-product","3":"status-publish","4":"has-post-thumbnail","6":"product_cat-gozluk","7":"product_cat-yeni-gelenler","9":"first","10":"instock","11":"sale","12":"shipping-taxable","13":"purchasable","14":"product-type-simple"},"jetpack_sharing_enabled":true,"_links":{"self":[{"href":"https:\/\/www.europesstore.com\/en\/wp-json\/wp\/v2\/product\/15319","targetHints":{"allow":["GET"]}}],"collection":[{"href":"https:\/\/www.europesstore.com\/en\/wp-json\/wp\/v2\/product"}],"about":[{"href":"https:\/\/www.europesstore.com\/en\/wp-json\/wp\/v2\/types\/product"}],"replies":[{"embeddable":true,"href":"https:\/\/www.europesstore.com\/en\/wp-json\/wp\/v2\/comments?post=15319"}],"wp:featuredmedia":[{"embeddable":true,"href":"https:\/\/www.europesstore.com\/en\/wp-json\/wp\/v2\/media\/15368"}],"wp:attachment":[{"href":"https:\/\/www.europesstore.com\/en\/wp-json\/wp\/v2\/media?parent=15319"}],"wp:term":[{"taxonomy":"product_brand","embeddable":true,"href":"https:\/\/www.europesstore.com\/en\/wp-json\/wp\/v2\/product_brand?post=15319"},{"taxonomy":"product_cat","embeddable":true,"href":"https:\/\/www.europesstore.com\/en\/wp-json\/wp\/v2\/product_cat?post=15319"},{"taxonomy":"product_tag","embeddable":true,"href":"https:\/\/www.europesstore.com\/en\/wp-json\/wp\/v2\/product_tag?post=15319"}],"curies":[{"name":"wp","href":"https:\/\/api.w.org\/{rel}","templated":true}]}}