{"id":15321,"date":"2025-12-31T15:41:58","date_gmt":"2025-12-31T15:41:58","guid":{"rendered":"https:\/\/www.europesstore.com\/?post_type=product&#038;p=15321"},"modified":"2025-12-31T15:43:37","modified_gmt":"2025-12-31T15:43:37","slug":"ray-ban-justin-rb4165-polarize-gunes-gozlugu-kahve","status":"publish","type":"product","link":"https:\/\/www.europesstore.com\/en\/product\/ray-ban-justin-rb4165-polarize-gunes-gozlugu-kahve\/","title":{"rendered":"Ray-Ban Justin RB4165 Polarize G\u00fcne\u015f G\u00f6zl\u00fc\u011f\u00fc &#8211; Kahve"},"content":{"rendered":"<p>Ray-Ban\u2019in zamans\u0131z Justin siluetini modernle\u015ftiren RB4165, mat siyah acetat \u00e7er\u00e7evesi ve y\u00fcksek performansl\u0131 polarize lensleriyle enerjisi y\u00fcksek bir unisex model sunar. Polarize lensler, yans\u0131malar\u0131 keserek netlik ve kontrast\u0131 art\u0131r\u0131rken %100 UV400 koruma sa\u011flar. Hafif yap\u0131s\u0131-ve ikonik Ray-Ban metal \u00e7ivileri-uzun s\u00fcreli konfor i\u00e7in ideal.<\/p>","protected":false},"excerpt":{"rendered":"<p>Ray-Ban\u2019in zamans\u0131z Justin siluetini modernle\u015ftiren RB4165, mat siyah acetat \u00e7er\u00e7evesi ve y\u00fcksek performansl\u0131 polarize lensleriyle enerjisi y\u00fcksek bir unisex model sunar. Polarize lensler, yans\u0131malar\u0131 keserek netlik ve kontrast\u0131 art\u0131r\u0131rken %100 UV400 koruma sa\u011flar. Hafif yap\u0131s\u0131-ve ikonik Ray-Ban metal \u00e7ivileri-uzun s\u00fcreli konfor i\u00e7in ideal.<\/p>","protected":false},"featured_media":15370,"comment_status":"open","ping_status":"closed","template":"","meta":[],"product_brand":[],"product_cat":[950,964],"product_tag":[],"class_list":{"0":"post-15321","1":"product","2":"type-product","3":"status-publish","4":"has-post-thumbnail","6":"product_cat-gozluk","7":"product_cat-yeni-gelenler","9":"first","10":"instock","11":"sale","12":"shipping-taxable","13":"purchasable","14":"product-type-simple"},"jetpack_sharing_enabled":true,"_links":{"self":[{"href":"https:\/\/www.europesstore.com\/en\/wp-json\/wp\/v2\/product\/15321","targetHints":{"allow":["GET"]}}],"collection":[{"href":"https:\/\/www.europesstore.com\/en\/wp-json\/wp\/v2\/product"}],"about":[{"href":"https:\/\/www.europesstore.com\/en\/wp-json\/wp\/v2\/types\/product"}],"replies":[{"embeddable":true,"href":"https:\/\/www.europesstore.com\/en\/wp-json\/wp\/v2\/comments?post=15321"}],"wp:featuredmedia":[{"embeddable":true,"href":"https:\/\/www.europesstore.com\/en\/wp-json\/wp\/v2\/media\/15370"}],"wp:attachment":[{"href":"https:\/\/www.europesstore.com\/en\/wp-json\/wp\/v2\/media?parent=15321"}],"wp:term":[{"taxonomy":"product_brand","embeddable":true,"href":"https:\/\/www.europesstore.com\/en\/wp-json\/wp\/v2\/product_brand?post=15321"},{"taxonomy":"product_cat","embeddable":true,"href":"https:\/\/www.europesstore.com\/en\/wp-json\/wp\/v2\/product_cat?post=15321"},{"taxonomy":"product_tag","embeddable":true,"href":"https:\/\/www.europesstore.com\/en\/wp-json\/wp\/v2\/product_tag?post=15321"}],"curies":[{"name":"wp","href":"https:\/\/api.w.org\/{rel}","templated":true}]}}