{"id":15334,"date":"2025-12-31T15:42:24","date_gmt":"2025-12-31T15:42:24","guid":{"rendered":"https:\/\/www.europesstore.com\/?post_type=product&#038;p=15334"},"modified":"2025-12-31T15:44:13","modified_gmt":"2025-12-31T15:44:13","slug":"ray-ban-wayfarer-classic-rb2140-unisex-gunes-gozlugu-havana-transparent-yellow","status":"publish","type":"product","link":"https:\/\/www.europesstore.com\/en\/product\/ray-ban-wayfarer-classic-rb2140-unisex-gunes-gozlugu-havana-transparent-yellow\/","title":{"rendered":"Ray-Ban Wayfarer Classic RB2140 Unisex G\u00fcne\u015f G\u00f6zl\u00fc\u011f\u00fc -Havana Transparent \/ Yellow"},"content":{"rendered":"<p>\u0130konik 1950\u2019ler tasar\u0131m\u0131n\u0131 g\u00fcn\u00fcm\u00fcze ta\u015f\u0131yan Original Wayfarer Classic RB2140, parlak siyah asetat \u00e7er\u00e7eve ve \u00fcnl\u00fc G-15 ye\u015fil lenslerle hem stil hem performansta efsanele\u015fmi\u015f bir model sunuyor. Y\u00fcz tiplerini dengelerken, %100 UV400 korumal\u0131 G-15 lensler yans\u0131malar\u0131 azalt\u0131r, kontrast\u0131 g\u00fc\u00e7lendirir ve do\u011fal renk dengesini korur.<\/p>","protected":false},"excerpt":{"rendered":"<p>\u0130konik 1950\u2019ler tasar\u0131m\u0131n\u0131 g\u00fcn\u00fcm\u00fcze ta\u015f\u0131yan Original Wayfarer Classic RB2140, parlak siyah asetat \u00e7er\u00e7eve ve \u00fcnl\u00fc G-15 ye\u015fil lenslerle hem stil hem performansta efsanele\u015fmi\u015f bir model sunuyor. Y\u00fcz tiplerini dengelerken, %100 UV400 korumal\u0131 G-15 lensler yans\u0131malar\u0131 azalt\u0131r, kontrast\u0131 g\u00fc\u00e7lendirir ve do\u011fal renk dengesini korur.<\/p>","protected":false},"featured_media":15387,"comment_status":"open","ping_status":"closed","template":"","meta":[],"product_brand":[],"product_cat":[950,964],"product_tag":[],"class_list":{"0":"post-15334","1":"product","2":"type-product","3":"status-publish","4":"has-post-thumbnail","6":"product_cat-gozluk","7":"product_cat-yeni-gelenler","9":"first","10":"onbackorder","11":"sale","12":"shipping-taxable","13":"purchasable","14":"product-type-simple"},"jetpack_sharing_enabled":true,"_links":{"self":[{"href":"https:\/\/www.europesstore.com\/en\/wp-json\/wp\/v2\/product\/15334","targetHints":{"allow":["GET"]}}],"collection":[{"href":"https:\/\/www.europesstore.com\/en\/wp-json\/wp\/v2\/product"}],"about":[{"href":"https:\/\/www.europesstore.com\/en\/wp-json\/wp\/v2\/types\/product"}],"replies":[{"embeddable":true,"href":"https:\/\/www.europesstore.com\/en\/wp-json\/wp\/v2\/comments?post=15334"}],"wp:featuredmedia":[{"embeddable":true,"href":"https:\/\/www.europesstore.com\/en\/wp-json\/wp\/v2\/media\/15387"}],"wp:attachment":[{"href":"https:\/\/www.europesstore.com\/en\/wp-json\/wp\/v2\/media?parent=15334"}],"wp:term":[{"taxonomy":"product_brand","embeddable":true,"href":"https:\/\/www.europesstore.com\/en\/wp-json\/wp\/v2\/product_brand?post=15334"},{"taxonomy":"product_cat","embeddable":true,"href":"https:\/\/www.europesstore.com\/en\/wp-json\/wp\/v2\/product_cat?post=15334"},{"taxonomy":"product_tag","embeddable":true,"href":"https:\/\/www.europesstore.com\/en\/wp-json\/wp\/v2\/product_tag?post=15334"}],"curies":[{"name":"wp","href":"https:\/\/api.w.org\/{rel}","templated":true}]}}