{"id":15345,"date":"2025-12-31T15:42:51","date_gmt":"2025-12-31T15:42:51","guid":{"rendered":"https:\/\/www.europesstore.com\/?post_type=product&#038;p=15345"},"modified":"2025-12-31T15:44:25","modified_gmt":"2025-12-31T15:44:25","slug":"celine-slim-rectangular-gunes-gozlugu-siyah","status":"publish","type":"product","link":"https:\/\/www.europesstore.com\/en\/product\/celine-slim-rectangular-gunes-gozlugu-siyah\/","title":{"rendered":"Celine Slim Rectangular G\u00fcne\u015f G\u00f6zl\u00fc\u011f\u00fc- Siyah"},"content":{"rendered":"<p>Minimalist \u00e7izgileriyle dikkat \u00e7eken Celine Slim Rectangular modeli, ince profilli havana desenli asetat \u00e7er\u00e7eve ve kademeli gri tonlara sahip UV400 korumal\u0131 degrade lensleri bir araya getiriyor. Zarif dikd\u00f6rtgen silueti, hem kad\u0131n hem erkek y\u00fcz tiplerinde modern bir duru\u015f sunar. Y\u00fcksek kaliteli asetat, hafiflik ve uzun \u00f6m\u00fcr vaat ederken; lensler parlama ve zararl\u0131 UV \u0131\u015f\u0131nlar\u0131na kar\u015f\u0131 tam koruma sa\u011flar.<\/p>","protected":false},"excerpt":{"rendered":"<p>Minimalist \u00e7izgileriyle dikkat \u00e7eken Celine Slim Rectangular modeli, ince profilli havana desenli asetat \u00e7er\u00e7eve ve kademeli gri tonlara sahip UV400 korumal\u0131 degrade lensleri bir araya getiriyor. Zarif dikd\u00f6rtgen silueti, hem kad\u0131n hem erkek y\u00fcz tiplerinde modern bir duru\u015f sunar. Y\u00fcksek kaliteli asetat, hafiflik ve uzun \u00f6m\u00fcr vaat ederken; lensler parlama ve zararl\u0131 UV \u0131\u015f\u0131nlar\u0131na kar\u015f\u0131 tam koruma sa\u011flar.<\/p>","protected":false},"featured_media":15391,"comment_status":"open","ping_status":"closed","template":"","meta":[],"product_brand":[],"product_cat":[950,964],"product_tag":[],"class_list":{"0":"post-15345","1":"product","2":"type-product","3":"status-publish","4":"has-post-thumbnail","6":"product_cat-gozluk","7":"product_cat-yeni-gelenler","9":"first","10":"instock","11":"sale","12":"shipping-taxable","13":"purchasable","14":"product-type-simple"},"jetpack_sharing_enabled":true,"_links":{"self":[{"href":"https:\/\/www.europesstore.com\/en\/wp-json\/wp\/v2\/product\/15345","targetHints":{"allow":["GET"]}}],"collection":[{"href":"https:\/\/www.europesstore.com\/en\/wp-json\/wp\/v2\/product"}],"about":[{"href":"https:\/\/www.europesstore.com\/en\/wp-json\/wp\/v2\/types\/product"}],"replies":[{"embeddable":true,"href":"https:\/\/www.europesstore.com\/en\/wp-json\/wp\/v2\/comments?post=15345"}],"wp:featuredmedia":[{"embeddable":true,"href":"https:\/\/www.europesstore.com\/en\/wp-json\/wp\/v2\/media\/15391"}],"wp:attachment":[{"href":"https:\/\/www.europesstore.com\/en\/wp-json\/wp\/v2\/media?parent=15345"}],"wp:term":[{"taxonomy":"product_brand","embeddable":true,"href":"https:\/\/www.europesstore.com\/en\/wp-json\/wp\/v2\/product_brand?post=15345"},{"taxonomy":"product_cat","embeddable":true,"href":"https:\/\/www.europesstore.com\/en\/wp-json\/wp\/v2\/product_cat?post=15345"},{"taxonomy":"product_tag","embeddable":true,"href":"https:\/\/www.europesstore.com\/en\/wp-json\/wp\/v2\/product_tag?post=15345"}],"curies":[{"name":"wp","href":"https:\/\/api.w.org\/{rel}","templated":true}]}}