{"id":15348,"date":"2025-12-31T15:42:51","date_gmt":"2025-12-31T15:42:51","guid":{"rendered":"https:\/\/www.europesstore.com\/?post_type=product&#038;p=15348"},"modified":"2025-12-31T15:44:39","modified_gmt":"2025-12-31T15:44:39","slug":"gucci-gp1991-unisex-optik-gozluk-siyah-transparan-asetat","status":"publish","type":"product","link":"https:\/\/www.europesstore.com\/en\/product\/gucci-gp1991-unisex-optik-gozluk-siyah-transparan-asetat\/","title":{"rendered":"Gucci GP1991 Unisex Optik G\u00f6zl\u00fck &#8211; Siyah Transparan Asetat"},"content":{"rendered":"<p>Gucci\u2019nin zarif kare siluetini modern detaylarla harmanlayan GP1991, y\u00fcksek kaliteli Havana desenli asetat \u00e7er\u00e7evesi ve ikonik k\u0131rm\u0131z\u0131-ye\u015fil metal \u015ferit aksanlar\u0131yla \u00f6ne \u00e7\u0131kar. \u0130nce profilli formu hem kad\u0131n hem erkek y\u00fcz hatlar\u0131nda do\u011fal bir denge yakalar. 53 mm lens geni\u015fli\u011fi, 16 mm k\u00f6pr\u00fc \u00f6l\u00e7\u00fcs\u00fc ve 144 mm sap uzunlu\u011fu ile g\u00fcn boyu konfor sunarken, entegre burun pedleri kaymay\u0131 engeller. Gucci imzas\u0131 metal plaket ve masa sap u\u00e7lar\u0131ndaki \u201cGG\u201d logosu, tasar\u0131ma l\u00fcks bir son dokunu\u015f katar.<\/p>","protected":false},"excerpt":{"rendered":"<p>Gucci\u2019nin zarif kare siluetini modern detaylarla harmanlayan GP1991, y\u00fcksek kaliteli Havana desenli asetat \u00e7er\u00e7evesi ve ikonik k\u0131rm\u0131z\u0131-ye\u015fil metal \u015ferit aksanlar\u0131yla \u00f6ne \u00e7\u0131kar. \u0130nce profilli formu hem kad\u0131n hem erkek y\u00fcz hatlar\u0131nda do\u011fal bir denge yakalar. 53 mm lens geni\u015fli\u011fi, 16 mm k\u00f6pr\u00fc \u00f6l\u00e7\u00fcs\u00fc ve 144 mm sap uzunlu\u011fu ile g\u00fcn boyu konfor sunarken, entegre burun pedleri kaymay\u0131 engeller. Gucci imzas\u0131 metal plaket ve masa sap u\u00e7lar\u0131ndaki \u201cGG\u201d logosu, tasar\u0131ma l\u00fcks bir son dokunu\u015f katar.<\/p>","protected":false},"featured_media":15401,"comment_status":"open","ping_status":"closed","template":"","meta":[],"product_brand":[],"product_cat":[950,964],"product_tag":[],"class_list":{"0":"post-15348","1":"product","2":"type-product","3":"status-publish","4":"has-post-thumbnail","6":"product_cat-gozluk","7":"product_cat-yeni-gelenler","9":"first","10":"instock","11":"sale","12":"shipping-taxable","13":"purchasable","14":"product-type-simple"},"jetpack_sharing_enabled":true,"_links":{"self":[{"href":"https:\/\/www.europesstore.com\/en\/wp-json\/wp\/v2\/product\/15348","targetHints":{"allow":["GET"]}}],"collection":[{"href":"https:\/\/www.europesstore.com\/en\/wp-json\/wp\/v2\/product"}],"about":[{"href":"https:\/\/www.europesstore.com\/en\/wp-json\/wp\/v2\/types\/product"}],"replies":[{"embeddable":true,"href":"https:\/\/www.europesstore.com\/en\/wp-json\/wp\/v2\/comments?post=15348"}],"wp:featuredmedia":[{"embeddable":true,"href":"https:\/\/www.europesstore.com\/en\/wp-json\/wp\/v2\/media\/15401"}],"wp:attachment":[{"href":"https:\/\/www.europesstore.com\/en\/wp-json\/wp\/v2\/media?parent=15348"}],"wp:term":[{"taxonomy":"product_brand","embeddable":true,"href":"https:\/\/www.europesstore.com\/en\/wp-json\/wp\/v2\/product_brand?post=15348"},{"taxonomy":"product_cat","embeddable":true,"href":"https:\/\/www.europesstore.com\/en\/wp-json\/wp\/v2\/product_cat?post=15348"},{"taxonomy":"product_tag","embeddable":true,"href":"https:\/\/www.europesstore.com\/en\/wp-json\/wp\/v2\/product_tag?post=15348"}],"curies":[{"name":"wp","href":"https:\/\/api.w.org\/{rel}","templated":true}]}}