{"id":15364,"date":"2025-12-31T15:43:18","date_gmt":"2025-12-31T15:43:18","guid":{"rendered":"https:\/\/www.europesstore.com\/?post_type=product&#038;p=15364"},"modified":"2025-12-31T15:45:11","modified_gmt":"2025-12-31T15:45:11","slug":"miu-miu-kedi-gozu-gunes-gozlugu-vizon","status":"publish","type":"product","link":"https:\/\/www.europesstore.com\/en\/product\/miu-miu-kedi-gozu-gunes-gozlugu-vizon\/","title":{"rendered":"Miu Miu Kedi G\u00f6z\u00fc G\u00fcne\u015f G\u00f6zl\u00fc\u011f\u00fc  &#8211; Vizon"},"content":{"rendered":"<h3 data-start=\"93\" data-end=\"128\">Miu Miu Kedi G\u00f6z\u00fc G\u00fcne\u015f G\u00f6zl\u00fc\u011f\u00fc<\/h3>\n<p data-start=\"130\" data-end=\"363\">Zarafetin ve modern stilin bulu\u015ftu\u011fu <strong data-start=\"167\" data-end=\"202\">Miu Miu Kedi G\u00f6z\u00fc G\u00fcne\u015f G\u00f6zl\u00fc\u011f\u00fc<\/strong>, iddial\u0131 duru\u015fuyla tarz\u0131n\u0131z\u0131 bir ad\u0131m \u00f6ne ta\u015f\u0131yor.<br \/>\n\u0130talyan modas\u0131n\u0131n ikonik \u00e7izgilerini ta\u015f\u0131yan bu g\u00f6zl\u00fck, retro kedi g\u00f6z\u00fc formu ile feminen \u015f\u0131kl\u0131\u011f\u0131 vurgular.<\/p>\n<p data-start=\"365\" data-end=\"390\"><strong data-start=\"365\" data-end=\"390\">\u00d6ne \u00c7\u0131kan \u00d6zellikler:<\/strong><\/p>\n<ul data-start=\"391\" data-end=\"566\">\n<li data-start=\"391\" data-end=\"427\">\n<p data-start=\"393\" data-end=\"427\">Hafif ve konforlu asetat \u00e7er\u00e7eve<\/p>\n<\/li>\n<li data-start=\"428\" data-end=\"481\">\n<p data-start=\"430\" data-end=\"481\">Y\u00fcz hatlar\u0131n\u0131 belirginle\u015ftiren kedi g\u00f6z\u00fc tasar\u0131m\u0131<\/p>\n<\/li>\n<li data-start=\"482\" data-end=\"519\">\n<p data-start=\"484\" data-end=\"519\">Miu Miu logosu detayl\u0131 \u015f\u0131k saplar<\/p>\n<\/li>\n<li data-start=\"520\" data-end=\"566\">\n<p data-start=\"522\" data-end=\"566\">G\u00fcnl\u00fck kullan\u0131m ve \u00f6zel kombinler i\u00e7in ideal<\/p>\n<\/li>\n<\/ul>\n<p data-start=\"568\" data-end=\"689\"><strong data-start=\"568\" data-end=\"585\">Stil \u00d6nerisi:<\/strong><br \/>\nMinimal tak\u0131lar ve sade bir sa\u00e7 modeliyle kombinleyerek g\u00f6zl\u00fc\u011f\u00fcn iddias\u0131n\u0131 \u00f6n plana \u00e7\u0131karabilirsiniz.<\/p>","protected":false},"excerpt":{"rendered":"<p>Miu Miu Kedi G\u00f6z\u00fc G\u00fcne\u015f G\u00f6zl\u00fc\u011f\u00fc Zarafetin ve modern stilin bulu\u015ftu\u011fu Miu Miu Kedi G\u00f6z\u00fc G\u00fcne\u015f G\u00f6zl\u00fc\u011f\u00fc, iddial\u0131 duru\u015fuyla tarz\u0131n\u0131z\u0131 bir ad\u0131m \u00f6ne ta\u015f\u0131yor. \u0130talyan modas\u0131n\u0131n ikonik \u00e7izgilerini ta\u015f\u0131yan bu g\u00f6zl\u00fck, retro kedi g\u00f6z\u00fc formu ile feminen \u015f\u0131kl\u0131\u011f\u0131 vurgular. \u00d6ne \u00c7\u0131kan \u00d6zellikler: Hafif ve konforlu asetat \u00e7er\u00e7eve Y\u00fcz hatlar\u0131n\u0131 belirginle\u015ftiren kedi g\u00f6z\u00fc tasar\u0131m\u0131 Miu Miu [&hellip;]<\/p>","protected":false},"featured_media":15419,"comment_status":"open","ping_status":"closed","template":"","meta":[],"product_brand":[],"product_cat":[950,964],"product_tag":[],"class_list":{"0":"post-15364","1":"product","2":"type-product","3":"status-publish","4":"has-post-thumbnail","6":"product_cat-gozluk","7":"product_cat-yeni-gelenler","9":"first","10":"instock","11":"sale","12":"shipping-taxable","13":"purchasable","14":"product-type-simple"},"jetpack_sharing_enabled":true,"_links":{"self":[{"href":"https:\/\/www.europesstore.com\/en\/wp-json\/wp\/v2\/product\/15364","targetHints":{"allow":["GET"]}}],"collection":[{"href":"https:\/\/www.europesstore.com\/en\/wp-json\/wp\/v2\/product"}],"about":[{"href":"https:\/\/www.europesstore.com\/en\/wp-json\/wp\/v2\/types\/product"}],"replies":[{"embeddable":true,"href":"https:\/\/www.europesstore.com\/en\/wp-json\/wp\/v2\/comments?post=15364"}],"wp:featuredmedia":[{"embeddable":true,"href":"https:\/\/www.europesstore.com\/en\/wp-json\/wp\/v2\/media\/15419"}],"wp:attachment":[{"href":"https:\/\/www.europesstore.com\/en\/wp-json\/wp\/v2\/media?parent=15364"}],"wp:term":[{"taxonomy":"product_brand","embeddable":true,"href":"https:\/\/www.europesstore.com\/en\/wp-json\/wp\/v2\/product_brand?post=15364"},{"taxonomy":"product_cat","embeddable":true,"href":"https:\/\/www.europesstore.com\/en\/wp-json\/wp\/v2\/product_cat?post=15364"},{"taxonomy":"product_tag","embeddable":true,"href":"https:\/\/www.europesstore.com\/en\/wp-json\/wp\/v2\/product_tag?post=15364"}],"curies":[{"name":"wp","href":"https:\/\/api.w.org\/{rel}","templated":true}]}}