{"id":15383,"date":"2025-12-31T15:44:09","date_gmt":"2025-12-31T15:44:09","guid":{"rendered":"https:\/\/www.europesstore.com\/?post_type=product&#038;p=15383"},"modified":"2025-12-31T15:45:42","modified_gmt":"2025-12-31T15:45:42","slug":"miu-miu-mu-gunes-gozlugu-eflatun","status":"publish","type":"product","link":"https:\/\/www.europesstore.com\/en\/product\/miu-miu-mu-gunes-gozlugu-eflatun\/","title":{"rendered":"Miu Miu MU G\u00fcne\u015f G\u00f6zl\u00fc\u011f\u00fc- Eflatun"},"content":{"rendered":"<p>\u015e\u0131k ve zarif tasar\u0131m\u0131yla Miu Miu MU 14NS g\u00fcne\u015f g\u00f6zl\u00fc\u011f\u00fc, modern \u00e7izgileri vintage dokunu\u015flarla bulu\u015fturuyor. \u0130nce metal g\u00f6vde ve asetat kaplama birle\u015fimi \u00e7er\u00e7evesi hafiflik ve dayan\u0131kl\u0131l\u0131k sunarken; alt\u0131gen formdaki pembe degrade camlar\u0131 UV 400 korumal\u0131, \u00e7izilmeye diren\u00e7li mineral camdan \u00fcretilmi\u015ftir. Alt\u0131n tonlu metal detaylar ve imza logo aplikeleri g\u00f6zl\u00fc\u011fe l\u00fcks bir hava katarken, her kombine feminen bir dokunu\u015f ekler. G\u00fcn boyu konforlu kullan\u0131m i\u00e7in ayarlanabilir burun pedleri ve esnek sap tasar\u0131m\u0131yla ergonomi de unutulmam\u0131\u015f.<\/p>","protected":false},"excerpt":{"rendered":"<p>\u015e\u0131k ve zarif tasar\u0131m\u0131yla Miu Miu MU 14NS g\u00fcne\u015f g\u00f6zl\u00fc\u011f\u00fc, modern \u00e7izgileri vintage dokunu\u015flarla bulu\u015fturuyor. \u0130nce metal g\u00f6vde ve asetat kaplama birle\u015fimi \u00e7er\u00e7evesi hafiflik ve dayan\u0131kl\u0131l\u0131k sunarken; alt\u0131gen formdaki pembe degrade camlar\u0131 UV 400 korumal\u0131, \u00e7izilmeye diren\u00e7li mineral camdan \u00fcretilmi\u015ftir. Alt\u0131n tonlu metal detaylar ve imza logo aplikeleri g\u00f6zl\u00fc\u011fe l\u00fcks bir hava katarken, her kombine feminen bir dokunu\u015f ekler. G\u00fcn boyu konforlu kullan\u0131m i\u00e7in ayarlanabilir burun pedleri ve esnek sap tasar\u0131m\u0131yla ergonomi de unutulmam\u0131\u015f.<\/p>","protected":false},"featured_media":15438,"comment_status":"open","ping_status":"closed","template":"","meta":[],"product_brand":[],"product_cat":[950,964],"product_tag":[],"class_list":{"0":"post-15383","1":"product","2":"type-product","3":"status-publish","4":"has-post-thumbnail","6":"product_cat-gozluk","7":"product_cat-yeni-gelenler","9":"first","10":"instock","11":"sale","12":"shipping-taxable","13":"purchasable","14":"product-type-simple"},"jetpack_sharing_enabled":true,"_links":{"self":[{"href":"https:\/\/www.europesstore.com\/en\/wp-json\/wp\/v2\/product\/15383","targetHints":{"allow":["GET"]}}],"collection":[{"href":"https:\/\/www.europesstore.com\/en\/wp-json\/wp\/v2\/product"}],"about":[{"href":"https:\/\/www.europesstore.com\/en\/wp-json\/wp\/v2\/types\/product"}],"replies":[{"embeddable":true,"href":"https:\/\/www.europesstore.com\/en\/wp-json\/wp\/v2\/comments?post=15383"}],"wp:featuredmedia":[{"embeddable":true,"href":"https:\/\/www.europesstore.com\/en\/wp-json\/wp\/v2\/media\/15438"}],"wp:attachment":[{"href":"https:\/\/www.europesstore.com\/en\/wp-json\/wp\/v2\/media?parent=15383"}],"wp:term":[{"taxonomy":"product_brand","embeddable":true,"href":"https:\/\/www.europesstore.com\/en\/wp-json\/wp\/v2\/product_brand?post=15383"},{"taxonomy":"product_cat","embeddable":true,"href":"https:\/\/www.europesstore.com\/en\/wp-json\/wp\/v2\/product_cat?post=15383"},{"taxonomy":"product_tag","embeddable":true,"href":"https:\/\/www.europesstore.com\/en\/wp-json\/wp\/v2\/product_tag?post=15383"}],"curies":[{"name":"wp","href":"https:\/\/api.w.org\/{rel}","templated":true}]}}