{"id":15394,"date":"2025-12-31T15:44:35","date_gmt":"2025-12-31T15:44:35","guid":{"rendered":"https:\/\/www.europesstore.com\/?post_type=product&#038;p=15394"},"modified":"2025-12-31T15:45:59","modified_gmt":"2025-12-31T15:45:59","slug":"vehla-asetat-gunes-gozlugu-sari","status":"publish","type":"product","link":"https:\/\/www.europesstore.com\/en\/product\/vehla-asetat-gunes-gozlugu-sari\/","title":{"rendered":"Vehla Asetat G\u00fcne\u015f G\u00f6zl\u00fc\u011f\u00fc \u2013 Sar\u0131"},"content":{"rendered":"<p data-start=\"132\" data-end=\"320\"><strong data-start=\"173\" data-end=\"203\">Vehla Asetat G\u00fcne\u015f G\u00f6zl\u00fc\u011f\u00fc<\/strong>, zamans\u0131z tasar\u0131m\u0131 ve g\u00fc\u00e7l\u00fc duru\u015fuyla stilinizi tamamlar. Kaliteli asetat \u00e7er\u00e7evesi ile hem \u015f\u0131kl\u0131k hem konfor sunar.<\/p>\n<p data-start=\"322\" data-end=\"347\"><strong data-start=\"322\" data-end=\"347\">\u00d6ne \u00c7\u0131kan \u00d6zellikler:<\/strong><\/p>\n<ul data-start=\"348\" data-end=\"557\">\n<li data-start=\"348\" data-end=\"383\">\n<p data-start=\"350\" data-end=\"383\">\u015e\u0131k ve dayan\u0131kl\u0131 asetat \u00e7er\u00e7eve<\/p>\n<\/li>\n<li data-start=\"384\" data-end=\"433\">\n<p data-start=\"386\" data-end=\"433\">G\u00fcnl\u00fck ve \u015fehir stiline uyumlu modern tasar\u0131m<\/p>\n<\/li>\n<li data-start=\"434\" data-end=\"473\">\n<p data-start=\"436\" data-end=\"473\">Y\u00fcz hatlar\u0131n\u0131 dengeleyen zarif form<\/p>\n<\/li>\n<li data-start=\"474\" data-end=\"513\">\n<p data-start=\"476\" data-end=\"513\">Minimal logo detay\u0131 ile sade \u015f\u0131kl\u0131k<\/p>\n<\/li>\n<li data-start=\"514\" data-end=\"557\">\n<p data-start=\"516\" data-end=\"557\">Moda ve fonksiyonelli\u011fi bir araya getirir<\/p>\n<\/li>\n<\/ul>","protected":false},"excerpt":{"rendered":"<p>Vehla Asetat G\u00fcne\u015f G\u00f6zl\u00fc\u011f\u00fc, zamans\u0131z tasar\u0131m\u0131 ve g\u00fc\u00e7l\u00fc duru\u015fuyla stilinizi tamamlar. Kaliteli asetat \u00e7er\u00e7evesi ile hem \u015f\u0131kl\u0131k hem konfor sunar. \u00d6ne \u00c7\u0131kan \u00d6zellikler: \u015e\u0131k ve dayan\u0131kl\u0131 asetat \u00e7er\u00e7eve G\u00fcnl\u00fck ve \u015fehir stiline uyumlu modern tasar\u0131m Y\u00fcz hatlar\u0131n\u0131 dengeleyen zarif form Minimal logo detay\u0131 ile sade \u015f\u0131kl\u0131k Moda ve fonksiyonelli\u011fi bir araya getirir<\/p>","protected":false},"featured_media":15451,"comment_status":"open","ping_status":"closed","template":"","meta":[],"product_brand":[],"product_cat":[950,964],"product_tag":[],"class_list":{"0":"post-15394","1":"product","2":"type-product","3":"status-publish","4":"has-post-thumbnail","6":"product_cat-gozluk","7":"product_cat-yeni-gelenler","9":"first","10":"instock","11":"sale","12":"shipping-taxable","13":"purchasable","14":"product-type-simple"},"jetpack_sharing_enabled":true,"_links":{"self":[{"href":"https:\/\/www.europesstore.com\/en\/wp-json\/wp\/v2\/product\/15394","targetHints":{"allow":["GET"]}}],"collection":[{"href":"https:\/\/www.europesstore.com\/en\/wp-json\/wp\/v2\/product"}],"about":[{"href":"https:\/\/www.europesstore.com\/en\/wp-json\/wp\/v2\/types\/product"}],"replies":[{"embeddable":true,"href":"https:\/\/www.europesstore.com\/en\/wp-json\/wp\/v2\/comments?post=15394"}],"wp:featuredmedia":[{"embeddable":true,"href":"https:\/\/www.europesstore.com\/en\/wp-json\/wp\/v2\/media\/15451"}],"wp:attachment":[{"href":"https:\/\/www.europesstore.com\/en\/wp-json\/wp\/v2\/media?parent=15394"}],"wp:term":[{"taxonomy":"product_brand","embeddable":true,"href":"https:\/\/www.europesstore.com\/en\/wp-json\/wp\/v2\/product_brand?post=15394"},{"taxonomy":"product_cat","embeddable":true,"href":"https:\/\/www.europesstore.com\/en\/wp-json\/wp\/v2\/product_cat?post=15394"},{"taxonomy":"product_tag","embeddable":true,"href":"https:\/\/www.europesstore.com\/en\/wp-json\/wp\/v2\/product_tag?post=15394"}],"curies":[{"name":"wp","href":"https:\/\/api.w.org\/{rel}","templated":true}]}}