{"id":15400,"date":"2025-12-31T15:44:36","date_gmt":"2025-12-31T15:44:36","guid":{"rendered":"https:\/\/www.europesstore.com\/?post_type=product&#038;p=15400"},"modified":"2025-12-31T15:46:24","modified_gmt":"2025-12-31T15:46:24","slug":"miu-miu-cat-eye-gunes-gozlugu-beyaz-pembe-degrade","status":"publish","type":"product","link":"https:\/\/www.europesstore.com\/en\/product\/miu-miu-cat-eye-gunes-gozlugu-beyaz-pembe-degrade\/","title":{"rendered":"Miu Miu Cat-Eye G\u00fcne\u015f G\u00f6zl\u00fc\u011f\u00fc &#8211; Beyaz Pembe degrade"},"content":{"rendered":"<p>Miu Miu\u2019nun ikonik cat-eye formunu ta\u015f\u0131yan bu g\u00fcne\u015f g\u00f6zl\u00fc\u011f\u00fc; parlak bordo asetat \u00e7er\u00e7evesi ve yumu\u015fak kahverengi degrade camlar\u0131yla \u00e7arp\u0131c\u0131 bir kontrast sunar. \u0130nce alt\u0131n tonlu \u201cMiu Miu\u201d logosu ve UV400 korumal\u0131 lensleriyle hem g\u00f6zlerinizi zararl\u0131 UV \u0131\u015f\u0131nlar\u0131ndan korur hem de her kombinize sofistike bir dokunu\u015f katar. S\u00fcper hafif yap\u0131s\u0131 ve ergonomik burun pedleri sayesinde uzun s\u00fcreli konfor sa\u011flar.<\/p>","protected":false},"excerpt":{"rendered":"<p>Miu Miu\u2019nun ikonik cat-eye formunu ta\u015f\u0131yan bu g\u00fcne\u015f g\u00f6zl\u00fc\u011f\u00fc; parlak bordo asetat \u00e7er\u00e7evesi ve yumu\u015fak kahverengi degrade camlar\u0131yla \u00e7arp\u0131c\u0131 bir kontrast sunar. \u0130nce alt\u0131n tonlu \u201cMiu Miu\u201d logosu ve UV400 korumal\u0131 lensleriyle hem g\u00f6zlerinizi zararl\u0131 UV \u0131\u015f\u0131nlar\u0131ndan korur hem de her kombinize sofistike bir dokunu\u015f katar. S\u00fcper hafif yap\u0131s\u0131 ve ergonomik burun pedleri sayesinde uzun s\u00fcreli konfor sa\u011flar.<\/p>","protected":false},"featured_media":15467,"comment_status":"open","ping_status":"closed","template":"","meta":[],"product_brand":[],"product_cat":[950,964],"product_tag":[],"class_list":{"0":"post-15400","1":"product","2":"type-product","3":"status-publish","4":"has-post-thumbnail","6":"product_cat-gozluk","7":"product_cat-yeni-gelenler","9":"first","10":"instock","11":"sale","12":"shipping-taxable","13":"purchasable","14":"product-type-simple"},"jetpack_sharing_enabled":true,"_links":{"self":[{"href":"https:\/\/www.europesstore.com\/en\/wp-json\/wp\/v2\/product\/15400","targetHints":{"allow":["GET"]}}],"collection":[{"href":"https:\/\/www.europesstore.com\/en\/wp-json\/wp\/v2\/product"}],"about":[{"href":"https:\/\/www.europesstore.com\/en\/wp-json\/wp\/v2\/types\/product"}],"replies":[{"embeddable":true,"href":"https:\/\/www.europesstore.com\/en\/wp-json\/wp\/v2\/comments?post=15400"}],"wp:featuredmedia":[{"embeddable":true,"href":"https:\/\/www.europesstore.com\/en\/wp-json\/wp\/v2\/media\/15467"}],"wp:attachment":[{"href":"https:\/\/www.europesstore.com\/en\/wp-json\/wp\/v2\/media?parent=15400"}],"wp:term":[{"taxonomy":"product_brand","embeddable":true,"href":"https:\/\/www.europesstore.com\/en\/wp-json\/wp\/v2\/product_brand?post=15400"},{"taxonomy":"product_cat","embeddable":true,"href":"https:\/\/www.europesstore.com\/en\/wp-json\/wp\/v2\/product_cat?post=15400"},{"taxonomy":"product_tag","embeddable":true,"href":"https:\/\/www.europesstore.com\/en\/wp-json\/wp\/v2\/product_tag?post=15400"}],"curies":[{"name":"wp","href":"https:\/\/api.w.org\/{rel}","templated":true}]}}