{"id":15431,"date":"2025-12-31T15:45:28","date_gmt":"2025-12-31T15:45:28","guid":{"rendered":"https:\/\/www.europesstore.com\/?post_type=product&#038;p=15431"},"modified":"2025-12-31T15:47:10","modified_gmt":"2025-12-31T15:47:10","slug":"prada-leopar-gunes-gozlugu-leopar","status":"publish","type":"product","link":"https:\/\/www.europesstore.com\/en\/product\/prada-leopar-gunes-gozlugu-leopar\/","title":{"rendered":"Prada Leopar G\u00fcne\u015f G\u00f6zl\u00fc\u011f\u00fc &#8211; Leopar"},"content":{"rendered":"<p data-start=\"140\" data-end=\"345\"><strong data-start=\"177\" data-end=\"214\">Prada Leopar \u015eeffaf G\u00fcne\u015f G\u00f6zl\u00fc\u011f\u00fc<\/strong>, \u015feffaf cam\u0131 ve leopar desen detay\u0131yla modaya y\u00f6n veren bir duru\u015f sunar. Hem klasik hem modern tarzlara m\u00fckemmel uyum sa\u011flar.<\/p>\n<p data-start=\"347\" data-end=\"372\"><strong data-start=\"347\" data-end=\"372\">\u00d6ne \u00c7\u0131kan \u00d6zellikler:<\/strong><\/p>\n<ul data-start=\"373\" data-end=\"562\">\n<li data-start=\"373\" data-end=\"421\">\n<p data-start=\"375\" data-end=\"421\">\u015eeffaf \u00e7er\u00e7eveye entegre leopar desen detay\u0131<\/p>\n<\/li>\n<li data-start=\"422\" data-end=\"448\">\n<p data-start=\"424\" data-end=\"448\">Hafif ve konforlu yap\u0131<\/p>\n<\/li>\n<li data-start=\"449\" data-end=\"489\">\n<p data-start=\"451\" data-end=\"489\">\u0130konik Prada logosu ile l\u00fcks dokunu\u015f<\/p>\n<\/li>\n<li data-start=\"490\" data-end=\"522\">\n<p data-start=\"492\" data-end=\"522\">G\u00fcnl\u00fck kombinlere stil katar<\/p>\n<\/li>\n<li data-start=\"523\" data-end=\"562\">\n<p data-start=\"525\" data-end=\"562\">\u015eehir \u015f\u0131kl\u0131\u011f\u0131 ve tatil ruhu bir arada<\/p>\n<\/li>\n<\/ul>","protected":false},"excerpt":{"rendered":"<p>Prada Leopar \u015eeffaf G\u00fcne\u015f G\u00f6zl\u00fc\u011f\u00fc, \u015feffaf cam\u0131 ve leopar desen detay\u0131yla modaya y\u00f6n veren bir duru\u015f sunar. Hem klasik hem modern tarzlara m\u00fckemmel uyum sa\u011flar. \u00d6ne \u00c7\u0131kan \u00d6zellikler: \u015eeffaf \u00e7er\u00e7eveye entegre leopar desen detay\u0131 Hafif ve konforlu yap\u0131 \u0130konik Prada logosu ile l\u00fcks dokunu\u015f G\u00fcnl\u00fck kombinlere stil katar \u015eehir \u015f\u0131kl\u0131\u011f\u0131 ve tatil ruhu bir arada<\/p>","protected":false},"featured_media":15493,"comment_status":"open","ping_status":"closed","template":"","meta":[],"product_brand":[],"product_cat":[950,964],"product_tag":[],"class_list":{"0":"post-15431","1":"product","2":"type-product","3":"status-publish","4":"has-post-thumbnail","6":"product_cat-gozluk","7":"product_cat-yeni-gelenler","9":"first","10":"outofstock","11":"sale","12":"shipping-taxable","13":"purchasable","14":"product-type-simple"},"jetpack_sharing_enabled":true,"_links":{"self":[{"href":"https:\/\/www.europesstore.com\/en\/wp-json\/wp\/v2\/product\/15431","targetHints":{"allow":["GET"]}}],"collection":[{"href":"https:\/\/www.europesstore.com\/en\/wp-json\/wp\/v2\/product"}],"about":[{"href":"https:\/\/www.europesstore.com\/en\/wp-json\/wp\/v2\/types\/product"}],"replies":[{"embeddable":true,"href":"https:\/\/www.europesstore.com\/en\/wp-json\/wp\/v2\/comments?post=15431"}],"wp:featuredmedia":[{"embeddable":true,"href":"https:\/\/www.europesstore.com\/en\/wp-json\/wp\/v2\/media\/15493"}],"wp:attachment":[{"href":"https:\/\/www.europesstore.com\/en\/wp-json\/wp\/v2\/media?parent=15431"}],"wp:term":[{"taxonomy":"product_brand","embeddable":true,"href":"https:\/\/www.europesstore.com\/en\/wp-json\/wp\/v2\/product_brand?post=15431"},{"taxonomy":"product_cat","embeddable":true,"href":"https:\/\/www.europesstore.com\/en\/wp-json\/wp\/v2\/product_cat?post=15431"},{"taxonomy":"product_tag","embeddable":true,"href":"https:\/\/www.europesstore.com\/en\/wp-json\/wp\/v2\/product_tag?post=15431"}],"curies":[{"name":"wp","href":"https:\/\/api.w.org\/{rel}","templated":true}]}}