{"id":15444,"date":"2025-12-31T15:45:55","date_gmt":"2025-12-31T15:45:55","guid":{"rendered":"https:\/\/www.europesstore.com\/?post_type=product&#038;p=15444"},"modified":"2025-12-31T15:47:21","modified_gmt":"2025-12-31T15:47:21","slug":"cartier-santos-rimless-gunes-gozlugu-siyah-degrade","status":"publish","type":"product","link":"https:\/\/www.europesstore.com\/en\/product\/cartier-santos-rimless-gunes-gozlugu-siyah-degrade\/","title":{"rendered":"Cartier Santos Rimless G\u00fcne\u015f G\u00f6zl\u00fc\u011f\u00fc- Siyah degrade"},"content":{"rendered":"<p> \u0130nce metal k\u00f6pr\u00fcs\u00fc ve kahverengi degrade camlar\u0131yla dikkat \u00e7eken Cartier Santos Rimless G\u00fcne\u015f G\u00f6zl\u00fc\u011f\u00fc, hafif ve \u00e7er\u00e7evesiz tasar\u0131m\u0131 sayesinde maksimum konfor sunar. Zarif detaylar\u0131yla her stile sofistike bir dokunu\u015f katar.<br \/>\nFoto\u011fraf \u00e7ekimindeki \u0131\u015f\u0131k ko\u015fullar\u0131 nedeniyle renk tonlar\u0131 farkl\u0131l\u0131k g\u00f6sterebilir.<\/p>\n<p>Foto\u011fraf \u00e7ekimindeki \u0131\u015f\u0131k ko\u015fullar\u0131 nedeniyle renk tonlar\u0131 farkl\u0131l\u0131k g\u00f6sterebilir.<\/p>","protected":false},"excerpt":{"rendered":"<p> \u0130nce metal k\u00f6pr\u00fcs\u00fc ve kahverengi degrade camlar\u0131yla dikkat \u00e7eken Cartier Santos Rimless G\u00fcne\u015f G\u00f6zl\u00fc\u011f\u00fc, hafif ve \u00e7er\u00e7evesiz tasar\u0131m\u0131 sayesinde maksimum konfor sunar. Zarif detaylar\u0131yla her stile sofistike bir dokunu\u015f katar.<br \/>\nFoto\u011fraf \u00e7ekimindeki \u0131\u015f\u0131k ko\u015fullar\u0131 nedeniyle renk tonlar\u0131 farkl\u0131l\u0131k g\u00f6sterebilir.<\/p>\n<p>Foto\u011fraf \u00e7ekimindeki \u0131\u015f\u0131k ko\u015fullar\u0131 nedeniyle renk tonlar\u0131 farkl\u0131l\u0131k g\u00f6sterebilir.<\/p>","protected":false},"featured_media":15504,"comment_status":"open","ping_status":"closed","template":"","meta":[],"product_brand":[],"product_cat":[950,964],"product_tag":[],"class_list":{"0":"post-15444","1":"product","2":"type-product","3":"status-publish","4":"has-post-thumbnail","6":"product_cat-gozluk","7":"product_cat-yeni-gelenler","9":"first","10":"onbackorder","11":"sale","12":"shipping-taxable","13":"purchasable","14":"product-type-simple"},"jetpack_sharing_enabled":true,"_links":{"self":[{"href":"https:\/\/www.europesstore.com\/en\/wp-json\/wp\/v2\/product\/15444","targetHints":{"allow":["GET"]}}],"collection":[{"href":"https:\/\/www.europesstore.com\/en\/wp-json\/wp\/v2\/product"}],"about":[{"href":"https:\/\/www.europesstore.com\/en\/wp-json\/wp\/v2\/types\/product"}],"replies":[{"embeddable":true,"href":"https:\/\/www.europesstore.com\/en\/wp-json\/wp\/v2\/comments?post=15444"}],"wp:featuredmedia":[{"embeddable":true,"href":"https:\/\/www.europesstore.com\/en\/wp-json\/wp\/v2\/media\/15504"}],"wp:attachment":[{"href":"https:\/\/www.europesstore.com\/en\/wp-json\/wp\/v2\/media?parent=15444"}],"wp:term":[{"taxonomy":"product_brand","embeddable":true,"href":"https:\/\/www.europesstore.com\/en\/wp-json\/wp\/v2\/product_brand?post=15444"},{"taxonomy":"product_cat","embeddable":true,"href":"https:\/\/www.europesstore.com\/en\/wp-json\/wp\/v2\/product_cat?post=15444"},{"taxonomy":"product_tag","embeddable":true,"href":"https:\/\/www.europesstore.com\/en\/wp-json\/wp\/v2\/product_tag?post=15444"}],"curies":[{"name":"wp","href":"https:\/\/api.w.org\/{rel}","templated":true}]}}