{"id":15449,"date":"2025-12-31T15:45:56","date_gmt":"2025-12-31T15:45:56","guid":{"rendered":"https:\/\/www.europesstore.com\/?post_type=product&#038;p=15449"},"modified":"2025-12-31T15:47:36","modified_gmt":"2025-12-31T15:47:36","slug":"ithal-chanel-cift-renk-gunes-gozlugu-kahve","status":"publish","type":"product","link":"https:\/\/www.europesstore.com\/en\/product\/ithal-chanel-cift-renk-gunes-gozlugu-kahve\/","title":{"rendered":"\u0130thal Chanel \u00c7ift Renk G\u00fcne\u015f G\u00f6zl\u00fc\u011f\u00fc &#8211; Kahve"},"content":{"rendered":"<p data-start=\"152\" data-end=\"366\">Zamans\u0131z \u015f\u0131kl\u0131\u011f\u0131n ve modern tasar\u0131m\u0131n bulu\u015ftu\u011fu <strong data-start=\"200\" data-end=\"240\">\u0130thal Chanel \u00c7ift Renk G\u00fcne\u015f G\u00f6zl\u00fc\u011f\u00fc<\/strong>, \u00e7ift tonlu \u00e7er\u00e7evesiyle fark yaratan bir stil sunar. Zarif detaylar\u0131 ve l\u00fcks dokusuyla her kombine sofistike bir hava katar.<\/p>\n<p data-start=\"368\" data-end=\"393\"><strong data-start=\"368\" data-end=\"393\">\u00d6ne \u00c7\u0131kan \u00d6zellikler:<\/strong><\/p>\n<ul data-start=\"394\" data-end=\"586\">\n<li data-start=\"394\" data-end=\"432\">\n<p data-start=\"396\" data-end=\"432\">\u00d6zg\u00fcn \u00e7ift renkli \u00e7er\u00e7eve tasar\u0131m\u0131<\/p>\n<\/li>\n<li data-start=\"433\" data-end=\"470\">\n<p data-start=\"435\" data-end=\"470\">Hafif, ergonomik ve konforlu yap\u0131<\/p>\n<\/li>\n<li data-start=\"471\" data-end=\"509\">\n<p data-start=\"473\" data-end=\"509\">Chanel logosu ile \u015f\u0131k marka detay\u0131<\/p>\n<\/li>\n<li data-start=\"510\" data-end=\"560\">\n<p data-start=\"512\" data-end=\"560\">G\u00fcnl\u00fck ve \u00f6zel kombinlerde kullan\u0131m i\u00e7in ideal<\/p>\n<\/li>\n<li data-start=\"561\" data-end=\"586\">\n<p data-start=\"563\" data-end=\"586\">Modern ve zarif g\u00f6r\u00fcn\u00fcm<\/p>\n<\/li>\n<\/ul>","protected":false},"excerpt":{"rendered":"<p>Zamans\u0131z \u015f\u0131kl\u0131\u011f\u0131n ve modern tasar\u0131m\u0131n bulu\u015ftu\u011fu \u0130thal Chanel \u00c7ift Renk G\u00fcne\u015f G\u00f6zl\u00fc\u011f\u00fc, \u00e7ift tonlu \u00e7er\u00e7evesiyle fark yaratan bir stil sunar. Zarif detaylar\u0131 ve l\u00fcks dokusuyla her kombine sofistike bir hava katar. \u00d6ne \u00c7\u0131kan \u00d6zellikler: \u00d6zg\u00fcn \u00e7ift renkli \u00e7er\u00e7eve tasar\u0131m\u0131 Hafif, ergonomik ve konforlu yap\u0131 Chanel logosu ile \u015f\u0131k marka detay\u0131 G\u00fcnl\u00fck ve \u00f6zel kombinlerde kullan\u0131m [&hellip;]<\/p>","protected":false},"featured_media":15511,"comment_status":"open","ping_status":"closed","template":"","meta":[],"product_brand":[],"product_cat":[950,964],"product_tag":[],"class_list":{"0":"post-15449","1":"product","2":"type-product","3":"status-publish","4":"has-post-thumbnail","6":"product_cat-gozluk","7":"product_cat-yeni-gelenler","9":"first","10":"instock","11":"sale","12":"shipping-taxable","13":"purchasable","14":"product-type-simple"},"jetpack_sharing_enabled":true,"_links":{"self":[{"href":"https:\/\/www.europesstore.com\/en\/wp-json\/wp\/v2\/product\/15449","targetHints":{"allow":["GET"]}}],"collection":[{"href":"https:\/\/www.europesstore.com\/en\/wp-json\/wp\/v2\/product"}],"about":[{"href":"https:\/\/www.europesstore.com\/en\/wp-json\/wp\/v2\/types\/product"}],"replies":[{"embeddable":true,"href":"https:\/\/www.europesstore.com\/en\/wp-json\/wp\/v2\/comments?post=15449"}],"wp:featuredmedia":[{"embeddable":true,"href":"https:\/\/www.europesstore.com\/en\/wp-json\/wp\/v2\/media\/15511"}],"wp:attachment":[{"href":"https:\/\/www.europesstore.com\/en\/wp-json\/wp\/v2\/media?parent=15449"}],"wp:term":[{"taxonomy":"product_brand","embeddable":true,"href":"https:\/\/www.europesstore.com\/en\/wp-json\/wp\/v2\/product_brand?post=15449"},{"taxonomy":"product_cat","embeddable":true,"href":"https:\/\/www.europesstore.com\/en\/wp-json\/wp\/v2\/product_cat?post=15449"},{"taxonomy":"product_tag","embeddable":true,"href":"https:\/\/www.europesstore.com\/en\/wp-json\/wp\/v2\/product_tag?post=15449"}],"curies":[{"name":"wp","href":"https:\/\/api.w.org\/{rel}","templated":true}]}}