{"id":15450,"date":"2025-12-31T15:45:56","date_gmt":"2025-12-31T15:45:56","guid":{"rendered":"https:\/\/www.europesstore.com\/?post_type=product&#038;p=15450"},"modified":"2025-12-31T15:47:43","modified_gmt":"2025-12-31T15:47:43","slug":"gucci-5806-hexagonal-gunes-gozlugu-beyaz","status":"publish","type":"product","link":"https:\/\/www.europesstore.com\/en\/product\/gucci-5806-hexagonal-gunes-gozlugu-beyaz\/","title":{"rendered":"Gucci 5806 Hexagonal G\u00fcne\u015f G\u00f6zl\u00fc\u011f\u00fc- Beyaz"},"content":{"rendered":"<p>\u015e\u0131k alt\u0131n rengi metal detaylar ve  degrade lensleriyle \u00f6ne \u00e7\u0131kan Gucci 5806 Hexagonal G\u00fcne\u015f G\u00f6zl\u00fc\u011f\u00fc, hem UV400 korumal\u0131 hem de y\u00fcksek kalitede g\u00f6rsel konfor sunar. Modern alt\u0131gen \u00e7er\u00e7eve formu, her y\u00fcz tipine uyum sa\u011flayarak l\u00fcks ve zamans\u0131z bir stil vadediyor.<\/p>\n<p>Foto\u011fraf \u00e7ekimindeki \u0131\u015f\u0131k ko\u015fullar\u0131 nedeniyle renk tonlar\u0131 farkl\u0131l\u0131k g\u00f6sterebilir.<\/p>","protected":false},"excerpt":{"rendered":"<p>\u015e\u0131k alt\u0131n rengi metal detaylar ve  degrade lensleriyle \u00f6ne \u00e7\u0131kan Gucci 5806 Hexagonal G\u00fcne\u015f G\u00f6zl\u00fc\u011f\u00fc, hem UV400 korumal\u0131 hem de y\u00fcksek kalitede g\u00f6rsel konfor sunar. Modern alt\u0131gen \u00e7er\u00e7eve formu, her y\u00fcz tipine uyum sa\u011flayarak l\u00fcks ve zamans\u0131z bir stil vadediyor.<\/p>\n<p>Foto\u011fraf \u00e7ekimindeki \u0131\u015f\u0131k ko\u015fullar\u0131 nedeniyle renk tonlar\u0131 farkl\u0131l\u0131k g\u00f6sterebilir.<\/p>","protected":false},"featured_media":15520,"comment_status":"open","ping_status":"closed","template":"","meta":[],"product_brand":[],"product_cat":[950,964],"product_tag":[],"class_list":{"0":"post-15450","1":"product","2":"type-product","3":"status-publish","4":"has-post-thumbnail","6":"product_cat-gozluk","7":"product_cat-yeni-gelenler","9":"first","10":"instock","11":"sale","12":"shipping-taxable","13":"purchasable","14":"product-type-simple"},"jetpack_sharing_enabled":true,"_links":{"self":[{"href":"https:\/\/www.europesstore.com\/en\/wp-json\/wp\/v2\/product\/15450","targetHints":{"allow":["GET"]}}],"collection":[{"href":"https:\/\/www.europesstore.com\/en\/wp-json\/wp\/v2\/product"}],"about":[{"href":"https:\/\/www.europesstore.com\/en\/wp-json\/wp\/v2\/types\/product"}],"replies":[{"embeddable":true,"href":"https:\/\/www.europesstore.com\/en\/wp-json\/wp\/v2\/comments?post=15450"}],"wp:featuredmedia":[{"embeddable":true,"href":"https:\/\/www.europesstore.com\/en\/wp-json\/wp\/v2\/media\/15520"}],"wp:attachment":[{"href":"https:\/\/www.europesstore.com\/en\/wp-json\/wp\/v2\/media?parent=15450"}],"wp:term":[{"taxonomy":"product_brand","embeddable":true,"href":"https:\/\/www.europesstore.com\/en\/wp-json\/wp\/v2\/product_brand?post=15450"},{"taxonomy":"product_cat","embeddable":true,"href":"https:\/\/www.europesstore.com\/en\/wp-json\/wp\/v2\/product_cat?post=15450"},{"taxonomy":"product_tag","embeddable":true,"href":"https:\/\/www.europesstore.com\/en\/wp-json\/wp\/v2\/product_tag?post=15450"}],"curies":[{"name":"wp","href":"https:\/\/api.w.org\/{rel}","templated":true}]}}