{"id":15465,"date":"2025-12-31T15:46:21","date_gmt":"2025-12-31T15:46:21","guid":{"rendered":"https:\/\/www.europesstore.com\/?post_type=product&#038;p=15465"},"modified":"2025-12-31T15:48:01","modified_gmt":"2025-12-31T15:48:01","slug":"versace-ve2264-medusa-icon-gunes-gozlugu-silver-siyah","status":"publish","type":"product","link":"https:\/\/www.europesstore.com\/en\/product\/versace-ve2264-medusa-icon-gunes-gozlugu-silver-siyah\/","title":{"rendered":"Versace VE2264 Medusa Icon G\u00fcne\u015f G\u00f6zl\u00fc\u011f\u00fc- Silver Siyah"},"content":{"rendered":"<p>Yuvarlak metal \u00f6n y\u00fcz ve ikonik Medusa i\u015flemeli kal\u0131n siyah saplar\u0131yla dikkat \u00e7eken Versace VE2264, degrade UV400 korumal\u0131 lensleriyle hem zarif hem fonksiyonel bir stil sunar. L\u00fcks detaylar\u0131 ve zamans\u0131z formuyla her y\u00fcz tipine \u015f\u0131k bir dokunu\u015f katar.<\/p>\n<p>Foto\u011fraf \u00e7ekimindeki \u0131\u015f\u0131k ko\u015fullar\u0131 nedeniyle renk tonlar\u0131 farkl\u0131l\u0131k g\u00f6sterebilir.<\/p>","protected":false},"excerpt":{"rendered":"<p>Yuvarlak metal \u00f6n y\u00fcz ve ikonik Medusa i\u015flemeli kal\u0131n siyah saplar\u0131yla dikkat \u00e7eken Versace VE2264, degrade UV400 korumal\u0131 lensleriyle hem zarif hem fonksiyonel bir stil sunar. L\u00fcks detaylar\u0131 ve zamans\u0131z formuyla her y\u00fcz tipine \u015f\u0131k bir dokunu\u015f katar.<\/p>\n<p>Foto\u011fraf \u00e7ekimindeki \u0131\u015f\u0131k ko\u015fullar\u0131 nedeniyle renk tonlar\u0131 farkl\u0131l\u0131k g\u00f6sterebilir.<\/p>","protected":false},"featured_media":15529,"comment_status":"open","ping_status":"closed","template":"","meta":[],"product_brand":[],"product_cat":[950,964],"product_tag":[],"class_list":{"0":"post-15465","1":"product","2":"type-product","3":"status-publish","4":"has-post-thumbnail","6":"product_cat-gozluk","7":"product_cat-yeni-gelenler","9":"first","10":"instock","11":"sale","12":"shipping-taxable","13":"purchasable","14":"product-type-simple"},"jetpack_sharing_enabled":true,"_links":{"self":[{"href":"https:\/\/www.europesstore.com\/en\/wp-json\/wp\/v2\/product\/15465","targetHints":{"allow":["GET"]}}],"collection":[{"href":"https:\/\/www.europesstore.com\/en\/wp-json\/wp\/v2\/product"}],"about":[{"href":"https:\/\/www.europesstore.com\/en\/wp-json\/wp\/v2\/types\/product"}],"replies":[{"embeddable":true,"href":"https:\/\/www.europesstore.com\/en\/wp-json\/wp\/v2\/comments?post=15465"}],"wp:featuredmedia":[{"embeddable":true,"href":"https:\/\/www.europesstore.com\/en\/wp-json\/wp\/v2\/media\/15529"}],"wp:attachment":[{"href":"https:\/\/www.europesstore.com\/en\/wp-json\/wp\/v2\/media?parent=15465"}],"wp:term":[{"taxonomy":"product_brand","embeddable":true,"href":"https:\/\/www.europesstore.com\/en\/wp-json\/wp\/v2\/product_brand?post=15465"},{"taxonomy":"product_cat","embeddable":true,"href":"https:\/\/www.europesstore.com\/en\/wp-json\/wp\/v2\/product_cat?post=15465"},{"taxonomy":"product_tag","embeddable":true,"href":"https:\/\/www.europesstore.com\/en\/wp-json\/wp\/v2\/product_tag?post=15465"}],"curies":[{"name":"wp","href":"https:\/\/api.w.org\/{rel}","templated":true}]}}