{"id":15480,"date":"2025-12-31T15:46:47","date_gmt":"2025-12-31T15:46:47","guid":{"rendered":"https:\/\/www.europesstore.com\/?post_type=product&#038;p=15480"},"modified":"2025-12-31T15:48:21","modified_gmt":"2025-12-31T15:48:21","slug":"gucci-key-biscayne-gunes-gozlugu-leopar","status":"publish","type":"product","link":"https:\/\/www.europesstore.com\/en\/product\/gucci-key-biscayne-gunes-gozlugu-leopar\/","title":{"rendered":"Gucci Key Biscayne G\u00fcne\u015f G\u00f6zl\u00fc\u011f\u00fc- Leopar"},"content":{"rendered":"<p data-start=\"145\" data-end=\"400\"><strong data-start=\"181\" data-end=\"217\">Gucci Key Biscayne G\u00fcne\u015f G\u00f6zl\u00fc\u011f\u00fc<\/strong>, zarif detaylar\u0131 ve g\u00fc\u00e7l\u00fc tasar\u0131m\u0131yla modern \u015fehir stiline sofistike bir dokunu\u015f katar. \u00d6zg\u00fcn hatlara sahip bu model, dikkat \u00e7ekici formu ve konforlu yap\u0131s\u0131yla g\u00fcn boyu \u015f\u0131kl\u0131k sunar.<\/p>\n<p data-start=\"402\" data-end=\"427\"><strong data-start=\"402\" data-end=\"427\">\u00d6ne \u00c7\u0131kan \u00d6zellikler:<\/strong><\/p>\n<ul data-start=\"428\" data-end=\"637\">\n<li data-start=\"428\" data-end=\"465\">\n<p data-start=\"430\" data-end=\"465\">\u00d6zg\u00fcn ve iddial\u0131 \u00e7er\u00e7eve tasar\u0131m\u0131<\/p>\n<\/li>\n<li data-start=\"466\" data-end=\"493\">\n<p data-start=\"468\" data-end=\"493\">Hafif ve dayan\u0131kl\u0131 yap\u0131<\/p>\n<\/li>\n<li data-start=\"494\" data-end=\"538\">\n<p data-start=\"496\" data-end=\"538\">Gucci logosu ile tamamlanan \u015f\u0131k detaylar<\/p>\n<\/li>\n<li data-start=\"539\" data-end=\"584\">\n<p data-start=\"541\" data-end=\"584\">G\u00fcnl\u00fck kullan\u0131m ve \u00f6zel kombinlere uyumlu<\/p>\n<\/li>\n<li data-start=\"585\" data-end=\"637\">\n<p data-start=\"587\" data-end=\"637\">L\u00fcks segmentte fark yaratan bir stil tamamlay\u0131c\u0131s\u0131<\/p>\n<\/li>\n<\/ul>","protected":false},"excerpt":{"rendered":"<p>Gucci Key Biscayne G\u00fcne\u015f G\u00f6zl\u00fc\u011f\u00fc, zarif detaylar\u0131 ve g\u00fc\u00e7l\u00fc tasar\u0131m\u0131yla modern \u015fehir stiline sofistike bir dokunu\u015f katar. \u00d6zg\u00fcn hatlara sahip bu model, dikkat \u00e7ekici formu ve konforlu yap\u0131s\u0131yla g\u00fcn boyu \u015f\u0131kl\u0131k sunar. \u00d6ne \u00c7\u0131kan \u00d6zellikler: \u00d6zg\u00fcn ve iddial\u0131 \u00e7er\u00e7eve tasar\u0131m\u0131 Hafif ve dayan\u0131kl\u0131 yap\u0131 Gucci logosu ile tamamlanan \u015f\u0131k detaylar G\u00fcnl\u00fck kullan\u0131m ve \u00f6zel kombinlere [&hellip;]<\/p>","protected":false},"featured_media":15543,"comment_status":"open","ping_status":"closed","template":"","meta":[],"product_brand":[],"product_cat":[950,964],"product_tag":[],"class_list":{"0":"post-15480","1":"product","2":"type-product","3":"status-publish","4":"has-post-thumbnail","6":"product_cat-gozluk","7":"product_cat-yeni-gelenler","9":"first","10":"instock","11":"sale","12":"shipping-taxable","13":"purchasable","14":"product-type-simple"},"jetpack_sharing_enabled":true,"_links":{"self":[{"href":"https:\/\/www.europesstore.com\/en\/wp-json\/wp\/v2\/product\/15480","targetHints":{"allow":["GET"]}}],"collection":[{"href":"https:\/\/www.europesstore.com\/en\/wp-json\/wp\/v2\/product"}],"about":[{"href":"https:\/\/www.europesstore.com\/en\/wp-json\/wp\/v2\/types\/product"}],"replies":[{"embeddable":true,"href":"https:\/\/www.europesstore.com\/en\/wp-json\/wp\/v2\/comments?post=15480"}],"wp:featuredmedia":[{"embeddable":true,"href":"https:\/\/www.europesstore.com\/en\/wp-json\/wp\/v2\/media\/15543"}],"wp:attachment":[{"href":"https:\/\/www.europesstore.com\/en\/wp-json\/wp\/v2\/media?parent=15480"}],"wp:term":[{"taxonomy":"product_brand","embeddable":true,"href":"https:\/\/www.europesstore.com\/en\/wp-json\/wp\/v2\/product_brand?post=15480"},{"taxonomy":"product_cat","embeddable":true,"href":"https:\/\/www.europesstore.com\/en\/wp-json\/wp\/v2\/product_cat?post=15480"},{"taxonomy":"product_tag","embeddable":true,"href":"https:\/\/www.europesstore.com\/en\/wp-json\/wp\/v2\/product_tag?post=15480"}],"curies":[{"name":"wp","href":"https:\/\/api.w.org\/{rel}","templated":true}]}}