{"id":15498,"date":"2025-12-31T15:47:14","date_gmt":"2025-12-31T15:47:14","guid":{"rendered":"https:\/\/www.europesstore.com\/?post_type=product&#038;p=15498"},"modified":"2025-12-31T15:48:48","modified_gmt":"2025-12-31T15:48:48","slug":"prada-original-premium-full-set-gunes-gozlugu-kahve","status":"publish","type":"product","link":"https:\/\/www.europesstore.com\/en\/product\/prada-original-premium-full-set-gunes-gozlugu-kahve\/","title":{"rendered":"Prada Original Premium Full Set G\u00fcne\u015f G\u00f6zl\u00fc\u011f\u00fc -Kahve"},"content":{"rendered":"<h3 data-start=\"107\" data-end=\"132\"><strong data-start=\"111\" data-end=\"130\">\u00dcr\u00fcn A\u00e7\u0131klamas\u0131<\/strong><\/h3>\n<p data-start=\"133\" data-end=\"209\"><span class=\"relative -mx-px my-[-0.2rem] rounded px-px py-[0.2rem] transition-colors duration-100 ease-in-out\">Prada\u2019n\u0131n zarif tasar\u0131m \u00e7izgisiyle hayat bulan bu <strong data-start=\"50\" data-end=\"93\">Original Premium Full Set G\u00fcne\u015f G\u00f6zl\u00fc\u011f\u00fc<\/strong>, hem estetik hem de i\u015flevselli\u011fi en \u00fcst seviyede sunar. Katmanl\u0131 UV\u202f400 korumal\u0131 camlar ve hafif <strong data-start=\"191\" data-end=\"207\">asetat\/metal<\/strong> \u00e7er\u00e7eve kombinasyonu, konforlu ta\u015f\u0131ma ve maksimum koruma sa\u011flar. Orijinal Prada kutusu, sert k\u0131l\u0131f, mikrofiber bez ve garanti belgesi ile eksiksiz paketlenmi\u015f bu set, stilinizi tamamlamakla kalmaz, prestij de katar<\/span><\/p>\n<p><strong data-start=\"665\" data-end=\"691\">Neden Tercih Edilmeli?<\/strong><\/p>\n<ul data-start=\"694\" data-end=\"1027\">\n<li data-start=\"694\" data-end=\"737\">\n<p data-start=\"696\" data-end=\"737\"><span class=\"relative -mx-px my-[-0.2rem] rounded px-px py-[0.2rem] transition-colors duration-100 ease-in-out\"><strong data-start=\"0\" data-end=\"19\" data-is-only-node=\"\">Prestijli Stil:<\/strong> \u0130talyan modas\u0131n\u0131n \u00f6nc\u00fcs\u00fc Prada\u2019n\u0131n imza dokunu\u015fuyla, her \u00e7e\u015fit y\u00fcz hatt\u0131na uyum sa\u011flar.<\/span><\/p>\n<\/li>\n<li data-start=\"738\" data-end=\"822\">\n<p data-start=\"740\" data-end=\"822\"><span class=\"relative -mx-px my-[-0.2rem] rounded px-px py-[0.2rem] transition-colors duration-100 ease-in-out\"><strong data-start=\"0\" data-end=\"24\" data-is-only-node=\"\">En \u00dcst D\u00fczey Koruma:<\/strong> UV\u202f400 camlar, direkt g\u00fcne\u015f ile d\u0131\u015f mek\u00e2n aktivitelerinde \u00fcst d\u00fczey koruma sunar<\/span> .<\/p>\n<\/li>\n<li data-start=\"823\" data-end=\"907\">\n<p data-start=\"825\" data-end=\"907\"><span class=\"relative -mx-px my-[-0.2rem] rounded px-px py-[0.2rem] transition-colors duration-100 ease-in-out\"><strong data-start=\"0\" data-end=\"28\" data-is-only-node=\"\">Eksiksiz Paket Deneyimi:<\/strong> Orijinal k\u0131l\u0131f, kutu, temizlik bezi ve garanti kart\u0131 hepsi bir arada. Hediye olarak da kusursuzdur<\/span> .<\/p>\n<\/li>\n<\/ul>","protected":false},"excerpt":{"rendered":"<p>\u00dcr\u00fcn A\u00e7\u0131klamas\u0131 Prada\u2019n\u0131n zarif tasar\u0131m \u00e7izgisiyle hayat bulan bu Original Premium Full Set G\u00fcne\u015f G\u00f6zl\u00fc\u011f\u00fc, hem estetik hem de i\u015flevselli\u011fi en \u00fcst seviyede sunar. Katmanl\u0131 UV\u202f400 korumal\u0131 camlar ve hafif asetat\/metal \u00e7er\u00e7eve kombinasyonu, konforlu ta\u015f\u0131ma ve maksimum koruma sa\u011flar. Orijinal Prada kutusu, sert k\u0131l\u0131f, mikrofiber bez ve garanti belgesi ile eksiksiz paketlenmi\u015f bu set, stilinizi [&hellip;]<\/p>","protected":false},"featured_media":15558,"comment_status":"open","ping_status":"closed","template":"","meta":[],"product_brand":[],"product_cat":[950,964],"product_tag":[],"class_list":{"0":"post-15498","1":"product","2":"type-product","3":"status-publish","4":"has-post-thumbnail","6":"product_cat-gozluk","7":"product_cat-yeni-gelenler","9":"first","10":"instock","11":"sale","12":"shipping-taxable","13":"purchasable","14":"product-type-simple"},"jetpack_sharing_enabled":true,"_links":{"self":[{"href":"https:\/\/www.europesstore.com\/en\/wp-json\/wp\/v2\/product\/15498","targetHints":{"allow":["GET"]}}],"collection":[{"href":"https:\/\/www.europesstore.com\/en\/wp-json\/wp\/v2\/product"}],"about":[{"href":"https:\/\/www.europesstore.com\/en\/wp-json\/wp\/v2\/types\/product"}],"replies":[{"embeddable":true,"href":"https:\/\/www.europesstore.com\/en\/wp-json\/wp\/v2\/comments?post=15498"}],"wp:featuredmedia":[{"embeddable":true,"href":"https:\/\/www.europesstore.com\/en\/wp-json\/wp\/v2\/media\/15558"}],"wp:attachment":[{"href":"https:\/\/www.europesstore.com\/en\/wp-json\/wp\/v2\/media?parent=15498"}],"wp:term":[{"taxonomy":"product_brand","embeddable":true,"href":"https:\/\/www.europesstore.com\/en\/wp-json\/wp\/v2\/product_brand?post=15498"},{"taxonomy":"product_cat","embeddable":true,"href":"https:\/\/www.europesstore.com\/en\/wp-json\/wp\/v2\/product_cat?post=15498"},{"taxonomy":"product_tag","embeddable":true,"href":"https:\/\/www.europesstore.com\/en\/wp-json\/wp\/v2\/product_tag?post=15498"}],"curies":[{"name":"wp","href":"https:\/\/api.w.org\/{rel}","templated":true}]}}