{"id":15500,"date":"2025-12-31T15:47:14","date_gmt":"2025-12-31T15:47:14","guid":{"rendered":"https:\/\/www.europesstore.com\/?post_type=product&#038;p=15500"},"modified":"2025-12-31T15:49:01","modified_gmt":"2025-12-31T15:49:01","slug":"chanel-cc-kristalli-tortoise-gunes-gozlugu-siyah-degrade","status":"publish","type":"product","link":"https:\/\/www.europesstore.com\/en\/product\/chanel-cc-kristalli-tortoise-gunes-gozlugu-siyah-degrade\/","title":{"rendered":"Chanel CC Kristalli Tortoise G\u00fcne\u015f G\u00f6zl\u00fc\u011f\u00fc- Siyah Degrade"},"content":{"rendered":"<p>Kabuk desenli kahve \u00e7er\u00e7eve \u00fczerine yerle\u015ftirilmi\u015f ikonik \u00e7ift C logosu ve zarif kristal detaylarla bezenmi\u015f; UV400 korumal\u0131 kahverengi degradeli camlar\u0131 sayesinde hem \u015f\u0131k hem zamans\u0131z bir dokunu\u015f sunar.<\/p>\n<p>Foto\u011fraf \u00e7ekimindeki \u0131\u015f\u0131k ko\u015fullar\u0131 nedeniyle renk tonlar\u0131 farkl\u0131l\u0131k g\u00f6sterebilir.<\/p>","protected":false},"excerpt":{"rendered":"<p>Kabuk desenli kahve \u00e7er\u00e7eve \u00fczerine yerle\u015ftirilmi\u015f ikonik \u00e7ift C logosu ve zarif kristal detaylarla bezenmi\u015f; UV400 korumal\u0131 kahverengi degradeli camlar\u0131 sayesinde hem \u015f\u0131k hem zamans\u0131z bir dokunu\u015f sunar.<\/p>\n<p>Foto\u011fraf \u00e7ekimindeki \u0131\u015f\u0131k ko\u015fullar\u0131 nedeniyle renk tonlar\u0131 farkl\u0131l\u0131k g\u00f6sterebilir.<\/p>","protected":false},"featured_media":15569,"comment_status":"open","ping_status":"closed","template":"","meta":[],"product_brand":[],"product_cat":[950,964],"product_tag":[],"class_list":{"0":"post-15500","1":"product","2":"type-product","3":"status-publish","4":"has-post-thumbnail","6":"product_cat-gozluk","7":"product_cat-yeni-gelenler","9":"first","10":"instock","11":"sale","12":"shipping-taxable","13":"purchasable","14":"product-type-simple"},"jetpack_sharing_enabled":true,"_links":{"self":[{"href":"https:\/\/www.europesstore.com\/en\/wp-json\/wp\/v2\/product\/15500","targetHints":{"allow":["GET"]}}],"collection":[{"href":"https:\/\/www.europesstore.com\/en\/wp-json\/wp\/v2\/product"}],"about":[{"href":"https:\/\/www.europesstore.com\/en\/wp-json\/wp\/v2\/types\/product"}],"replies":[{"embeddable":true,"href":"https:\/\/www.europesstore.com\/en\/wp-json\/wp\/v2\/comments?post=15500"}],"wp:featuredmedia":[{"embeddable":true,"href":"https:\/\/www.europesstore.com\/en\/wp-json\/wp\/v2\/media\/15569"}],"wp:attachment":[{"href":"https:\/\/www.europesstore.com\/en\/wp-json\/wp\/v2\/media?parent=15500"}],"wp:term":[{"taxonomy":"product_brand","embeddable":true,"href":"https:\/\/www.europesstore.com\/en\/wp-json\/wp\/v2\/product_brand?post=15500"},{"taxonomy":"product_cat","embeddable":true,"href":"https:\/\/www.europesstore.com\/en\/wp-json\/wp\/v2\/product_cat?post=15500"},{"taxonomy":"product_tag","embeddable":true,"href":"https:\/\/www.europesstore.com\/en\/wp-json\/wp\/v2\/product_tag?post=15500"}],"curies":[{"name":"wp","href":"https:\/\/api.w.org\/{rel}","templated":true}]}}