{"id":15514,"date":"2025-12-31T15:47:39","date_gmt":"2025-12-31T15:47:39","guid":{"rendered":"https:\/\/www.europesstore.com\/?post_type=product&#038;p=15514"},"modified":"2025-12-31T15:49:09","modified_gmt":"2025-12-31T15:49:09","slug":"versace-gozluk-havana-sefaf-gunes-gozlugu-siyah","status":"publish","type":"product","link":"https:\/\/www.europesstore.com\/en\/product\/versace-gozluk-havana-sefaf-gunes-gozlugu-siyah\/","title":{"rendered":"Versace G\u00f6zl\u00fck Havana \u015eefaf G\u00fcne\u015f G\u00f6zl\u00fc\u011f\u00fc &#8211; Siyah"},"content":{"rendered":"<p data-start=\"155\" data-end=\"398\"><strong data-start=\"191\" data-end=\"229\">Versace Havana \u015eeffaf \u00a0Ta\u015fl\u0131 G\u00f6zl\u00fck<\/strong>, modern \u015feffaf \u00e7er\u00e7evesi ve k\u00f6\u015fe k\u0131sm\u0131nda yer alan zarif ta\u015f detaylar\u0131yla sofistike bir g\u00f6r\u00fcn\u00fcm sunar. Hem g\u00fcnl\u00fck kombinlerde hem de \u00f6zel anlarda stilinizi \u00f6ne \u00e7\u0131kar\u0131r.<\/p>\n<p data-start=\"400\" data-end=\"425\"><strong data-start=\"400\" data-end=\"425\">\u00d6ne \u00c7\u0131kan \u00d6zellikler:<\/strong><\/p>\n<ul data-start=\"426\" data-end=\"661\">\n<li data-start=\"426\" data-end=\"462\">\n<p data-start=\"428\" data-end=\"462\">\u015eeffaf ve hafif \u00e7er\u00e7eve tasar\u0131m\u0131<\/p>\n<\/li>\n<li data-start=\"463\" data-end=\"511\">\n<p data-start=\"465\" data-end=\"511\">K\u00f6\u015fe k\u0131s\u0131mlarda dikkat \u00e7ekici ta\u015f s\u00fcslemeler<\/p>\n<\/li>\n<li data-start=\"512\" data-end=\"561\">\n<p data-start=\"514\" data-end=\"561\">Versace logosu ile tamamlanan ikonik detaylar<\/p>\n<\/li>\n<li data-start=\"562\" data-end=\"606\">\n<p data-start=\"564\" data-end=\"606\">Modern ve feminen stilin g\u00fc\u00e7l\u00fc yans\u0131mas\u0131<\/p>\n<\/li>\n<li data-start=\"607\" data-end=\"661\">\n<p data-start=\"609\" data-end=\"661\">G\u00fcnl\u00fck \u015f\u0131kl\u0131k ve \u00f6zel g\u00fcnler i\u00e7in ideal bir aksesuar<\/p>\n<\/li>\n<\/ul>","protected":false},"excerpt":{"rendered":"<p>Versace Havana \u015eeffaf \u00a0Ta\u015fl\u0131 G\u00f6zl\u00fck, modern \u015feffaf \u00e7er\u00e7evesi ve k\u00f6\u015fe k\u0131sm\u0131nda yer alan zarif ta\u015f detaylar\u0131yla sofistike bir g\u00f6r\u00fcn\u00fcm sunar. Hem g\u00fcnl\u00fck kombinlerde hem de \u00f6zel anlarda stilinizi \u00f6ne \u00e7\u0131kar\u0131r. \u00d6ne \u00c7\u0131kan \u00d6zellikler: \u015eeffaf ve hafif \u00e7er\u00e7eve tasar\u0131m\u0131 K\u00f6\u015fe k\u0131s\u0131mlarda dikkat \u00e7ekici ta\u015f s\u00fcslemeler Versace logosu ile tamamlanan ikonik detaylar Modern ve feminen stilin g\u00fc\u00e7l\u00fc [&hellip;]<\/p>","protected":false},"featured_media":15574,"comment_status":"open","ping_status":"closed","template":"","meta":[],"product_brand":[],"product_cat":[950,964],"product_tag":[],"class_list":{"0":"post-15514","1":"product","2":"type-product","3":"status-publish","4":"has-post-thumbnail","6":"product_cat-gozluk","7":"product_cat-yeni-gelenler","9":"first","10":"instock","11":"sale","12":"shipping-taxable","13":"purchasable","14":"product-type-simple"},"jetpack_sharing_enabled":true,"_links":{"self":[{"href":"https:\/\/www.europesstore.com\/en\/wp-json\/wp\/v2\/product\/15514","targetHints":{"allow":["GET"]}}],"collection":[{"href":"https:\/\/www.europesstore.com\/en\/wp-json\/wp\/v2\/product"}],"about":[{"href":"https:\/\/www.europesstore.com\/en\/wp-json\/wp\/v2\/types\/product"}],"replies":[{"embeddable":true,"href":"https:\/\/www.europesstore.com\/en\/wp-json\/wp\/v2\/comments?post=15514"}],"wp:featuredmedia":[{"embeddable":true,"href":"https:\/\/www.europesstore.com\/en\/wp-json\/wp\/v2\/media\/15574"}],"wp:attachment":[{"href":"https:\/\/www.europesstore.com\/en\/wp-json\/wp\/v2\/media?parent=15514"}],"wp:term":[{"taxonomy":"product_brand","embeddable":true,"href":"https:\/\/www.europesstore.com\/en\/wp-json\/wp\/v2\/product_brand?post=15514"},{"taxonomy":"product_cat","embeddable":true,"href":"https:\/\/www.europesstore.com\/en\/wp-json\/wp\/v2\/product_cat?post=15514"},{"taxonomy":"product_tag","embeddable":true,"href":"https:\/\/www.europesstore.com\/en\/wp-json\/wp\/v2\/product_tag?post=15514"}],"curies":[{"name":"wp","href":"https:\/\/api.w.org\/{rel}","templated":true}]}}