{"id":15515,"date":"2025-12-31T15:47:39","date_gmt":"2025-12-31T15:47:39","guid":{"rendered":"https:\/\/www.europesstore.com\/?post_type=product&#038;p=15515"},"modified":"2025-12-31T15:49:12","modified_gmt":"2025-12-31T15:49:12","slug":"fendi-tasarim-daimond-gunes-gozlugu-kahve","status":"publish","type":"product","link":"https:\/\/www.europesstore.com\/en\/product\/fendi-tasarim-daimond-gunes-gozlugu-kahve\/","title":{"rendered":"Fendi Tasar\u0131m Daimond G\u00fcne\u015f G\u00f6zl\u00fc\u011f\u00fc &#8211; Kahve"},"content":{"rendered":"<p>Zamans\u0131z bir zarafet ve son derece dikkat \u00e7ekici detaylarla tasarlanm\u0131\u015f <strong data-start=\"72\" data-end=\"103\">Fendi Diamond G\u00fcne\u015f G\u00f6zl\u00fc\u011f\u00fc<\/strong>, g\u00fcnl\u00fck \u015f\u0131kl\u0131ktan l\u00fcks ak\u015fam kombinlerine kadar her stile g\u00fc\u00e7 katar. \u0130talya\u2019da \u00fcretilen bu \u00e7arp\u0131c\u0131 aksesuar, Fendi&#8217;nin sofistike ruhunu yans\u0131t\u0131r.<\/p>\n<ul data-start=\"159\" data-end=\"956\">\n<li data-start=\"159\" data-end=\"306\">\n<p data-start=\"161\" data-end=\"306\"><strong data-start=\"161\" data-end=\"190\">Ta\u015f Detayl\u0131 L\u00fcks Tasar\u0131m:<\/strong> \u00c7er\u00e7eve veya sap k\u00f6\u015felerinde yer alan zarif ta\u015f s\u00fcslemeler, g\u00f6zl\u00fc\u011fe \u0131\u015f\u0131lt\u0131l\u0131 ve sofistike bir g\u00f6r\u00fcn\u00fcm kazand\u0131r\u0131r.<\/p>\n<\/li>\n<li data-start=\"307\" data-end=\"405\">\n<p data-start=\"309\" data-end=\"405\"><strong data-start=\"309\" data-end=\"333\">\u0130konik Fendi Logosu:<\/strong> FF monogram veya metal logo detaylar\u0131, markan\u0131n zarif imzas\u0131n\u0131 ta\u015f\u0131r.<\/p>\n<\/li>\n<li data-start=\"406\" data-end=\"514\">\n<p data-start=\"408\" data-end=\"514\"><strong data-start=\"408\" data-end=\"443\">Y\u00fcksek Kaliteli Asetat \u00c7er\u00e7eve:<\/strong> Hafif, esnek ve dayan\u0131kl\u0131 yap\u0131; konforlu uzun s\u00fcreli kullan\u0131m sunar.<\/p>\n<\/li>\n<li data-start=\"633\" data-end=\"721\">\n<p data-start=\"635\" data-end=\"721\"><strong data-start=\"635\" data-end=\"656\">\u0130talyan \u0130\u015f\u00e7ili\u011fi:<\/strong> Fendi\u2019nin estetik anlay\u0131\u015f\u0131n\u0131 yans\u0131tan premium \u00fcretim kalitesi.<\/p>\n<\/li>\n<li data-start=\"722\" data-end=\"837\">\n<p data-start=\"724\" data-end=\"837\"><strong data-start=\"724\" data-end=\"759\">G\u00fcnl\u00fck ve \u00d6zel Kullan\u0131ma Uygun:<\/strong> Hem g\u00fcnl\u00fck kombinlerde hem de \u00f6zel davetlerde rahatl\u0131kla tercih edilebilir.<\/p>\n<\/li>\n<\/ul>","protected":false},"excerpt":{"rendered":"<p>Zamans\u0131z bir zarafet ve son derece dikkat \u00e7ekici detaylarla tasarlanm\u0131\u015f Fendi Diamond G\u00fcne\u015f G\u00f6zl\u00fc\u011f\u00fc, g\u00fcnl\u00fck \u015f\u0131kl\u0131ktan l\u00fcks ak\u015fam kombinlerine kadar her stile g\u00fc\u00e7 katar. \u0130talya\u2019da \u00fcretilen bu \u00e7arp\u0131c\u0131 aksesuar, Fendi&#8217;nin sofistike ruhunu yans\u0131t\u0131r. Ta\u015f Detayl\u0131 L\u00fcks Tasar\u0131m: \u00c7er\u00e7eve veya sap k\u00f6\u015felerinde yer alan zarif ta\u015f s\u00fcslemeler, g\u00f6zl\u00fc\u011fe \u0131\u015f\u0131lt\u0131l\u0131 ve sofistike bir g\u00f6r\u00fcn\u00fcm kazand\u0131r\u0131r. \u0130konik Fendi [&hellip;]<\/p>","protected":false},"featured_media":15575,"comment_status":"open","ping_status":"closed","template":"","meta":[],"product_brand":[],"product_cat":[950,964],"product_tag":[],"class_list":{"0":"post-15515","1":"product","2":"type-product","3":"status-publish","4":"has-post-thumbnail","6":"product_cat-gozluk","7":"product_cat-yeni-gelenler","9":"first","10":"instock","11":"sale","12":"shipping-taxable","13":"purchasable","14":"product-type-simple"},"jetpack_sharing_enabled":true,"_links":{"self":[{"href":"https:\/\/www.europesstore.com\/en\/wp-json\/wp\/v2\/product\/15515","targetHints":{"allow":["GET"]}}],"collection":[{"href":"https:\/\/www.europesstore.com\/en\/wp-json\/wp\/v2\/product"}],"about":[{"href":"https:\/\/www.europesstore.com\/en\/wp-json\/wp\/v2\/types\/product"}],"replies":[{"embeddable":true,"href":"https:\/\/www.europesstore.com\/en\/wp-json\/wp\/v2\/comments?post=15515"}],"wp:featuredmedia":[{"embeddable":true,"href":"https:\/\/www.europesstore.com\/en\/wp-json\/wp\/v2\/media\/15575"}],"wp:attachment":[{"href":"https:\/\/www.europesstore.com\/en\/wp-json\/wp\/v2\/media?parent=15515"}],"wp:term":[{"taxonomy":"product_brand","embeddable":true,"href":"https:\/\/www.europesstore.com\/en\/wp-json\/wp\/v2\/product_brand?post=15515"},{"taxonomy":"product_cat","embeddable":true,"href":"https:\/\/www.europesstore.com\/en\/wp-json\/wp\/v2\/product_cat?post=15515"},{"taxonomy":"product_tag","embeddable":true,"href":"https:\/\/www.europesstore.com\/en\/wp-json\/wp\/v2\/product_tag?post=15515"}],"curies":[{"name":"wp","href":"https:\/\/api.w.org\/{rel}","templated":true}]}}