{"id":15519,"date":"2025-12-31T15:47:40","date_gmt":"2025-12-31T15:47:40","guid":{"rendered":"https:\/\/www.europesstore.com\/?post_type=product&#038;p=15519"},"modified":"2025-12-31T15:49:29","modified_gmt":"2025-12-31T15:49:29","slug":"prada-kate-spade-cerceve-gunes-gozlugu-leopar","status":"publish","type":"product","link":"https:\/\/www.europesstore.com\/en\/product\/prada-kate-spade-cerceve-gunes-gozlugu-leopar\/","title":{"rendered":"Prada Kate Spade \u00c7er\u00e7eve G\u00fcne\u015f G\u00f6zl\u00fc\u011f\u00fc &#8211; Leopar"},"content":{"rendered":"<p data-start=\"144\" data-end=\"408\">\u0130ki g\u00fc\u00e7l\u00fc markan\u0131n birle\u015fiminden do\u011fan sofistike \u015f\u0131kl\u0131k!<br \/>\n<strong data-start=\"203\" data-end=\"239\">Prada x Kate Spade G\u00fcne\u015f G\u00f6zl\u00fc\u011f\u00fc<\/strong>, Prada\u2019n\u0131n \u00e7evik ve stil sahibi duru\u015funu, Kate Spade\u2019in ne\u015feli ve zarif detaylar\u0131yla harmanl\u0131yor. Modern formda g\u00fc\u00e7l\u00fc estetik arayanlar i\u00e7in dikkat \u00e7ekici bir aksesuar.<\/p>\n<p data-start=\"410\" data-end=\"438\"><strong data-start=\"410\" data-end=\"438\">&#x1f539; \u00d6ne \u00c7\u0131kan \u00d6zellikler:<\/strong><\/p>\n<ul data-start=\"439\" data-end=\"844\">\n<li data-start=\"439\" data-end=\"505\">\n<p data-start=\"441\" data-end=\"505\">Kal\u0131n ve dayan\u0131kl\u0131 <strong data-start=\"460\" data-end=\"478\">asetat \u00e7er\u00e7eve<\/strong>, dikkat \u00e7ekici ama hafif<\/p>\n<\/li>\n<li data-start=\"506\" data-end=\"605\">\n<p data-start=\"508\" data-end=\"605\">Yan saplarda Prada&#8217;n\u0131n tasar\u0131m imzas\u0131 ile Kate Spade\u2019in renkli veya kristal simgeleri bir arada<\/p>\n<\/li>\n<li data-start=\"606\" data-end=\"677\">\n<p data-start=\"608\" data-end=\"677\"><strong data-start=\"608\" data-end=\"649\">Ergonomik burun k\u00f6pr\u00fcs\u00fc ve sap yap\u0131s\u0131<\/strong>, uzun s\u00fcreli konfor sunar<\/p>\n<\/li>\n<li data-start=\"752\" data-end=\"844\">\n<p data-start=\"754\" data-end=\"844\">Kare ve oval gibi <strong data-start=\"772\" data-end=\"797\">k\u00fclt form se\u00e7enekleri<\/strong>, unisex veya kad\u0131nlara \u00f6zel kombinlere uygun<\/p>\n<\/li>\n<\/ul>","protected":false},"excerpt":{"rendered":"<p>\u0130ki g\u00fc\u00e7l\u00fc markan\u0131n birle\u015fiminden do\u011fan sofistike \u015f\u0131kl\u0131k! Prada x Kate Spade G\u00fcne\u015f G\u00f6zl\u00fc\u011f\u00fc, Prada\u2019n\u0131n \u00e7evik ve stil sahibi duru\u015funu, Kate Spade\u2019in ne\u015feli ve zarif detaylar\u0131yla harmanl\u0131yor. Modern formda g\u00fc\u00e7l\u00fc estetik arayanlar i\u00e7in dikkat \u00e7ekici bir aksesuar. &#x1f539; \u00d6ne \u00c7\u0131kan \u00d6zellikler: Kal\u0131n ve dayan\u0131kl\u0131 asetat \u00e7er\u00e7eve, dikkat \u00e7ekici ama hafif Yan saplarda Prada&#8217;n\u0131n tasar\u0131m imzas\u0131 ile [&hellip;]<\/p>","protected":false},"featured_media":15588,"comment_status":"open","ping_status":"closed","template":"","meta":[],"product_brand":[],"product_cat":[950,964],"product_tag":[],"class_list":{"0":"post-15519","1":"product","2":"type-product","3":"status-publish","4":"has-post-thumbnail","6":"product_cat-gozluk","7":"product_cat-yeni-gelenler","9":"first","10":"instock","11":"sale","12":"shipping-taxable","13":"purchasable","14":"product-type-simple"},"jetpack_sharing_enabled":true,"_links":{"self":[{"href":"https:\/\/www.europesstore.com\/en\/wp-json\/wp\/v2\/product\/15519","targetHints":{"allow":["GET"]}}],"collection":[{"href":"https:\/\/www.europesstore.com\/en\/wp-json\/wp\/v2\/product"}],"about":[{"href":"https:\/\/www.europesstore.com\/en\/wp-json\/wp\/v2\/types\/product"}],"replies":[{"embeddable":true,"href":"https:\/\/www.europesstore.com\/en\/wp-json\/wp\/v2\/comments?post=15519"}],"wp:featuredmedia":[{"embeddable":true,"href":"https:\/\/www.europesstore.com\/en\/wp-json\/wp\/v2\/media\/15588"}],"wp:attachment":[{"href":"https:\/\/www.europesstore.com\/en\/wp-json\/wp\/v2\/media?parent=15519"}],"wp:term":[{"taxonomy":"product_brand","embeddable":true,"href":"https:\/\/www.europesstore.com\/en\/wp-json\/wp\/v2\/product_brand?post=15519"},{"taxonomy":"product_cat","embeddable":true,"href":"https:\/\/www.europesstore.com\/en\/wp-json\/wp\/v2\/product_cat?post=15519"},{"taxonomy":"product_tag","embeddable":true,"href":"https:\/\/www.europesstore.com\/en\/wp-json\/wp\/v2\/product_tag?post=15519"}],"curies":[{"name":"wp","href":"https:\/\/api.w.org\/{rel}","templated":true}]}}