{"id":15546,"date":"2025-12-31T15:48:28","date_gmt":"2025-12-31T15:48:28","guid":{"rendered":"https:\/\/www.europesstore.com\/?post_type=product&#038;p=15546"},"modified":"2025-12-31T15:49:58","modified_gmt":"2025-12-31T15:49:58","slug":"prada-rachel-paris-gunes-gozlugu-beyaz","status":"publish","type":"product","link":"https:\/\/www.europesstore.com\/en\/product\/prada-rachel-paris-gunes-gozlugu-beyaz\/","title":{"rendered":"Prada Rachel Paris G\u00fcne\u015f G\u00f6zl\u00fc\u011f\u00fc &#8211; Beyaz"},"content":{"rendered":"<p data-start=\"128\" data-end=\"370\"><span class=\"relative -mx-px my-[-0.2rem] rounded px-px py-[0.2rem] transition-colors duration-100 ease-in-out\">Feminen \u00e7izgiye modern dokunu\u015flar:<\/span><br \/><strong data-start=\"168\" data-end=\"204\">Prada Rachel Paris G\u00fcne\u015f G\u00f6zl\u00fc\u011f\u00fc<\/strong>, zarif ve g\u00fc\u00e7l\u00fc bir g\u00f6r\u00fcn\u00fcm arayanlar i\u00e7in tasarlanm\u0131\u015f. \u0130nce detaylarla sofistike esteti\u011fi birle\u015ftiren bu model, Prada\u2019ya \u00f6zg\u00fc \u015f\u0131kl\u0131\u011f\u0131 Paris esintisiyle harmanl\u0131yor.<\/p>\n<p data-start=\"372\" data-end=\"400\"><strong data-start=\"372\" data-end=\"400\">&#x1f539; \u00d6ne \u00c7\u0131kan \u00d6zellikler:<\/strong><\/p>\n<ul data-start=\"401\" data-end=\"728\">\n<li data-start=\"401\" data-end=\"442\">\n<p data-start=\"403\" data-end=\"442\"><span class=\"relative -mx-px my-[-0.2rem] rounded px-px py-[0.2rem] transition-colors duration-100 ease-in-out\"><strong data-start=\"0\" data-end=\"34\" data-is-only-node=\"\">\u0130nce metal veya asetat \u00e7er\u00e7eve<\/strong> se\u00e7enekleriyle hem \u015f\u0131k hem hafif kullan\u0131m<\/span><\/p>\n<\/li>\n<li data-start=\"443\" data-end=\"484\">\n<p data-start=\"445\" data-end=\"484\"><span class=\"relative -mx-px my-[-0.2rem] rounded px-px py-[0.2rem] transition-colors duration-100 ease-in-out\">\u00c7e\u015fitli renk kombinasyonlar\u0131: klasik siyah, ye\u015fil degrade, transparan tonlar ve metalik \u00e7er\u00e7eveler<\/span><\/p>\n<\/li>\n<li data-start=\"485\" data-end=\"526\">\n<p data-start=\"487\" data-end=\"526\"><span class=\"relative -mx-px my-[-0.2rem] rounded px-px py-[0.2rem] transition-colors duration-100 ease-in-out\"><strong data-start=\"0\" data-end=\"16\" data-is-only-node=\"\">Prada logosu<\/strong>, yan saplarda veya cam k\u00f6\u015felerinde zarif hatlarla sunulur<\/span><\/p>\n<\/li>\n<li data-start=\"527\" data-end=\"568\">\n<p data-start=\"529\" data-end=\"568\"><span class=\"relative -mx-px my-[-0.2rem] rounded px-px py-[0.2rem] transition-colors duration-100 ease-in-out\"><strong data-start=\"0\" data-end=\"41\" data-is-only-node=\"\">Ergonomik burun k\u00f6pr\u00fcs\u00fc ve sap yap\u0131s\u0131<\/strong>, uzun s\u00fcreli kullan\u0131mda dahi konfor sa\u011flar<\/span><\/p>\n<\/li>\n<\/ul>","protected":false},"excerpt":{"rendered":"<p>Feminen \u00e7izgiye modern dokunu\u015flar:Prada Rachel Paris G\u00fcne\u015f G\u00f6zl\u00fc\u011f\u00fc, zarif ve g\u00fc\u00e7l\u00fc bir g\u00f6r\u00fcn\u00fcm arayanlar i\u00e7in tasarlanm\u0131\u015f. \u0130nce detaylarla sofistike esteti\u011fi birle\u015ftiren bu model, Prada\u2019ya \u00f6zg\u00fc \u015f\u0131kl\u0131\u011f\u0131 Paris esintisiyle harmanl\u0131yor. &#x1f539; \u00d6ne \u00c7\u0131kan \u00d6zellikler: \u0130nce metal veya asetat \u00e7er\u00e7eve se\u00e7enekleriyle hem \u015f\u0131k hem hafif kullan\u0131m \u00c7e\u015fitli renk kombinasyonlar\u0131: klasik siyah, ye\u015fil degrade, transparan tonlar ve metalik [&hellip;]<\/p>","protected":false},"featured_media":15608,"comment_status":"open","ping_status":"closed","template":"","meta":[],"product_brand":[],"product_cat":[950,964],"product_tag":[],"class_list":{"0":"post-15546","1":"product","2":"type-product","3":"status-publish","4":"has-post-thumbnail","6":"product_cat-gozluk","7":"product_cat-yeni-gelenler","9":"first","10":"onbackorder","11":"sale","12":"shipping-taxable","13":"purchasable","14":"product-type-simple"},"jetpack_sharing_enabled":true,"_links":{"self":[{"href":"https:\/\/www.europesstore.com\/en\/wp-json\/wp\/v2\/product\/15546","targetHints":{"allow":["GET"]}}],"collection":[{"href":"https:\/\/www.europesstore.com\/en\/wp-json\/wp\/v2\/product"}],"about":[{"href":"https:\/\/www.europesstore.com\/en\/wp-json\/wp\/v2\/types\/product"}],"replies":[{"embeddable":true,"href":"https:\/\/www.europesstore.com\/en\/wp-json\/wp\/v2\/comments?post=15546"}],"wp:featuredmedia":[{"embeddable":true,"href":"https:\/\/www.europesstore.com\/en\/wp-json\/wp\/v2\/media\/15608"}],"wp:attachment":[{"href":"https:\/\/www.europesstore.com\/en\/wp-json\/wp\/v2\/media?parent=15546"}],"wp:term":[{"taxonomy":"product_brand","embeddable":true,"href":"https:\/\/www.europesstore.com\/en\/wp-json\/wp\/v2\/product_brand?post=15546"},{"taxonomy":"product_cat","embeddable":true,"href":"https:\/\/www.europesstore.com\/en\/wp-json\/wp\/v2\/product_cat?post=15546"},{"taxonomy":"product_tag","embeddable":true,"href":"https:\/\/www.europesstore.com\/en\/wp-json\/wp\/v2\/product_tag?post=15546"}],"curies":[{"name":"wp","href":"https:\/\/api.w.org\/{rel}","templated":true}]}}